{"id":1001,"date":"2024-10-27T13:48:15","date_gmt":"2024-10-27T13:48:15","guid":{"rendered":"https:\/\/ninecasinoplay.com\/contact\/"},"modified":"2026-02-02T10:27:12","modified_gmt":"2026-02-02T10:27:12","slug":"kontakt","status":"publish","type":"page","link":"https:\/\/ringospincasino.org\/de\/kontakt\/","title":{"rendered":"Kontakt"},"content":{"rendered":"<h1>Kontaktieren Sie uns<\/h1>\n\n<div class=\"wpcf7 no-js\" id=\"wpcf7-f318-o1\" lang=\"de-DE\" dir=\"ltr\" data-wpcf7-id=\"318\">\n<div class=\"screen-reader-response\"><p role=\"status\" aria-live=\"polite\" aria-atomic=\"true\"><\/p> <ul><\/ul><\/div>\n<form action=\"\/de\/wp-json\/wp\/v2\/pages\/1001#wpcf7-f318-o1\" method=\"post\" class=\"wpcf7-form init\" aria-label=\"Kontaktformular\" novalidate=\"novalidate\" data-status=\"init\">\n<div style=\"display: none;\">\n<input type=\"hidden\" name=\"_wpcf7\" value=\"318\" \/>\n<input type=\"hidden\" name=\"_wpcf7_version\" value=\"6.0.4\" \/>\n<input type=\"hidden\" name=\"_wpcf7_locale\" value=\"de_DE\" \/>\n<input type=\"hidden\" name=\"_wpcf7_unit_tag\" value=\"wpcf7-f318-o1\" \/>\n<input type=\"hidden\" name=\"_wpcf7_container_post\" value=\"0\" \/>\n<input type=\"hidden\" name=\"_wpcf7_posted_data_hash\" value=\"\" \/>\n<\/div>\n<label> Ihr Name\n    <input size=\"40\" maxlength=\"400\" class=\"wpcf7-form-control wpcf7-text wpcf7-validates-as-required\" autocomplete=\"name\" aria-required=\"true\" aria-invalid=\"false\" value=\"\" type=\"text\" name=\"your-name\" \/> \n<\/label>\n\n<label> E-Mail\n    <input size=\"40\" maxlength=\"400\" class=\"wpcf7-form-control wpcf7-email wpcf7-validates-as-required wpcf7-text wpcf7-validates-as-email\" autocomplete=\"email\" aria-required=\"true\" aria-invalid=\"false\" value=\"\" type=\"email\" name=\"your-email\" \/> \n<\/label>\n\n<label> Ihre Nachricht\n    <textarea cols=\"40\" rows=\"10\" maxlength=\"2000\" class=\"wpcf7-form-control wpcf7-textarea\" aria-invalid=\"false\" name=\"your-message\"><\/textarea> \n<\/label>\n\n<input class=\"wpcf7-form-control wpcf7-submit has-spinner btn btn-orange rounded-pill btn-zoomin px-4 fw-bold\" type=\"submit\" value=\"Senden Sie\" \/><div class=\"wpcf7-response-output\" aria-hidden=\"true\"><\/div>\n<\/form>\n<\/div>\n\n","protected":false},"excerpt":{"rendered":"<p>Kontaktieren Sie uns<\/p>\n","protected":false},"author":1,"featured_media":0,"parent":0,"menu_order":0,"comment_status":"closed","ping_status":"closed","template":"template-builder.php","meta":{"_acf_changed":false,"inline_featured_image":false,"footnotes":""},"class_list":["post-1001","page","type-page","status-publish","hentry"],"acf":[],"yoast_head":"<!-- This site is optimized with the Yoast SEO plugin v24.4 - https:\/\/yoast.com\/wordpress\/plugins\/seo\/ -->\n<title>Kontaktieren Sie uns<\/title>\n<meta name=\"description\" content=\"Kontaktieren Sie uns bei Fragen oder f\u00fcr Unterst\u00fctzung. F\u00fcllen Sie das Formular aus und unser Support-Team wird sich umgehend mit Ihnen in Verbindung setzen, um Ihre Fragen zu beantworten.\" \/>\n<meta name=\"robots\" content=\"index, follow, max-snippet:-1, max-image-preview:large, max-video-preview:-1\" \/>\n<link rel=\"canonical\" href=\"https:\/\/ringospincasino.org\/de\/kontakt\/\" \/>\n<meta property=\"og:locale\" content=\"de_DE\" \/>\n<meta property=\"og:type\" content=\"article\" \/>\n<meta property=\"og:title\" content=\"Kontaktieren Sie uns\" \/>\n<meta property=\"og:description\" content=\"Kontaktieren Sie uns bei Fragen oder f\u00fcr Unterst\u00fctzung. F\u00fcllen Sie das Formular aus und unser Support-Team wird sich umgehend mit Ihnen in Verbindung setzen, um Ihre Fragen zu beantworten.\" \/>\n<meta property=\"og:url\" content=\"https:\/\/ringospincasino.org\/de\/kontakt\/\" \/>\n<meta property=\"og:site_name\" content=\"ringospin\" \/>\n<meta property=\"article:modified_time\" content=\"2026-02-02T10:27:12+00:00\" \/>\n<meta name=\"twitter:card\" content=\"summary_large_image\" \/>\n<meta name=\"twitter:label1\" content=\"Gesch\u00e4tzte Lesezeit\" \/>\n\t<meta name=\"twitter:data1\" content=\"1\u00a0Minute\" \/>\n<script type=\"application\/ld+json\" class=\"yoast-schema-graph\">{\"@context\":\"https:\/\/schema.org\",\"@graph\":[{\"@type\":\"WebPage\",\"@id\":\"https:\/\/ringospincasino.org\/de\/kontakt\/\",\"url\":\"https:\/\/ringospincasino.org\/de\/kontakt\/\",\"name\":\"Kontaktieren Sie uns\",\"isPartOf\":{\"@id\":\"https:\/\/ringospincasino.org\/de\/#website\"},\"datePublished\":\"2024-10-27T13:48:15+00:00\",\"dateModified\":\"2026-02-02T10:27:12+00:00\",\"description\":\"Kontaktieren Sie uns bei Fragen oder f\u00fcr Unterst\u00fctzung. F\u00fcllen Sie das Formular aus und unser Support-Team wird sich umgehend mit Ihnen in Verbindung setzen, um Ihre Fragen zu beantworten.\",\"breadcrumb\":{\"@id\":\"https:\/\/ringospincasino.org\/de\/kontakt\/#breadcrumb\"},\"inLanguage\":\"de\",\"potentialAction\":[{\"@type\":\"ReadAction\",\"target\":[\"https:\/\/ringospincasino.org\/de\/kontakt\/\"]}]},{\"@type\":\"BreadcrumbList\",\"@id\":\"https:\/\/ringospincasino.org\/de\/kontakt\/#breadcrumb\",\"itemListElement\":[{\"@type\":\"ListItem\",\"position\":1,\"name\":\"Ringospin\",\"item\":\"https:\/\/ringospincasino.org\/de\/\"},{\"@type\":\"ListItem\",\"position\":2,\"name\":\"Kontakt\"}]},{\"@type\":\"WebSite\",\"@id\":\"https:\/\/ringospincasino.org\/de\/#website\",\"url\":\"https:\/\/ringospincasino.org\/de\/\",\"name\":\"Ringospin\",\"description\":\"\",\"publisher\":{\"@id\":\"https:\/\/ringospincasino.org\/de\/#organization\"},\"potentialAction\":[{\"@type\":\"SearchAction\",\"target\":{\"@type\":\"EntryPoint\",\"urlTemplate\":\"https:\/\/ringospincasino.org\/de\/?s={search_term_string}\"},\"query-input\":{\"@type\":\"PropertyValueSpecification\",\"valueRequired\":true,\"valueName\":\"search_term_string\"}}],\"inLanguage\":\"de\"},{\"@type\":\"Organization\",\"@id\":\"https:\/\/ringospincasino.org\/de\/#organization\",\"name\":\"Ringospin\",\"url\":\"https:\/\/ringospincasino.org\/de\/\",\"logo\":{\"@type\":\"ImageObject\",\"inLanguage\":\"de\",\"@id\":\"https:\/\/ringospincasino.org\/de\/#\/schema\/logo\/image\/\",\"url\":\"https:\/\/ringospincasino.org\/wp-content\/uploads\/2026\/02\/logo-ringospin.svg\",\"contentUrl\":\"https:\/\/ringospincasino.org\/wp-content\/uploads\/2026\/02\/logo-ringospin.svg\",\"width\":139,\"height\":34,\"caption\":\"Ringospin\"},\"image\":{\"@id\":\"https:\/\/ringospincasino.org\/de\/#\/schema\/logo\/image\/\"}}]}<\/script>\n<!-- \/ Yoast SEO plugin. -->","yoast_head_json":{"title":"Kontaktieren Sie uns","description":"Kontaktieren Sie uns bei Fragen oder f\u00fcr Unterst\u00fctzung. F\u00fcllen Sie das Formular aus und unser Support-Team wird sich umgehend mit Ihnen in Verbindung setzen, um Ihre Fragen zu beantworten.","robots":{"index":"index","follow":"follow","max-snippet":"max-snippet:-1","max-image-preview":"max-image-preview:large","max-video-preview":"max-video-preview:-1"},"canonical":"https:\/\/ringospincasino.org\/de\/kontakt\/","og_locale":"de_DE","og_type":"article","og_title":"Kontaktieren Sie uns","og_description":"Kontaktieren Sie uns bei Fragen oder f\u00fcr Unterst\u00fctzung. F\u00fcllen Sie das Formular aus und unser Support-Team wird sich umgehend mit Ihnen in Verbindung setzen, um Ihre Fragen zu beantworten.","og_url":"https:\/\/ringospincasino.org\/de\/kontakt\/","og_site_name":"ringospin","article_modified_time":"2026-02-02T10:27:12+00:00","twitter_card":"summary_large_image","twitter_misc":{"Gesch\u00e4tzte Lesezeit":"1\u00a0Minute"},"schema":{"@context":"https:\/\/schema.org","@graph":[{"@type":"WebPage","@id":"https:\/\/ringospincasino.org\/de\/kontakt\/","url":"https:\/\/ringospincasino.org\/de\/kontakt\/","name":"Kontaktieren Sie uns","isPartOf":{"@id":"https:\/\/ringospincasino.org\/de\/#website"},"datePublished":"2024-10-27T13:48:15+00:00","dateModified":"2026-02-02T10:27:12+00:00","description":"Kontaktieren Sie uns bei Fragen oder f\u00fcr Unterst\u00fctzung. F\u00fcllen Sie das Formular aus und unser Support-Team wird sich umgehend mit Ihnen in Verbindung setzen, um Ihre Fragen zu beantworten.","breadcrumb":{"@id":"https:\/\/ringospincasino.org\/de\/kontakt\/#breadcrumb"},"inLanguage":"de","potentialAction":[{"@type":"ReadAction","target":["https:\/\/ringospincasino.org\/de\/kontakt\/"]}]},{"@type":"BreadcrumbList","@id":"https:\/\/ringospincasino.org\/de\/kontakt\/#breadcrumb","itemListElement":[{"@type":"ListItem","position":1,"name":"Ringospin","item":"https:\/\/ringospincasino.org\/de\/"},{"@type":"ListItem","position":2,"name":"Kontakt"}]},{"@type":"WebSite","@id":"https:\/\/ringospincasino.org\/de\/#website","url":"https:\/\/ringospincasino.org\/de\/","name":"Ringospin","description":"","publisher":{"@id":"https:\/\/ringospincasino.org\/de\/#organization"},"potentialAction":[{"@type":"SearchAction","target":{"@type":"EntryPoint","urlTemplate":"https:\/\/ringospincasino.org\/de\/?s={search_term_string}"},"query-input":{"@type":"PropertyValueSpecification","valueRequired":true,"valueName":"search_term_string"}}],"inLanguage":"de"},{"@type":"Organization","@id":"https:\/\/ringospincasino.org\/de\/#organization","name":"Ringospin","url":"https:\/\/ringospincasino.org\/de\/","logo":{"@type":"ImageObject","inLanguage":"de","@id":"https:\/\/ringospincasino.org\/de\/#\/schema\/logo\/image\/","url":"https:\/\/ringospincasino.org\/wp-content\/uploads\/2026\/02\/logo-ringospin.svg","contentUrl":"https:\/\/ringospincasino.org\/wp-content\/uploads\/2026\/02\/logo-ringospin.svg","width":139,"height":34,"caption":"Ringospin"},"image":{"@id":"https:\/\/ringospincasino.org\/de\/#\/schema\/logo\/image\/"}}]}},"_links":{"self":[{"href":"https:\/\/ringospincasino.org\/de\/wp-json\/wp\/v2\/pages\/1001"}],"collection":[{"href":"https:\/\/ringospincasino.org\/de\/wp-json\/wp\/v2\/pages"}],"about":[{"href":"https:\/\/ringospincasino.org\/de\/wp-json\/wp\/v2\/types\/page"}],"author":[{"embeddable":true,"href":"https:\/\/ringospincasino.org\/de\/wp-json\/wp\/v2\/users\/1"}],"replies":[{"embeddable":true,"href":"https:\/\/ringospincasino.org\/de\/wp-json\/wp\/v2\/comments?post=1001"}],"version-history":[{"count":4,"href":"https:\/\/ringospincasino.org\/de\/wp-json\/wp\/v2\/pages\/1001\/revisions"}],"predecessor-version":[{"id":1416,"href":"https:\/\/ringospincasino.org\/de\/wp-json\/wp\/v2\/pages\/1001\/revisions\/1416"}],"wp:attachment":[{"href":"https:\/\/ringospincasino.org\/de\/wp-json\/wp\/v2\/media?parent=1001"}],"curies":[{"name":"wp","href":"https:\/\/api.w.org\/{rel}","templated":true}]}}