{"id":1015,"date":"2024-10-27T11:38:29","date_gmt":"2024-10-27T11:38:29","guid":{"rendered":"https:\/\/ninecasinoplay.com\/privacy-policy\/"},"modified":"2026-02-02T10:25:53","modified_gmt":"2026-02-02T10:25:53","slug":"datenschutzerklaerung","status":"publish","type":"page","link":"https:\/\/ringospincasino.org\/de\/datenschutzerklaerung\/","title":{"rendered":"Datenschutzerkl\u00e4rung"},"content":{"rendered":"\r\n<h1 class=\"wp-block-heading\">Datenschutzerkl\u00e4rung<\/h1>\r\n<h2>Wer wir sind<\/h2>\r\n<p>Unsere Website-Adresse lautet: https:\/\/ringospincasino.org\/.<\/p>\r\n<h2>Kommentare<\/h2>\r\n<p>Wenn Besucher Kommentare auf der Seite hinterlassen, sammeln wir die in dem Kommentarfeld angegebenen Daten sowie die IP-Adresse des Besuchers und den User-Agent-String zur Unterst\u00fctzung der Spam-Erkennung.<\/p>\r\n<p>Ein anonymisierter String, der aus deiner E-Mail-Adresse erstellt wurde (auch als Hash bezeichnet), kann an den Gravatar-Dienst \u00fcbermittelt werden, um zu pr\u00fcfen, ob du diesen verwendest. Die Datenschutzerkl\u00e4rung von Gravatar ist hier verf\u00fcgbar: https:\/\/automattic.com\/privacy\/. Sobald dein Kommentar genehmigt wurde, wird dein Profilbild im Zusammenhang mit deinem Kommentar \u00f6ffentlich sichtbar.<\/p>\r\n<h2>Medien-Dateien<\/h2>\r\n<p>Wenn du Bilder auf der Seite hochl\u00e4dst, solltest du vermeiden, Bilder mit eingebetteten Standortdaten (EXIF GPS) hochzuladen. Besucher der Seite k\u00f6nnen die Standortdaten aus den Bildern auf der Seite herunterladen und extrahieren.<\/p>\r\n<h2>Cookies<\/h2>\r\n<p>Wenn du einen Kommentar auf unserer Seite hinterl\u00e4sst, kannst du ausw\u00e4hlen, deinen Namen, E-Mail-Adresse und Website in Cookies zu speichern. Dies dient deiner Bequemlichkeit, damit du deine Daten bei deinem n\u00e4chsten Kommentar nicht erneut eingeben musst. Diese Cookies bleiben 1 Jahr lang gespeichert.<\/p>\r\n<p>Wenn du ein Konto auf der Seite hast und dich einloggst, setzen wir ein tempor\u00e4res Cookie, um zu \u00fcberpr\u00fcfen, ob dein Browser Cookies unterst\u00fctzt. Das Cookie enth\u00e4lt keine pers\u00f6nlichen Daten und wird gel\u00f6scht, wenn du deinen Browser schlie\u00dft.<\/p>\r\n<p>Wenn du dich einloggst, setzen wir auch mehrere Cookies, um Informationen \u00fcber dein Login und deine Bildschirm-Einstellungen zu speichern. Login-Cookies bleiben 2 Tage lang gespeichert, und Cookies f\u00fcr Bildschirm-Einstellungen bleiben 1 Jahr lang gespeichert. Wenn du \u201eAngemeldet bleiben\u201c ausw\u00e4hlst, bleibt dein Login 2 Wochen lang bestehen. Wenn du dich aus deinem Konto abmeldest, werden die Login-Cookies gel\u00f6scht.<\/p>\r\n<p>Wenn du einen Artikel bearbeitest oder ver\u00f6ffentlichst, wird ein zus\u00e4tzliches Cookie in deinem Browser gespeichert. Dieses Cookie enth\u00e4lt keine pers\u00f6nlichen Daten und zeigt lediglich die ID des Artikels an, den du gerade bearbeitet hast. Es verf\u00e4llt nach 1 Tag.<\/p>\r\n<h2>Inhalte von anderen Websites eingebettet<\/h2>\r\n<p>Artikel auf dieser Seite k\u00f6nnen eingebettete Inhalte enthalten (z. B. Videos, Bilder, Artikel usw.). Eingebettete Inhalte von anderen Websites verhalten sich genau so, als ob der Benutzer die andere Website besucht h\u00e4tte.<\/p>\r\n<p>Diese Seiten k\u00f6nnen Daten \u00fcber dich sammeln, Cookies verwenden, Tracking-Anwendungen von Drittanbietern einbetten und deine Interaktionen mit diesem eingebetteten Inhalt verfolgen. Insbesondere k\u00f6nnen sie deine Interaktionen mit dem eingebetteten Inhalt verfolgen, wenn du ein Konto hast und bei dieser Website angemeldet bist.<\/p>\r\n<h2>Mit wem teilen wir deine Daten?<\/h2>\r\n<p>Wenn du eine Passwortzur\u00fccksetzung anforderst, wird deine IP-Adresse in der E-Mail zur Passwortzur\u00fccksetzung enthalten sein.<\/p>\r\n<h2>Wie lange speichern wir deine Daten?<\/h2>\r\n<p>Wenn du einen Kommentar hinterl\u00e4sst, werden der Kommentar und die dazugeh\u00f6rigen Metadaten unbegrenzt gespeichert. Dadurch k\u00f6nnen wir nachfolgende Kommentare automatisch erkennen und genehmigen, anstatt sie in einer Moderationswarteschlange zu halten.<\/p>\r\n<p>F\u00fcr Benutzer, die sich auf unserer Seite registrieren (falls vorhanden), speichern wir die pers\u00f6nlichen Informationen, die sie in ihrem Benutzerprofil angeben. Alle Benutzer k\u00f6nnen ihre pers\u00f6nlichen Informationen jederzeit einsehen, bearbeiten oder l\u00f6schen (au\u00dfer dass sie ihren Benutzernamen nicht \u00e4ndern k\u00f6nnen). Seitenadministratoren k\u00f6nnen diese Informationen ebenfalls einsehen und bearbeiten.<\/p>\r\n<h2>Welche Rechte hast du in Bezug auf deine Daten?<\/h2>\r\n<p>Wenn du ein Konto auf dieser Seite hast oder Kommentare hinterlassen hast, kannst du anfordern, eine exportierte Datei der pers\u00f6nlichen Daten zu erhalten, die wir \u00fcber dich gespeichert haben, einschlie\u00dflich aller Daten, die du uns bereitgestellt hast. Du kannst auch verlangen, dass wir alle pers\u00f6nlichen Daten, die wir \u00fcber dich gespeichert haben, l\u00f6schen. Dies gilt nicht f\u00fcr Daten, die wir aus administrativen, rechtlichen oder sicherheitsrelevanten Gr\u00fcnden aufbewahren m\u00fcssen.<\/p>\r\n<h2>Wo werden deine Daten hingeschickt?<\/h2>\r\n<p>Kommentare von Besuchern k\u00f6nnen durch einen automatisierten Spam-Erkennungsdienst \u00fcberpr\u00fcft werden.<\/p>\r\n","protected":false},"excerpt":{"rendered":"<p>Datenschutzerkl\u00e4rung Wer wir sind Unsere Website-Adresse lautet: https:\/\/ringospincasino.org\/. Kommentare Wenn Besucher Kommentare auf der Seite hinterlassen, sammeln wir die in dem Kommentarfeld angegebenen Daten sowie die IP-Adresse des Besuchers und den User-Agent-String zur Unterst\u00fctzung der Spam-Erkennung. Ein anonymisierter String, der aus deiner E-Mail-Adresse erstellt wurde (auch als Hash bezeichnet), kann an den Gravatar-Dienst \u00fcbermittelt werden, [&hellip;]<\/p>\n","protected":false},"author":1,"featured_media":0,"parent":0,"menu_order":0,"comment_status":"closed","ping_status":"open","template":"template-builder.php","meta":{"_acf_changed":false,"inline_featured_image":false,"footnotes":""},"class_list":["post-1015","page","type-page","status-publish","hentry"],"acf":[],"yoast_head":"<!-- This site is optimized with the Yoast SEO plugin v24.4 - https:\/\/yoast.com\/wordpress\/plugins\/seo\/ -->\n<title>Datenschutzerkl\u00e4rung<\/title>\n<meta name=\"description\" content=\"Entdecken Sie die Datenschutzrichtlinie: Wie Ihre personenbezogenen Daten erfasst, verwendet und gesch\u00fctzt werden, um ein sicheres Spielerlebnis zu gew\u00e4hrleisten.\" \/>\n<meta name=\"robots\" content=\"noindex, follow\" \/>\n<meta property=\"og:locale\" content=\"de_DE\" \/>\n<meta property=\"og:type\" content=\"article\" \/>\n<meta property=\"og:title\" content=\"Datenschutzerkl\u00e4rung\" \/>\n<meta property=\"og:description\" content=\"Entdecken Sie die Datenschutzrichtlinie: Wie Ihre personenbezogenen Daten erfasst, verwendet und gesch\u00fctzt werden, um ein sicheres Spielerlebnis zu gew\u00e4hrleisten.\" \/>\n<meta property=\"og:url\" content=\"https:\/\/ringospincasino.org\/de\/datenschutzerklaerung\/\" \/>\n<meta property=\"og:site_name\" content=\"ringospin\" \/>\n<meta property=\"article:modified_time\" content=\"2026-02-02T10:25:53+00:00\" \/>\n<meta name=\"twitter:card\" content=\"summary_large_image\" \/>\n<meta name=\"twitter:label1\" content=\"Gesch\u00e4tzte Lesezeit\" \/>\n\t<meta name=\"twitter:data1\" content=\"3\u00a0Minuten\" \/>\n<script type=\"application\/ld+json\" class=\"yoast-schema-graph\">{\"@context\":\"https:\/\/schema.org\",\"@graph\":[{\"@type\":\"WebPage\",\"@id\":\"https:\/\/ringospincasino.org\/de\/datenschutzerklaerung\/\",\"url\":\"https:\/\/ringospincasino.org\/de\/datenschutzerklaerung\/\",\"name\":\"Datenschutzerkl\u00e4rung\",\"isPartOf\":{\"@id\":\"https:\/\/ringospincasino.org\/de\/#website\"},\"datePublished\":\"2024-10-27T11:38:29+00:00\",\"dateModified\":\"2026-02-02T10:25:53+00:00\",\"description\":\"Entdecken Sie die Datenschutzrichtlinie: Wie Ihre personenbezogenen Daten erfasst, verwendet und gesch\u00fctzt werden, um ein sicheres Spielerlebnis zu gew\u00e4hrleisten.\",\"breadcrumb\":{\"@id\":\"https:\/\/ringospincasino.org\/de\/datenschutzerklaerung\/#breadcrumb\"},\"inLanguage\":\"de\",\"potentialAction\":[{\"@type\":\"ReadAction\",\"target\":[\"https:\/\/ringospincasino.org\/de\/datenschutzerklaerung\/\"]}]},{\"@type\":\"BreadcrumbList\",\"@id\":\"https:\/\/ringospincasino.org\/de\/datenschutzerklaerung\/#breadcrumb\",\"itemListElement\":[{\"@type\":\"ListItem\",\"position\":1,\"name\":\"Ringospin\",\"item\":\"https:\/\/ringospincasino.org\/de\/\"},{\"@type\":\"ListItem\",\"position\":2,\"name\":\"Datenschutzerkl\u00e4rung\"}]},{\"@type\":\"WebSite\",\"@id\":\"https:\/\/ringospincasino.org\/de\/#website\",\"url\":\"https:\/\/ringospincasino.org\/de\/\",\"name\":\"Ringospin\",\"description\":\"\",\"publisher\":{\"@id\":\"https:\/\/ringospincasino.org\/de\/#organization\"},\"potentialAction\":[{\"@type\":\"SearchAction\",\"target\":{\"@type\":\"EntryPoint\",\"urlTemplate\":\"https:\/\/ringospincasino.org\/de\/?s={search_term_string}\"},\"query-input\":{\"@type\":\"PropertyValueSpecification\",\"valueRequired\":true,\"valueName\":\"search_term_string\"}}],\"inLanguage\":\"de\"},{\"@type\":\"Organization\",\"@id\":\"https:\/\/ringospincasino.org\/de\/#organization\",\"name\":\"Ringospin\",\"url\":\"https:\/\/ringospincasino.org\/de\/\",\"logo\":{\"@type\":\"ImageObject\",\"inLanguage\":\"de\",\"@id\":\"https:\/\/ringospincasino.org\/de\/#\/schema\/logo\/image\/\",\"url\":\"https:\/\/ringospincasino.org\/wp-content\/uploads\/2026\/02\/logo-ringospin.svg\",\"contentUrl\":\"https:\/\/ringospincasino.org\/wp-content\/uploads\/2026\/02\/logo-ringospin.svg\",\"width\":139,\"height\":34,\"caption\":\"Ringospin\"},\"image\":{\"@id\":\"https:\/\/ringospincasino.org\/de\/#\/schema\/logo\/image\/\"}}]}<\/script>\n<!-- \/ Yoast SEO plugin. -->","yoast_head_json":{"title":"Datenschutzerkl\u00e4rung","description":"Entdecken Sie die Datenschutzrichtlinie: Wie Ihre personenbezogenen Daten erfasst, verwendet und gesch\u00fctzt werden, um ein sicheres Spielerlebnis zu gew\u00e4hrleisten.","robots":{"index":"noindex","follow":"follow"},"og_locale":"de_DE","og_type":"article","og_title":"Datenschutzerkl\u00e4rung","og_description":"Entdecken Sie die Datenschutzrichtlinie: Wie Ihre personenbezogenen Daten erfasst, verwendet und gesch\u00fctzt werden, um ein sicheres Spielerlebnis zu gew\u00e4hrleisten.","og_url":"https:\/\/ringospincasino.org\/de\/datenschutzerklaerung\/","og_site_name":"ringospin","article_modified_time":"2026-02-02T10:25:53+00:00","twitter_card":"summary_large_image","twitter_misc":{"Gesch\u00e4tzte Lesezeit":"3\u00a0Minuten"},"schema":{"@context":"https:\/\/schema.org","@graph":[{"@type":"WebPage","@id":"https:\/\/ringospincasino.org\/de\/datenschutzerklaerung\/","url":"https:\/\/ringospincasino.org\/de\/datenschutzerklaerung\/","name":"Datenschutzerkl\u00e4rung","isPartOf":{"@id":"https:\/\/ringospincasino.org\/de\/#website"},"datePublished":"2024-10-27T11:38:29+00:00","dateModified":"2026-02-02T10:25:53+00:00","description":"Entdecken Sie die Datenschutzrichtlinie: Wie Ihre personenbezogenen Daten erfasst, verwendet und gesch\u00fctzt werden, um ein sicheres Spielerlebnis zu gew\u00e4hrleisten.","breadcrumb":{"@id":"https:\/\/ringospincasino.org\/de\/datenschutzerklaerung\/#breadcrumb"},"inLanguage":"de","potentialAction":[{"@type":"ReadAction","target":["https:\/\/ringospincasino.org\/de\/datenschutzerklaerung\/"]}]},{"@type":"BreadcrumbList","@id":"https:\/\/ringospincasino.org\/de\/datenschutzerklaerung\/#breadcrumb","itemListElement":[{"@type":"ListItem","position":1,"name":"Ringospin","item":"https:\/\/ringospincasino.org\/de\/"},{"@type":"ListItem","position":2,"name":"Datenschutzerkl\u00e4rung"}]},{"@type":"WebSite","@id":"https:\/\/ringospincasino.org\/de\/#website","url":"https:\/\/ringospincasino.org\/de\/","name":"Ringospin","description":"","publisher":{"@id":"https:\/\/ringospincasino.org\/de\/#organization"},"potentialAction":[{"@type":"SearchAction","target":{"@type":"EntryPoint","urlTemplate":"https:\/\/ringospincasino.org\/de\/?s={search_term_string}"},"query-input":{"@type":"PropertyValueSpecification","valueRequired":true,"valueName":"search_term_string"}}],"inLanguage":"de"},{"@type":"Organization","@id":"https:\/\/ringospincasino.org\/de\/#organization","name":"Ringospin","url":"https:\/\/ringospincasino.org\/de\/","logo":{"@type":"ImageObject","inLanguage":"de","@id":"https:\/\/ringospincasino.org\/de\/#\/schema\/logo\/image\/","url":"https:\/\/ringospincasino.org\/wp-content\/uploads\/2026\/02\/logo-ringospin.svg","contentUrl":"https:\/\/ringospincasino.org\/wp-content\/uploads\/2026\/02\/logo-ringospin.svg","width":139,"height":34,"caption":"Ringospin"},"image":{"@id":"https:\/\/ringospincasino.org\/de\/#\/schema\/logo\/image\/"}}]}},"_links":{"self":[{"href":"https:\/\/ringospincasino.org\/de\/wp-json\/wp\/v2\/pages\/1015"}],"collection":[{"href":"https:\/\/ringospincasino.org\/de\/wp-json\/wp\/v2\/pages"}],"about":[{"href":"https:\/\/ringospincasino.org\/de\/wp-json\/wp\/v2\/types\/page"}],"author":[{"embeddable":true,"href":"https:\/\/ringospincasino.org\/de\/wp-json\/wp\/v2\/users\/1"}],"replies":[{"embeddable":true,"href":"https:\/\/ringospincasino.org\/de\/wp-json\/wp\/v2\/comments?post=1015"}],"version-history":[{"count":5,"href":"https:\/\/ringospincasino.org\/de\/wp-json\/wp\/v2\/pages\/1015\/revisions"}],"predecessor-version":[{"id":1415,"href":"https:\/\/ringospincasino.org\/de\/wp-json\/wp\/v2\/pages\/1015\/revisions\/1415"}],"wp:attachment":[{"href":"https:\/\/ringospincasino.org\/de\/wp-json\/wp\/v2\/media?parent=1015"}],"curies":[{"name":"wp","href":"https:\/\/api.w.org\/{rel}","templated":true}]}}