{"id":1439,"date":"2026-02-02T09:09:26","date_gmt":"2026-02-02T09:09:26","guid":{"rendered":"https:\/\/ringospincasino.org\/app\/"},"modified":"2026-02-02T12:04:26","modified_gmt":"2026-02-02T12:04:26","slug":"app","status":"publish","type":"page","link":"https:\/\/ringospincasino.org\/de\/app\/","title":{"rendered":"App"},"content":{"rendered":"<h1>RingoSpin Anwendung<\/h1>\n<p>Die RingoSpin App ist eine interaktive mobile Casino-Software, die auf die Bed\u00fcrfnisse von Kunden zugeschnitten ist, die jederzeit ein hochwertiges Unterhaltungserlebnis w\u00fcnschen. Die RingoSpin-Anwendung ist sicherheitsorientiert, leistungsstark und macht einfach Spa\u00df! Alle Mitglieder unserer gem\u00fctlichen Community haben Zugang zu einer Vielzahl von Online-Slots, Tischspielen, Live-Dealer-Spielen und Sofortgewinnen.<\/p>\n<p>RingoSpin Casino bietet das beste Erlebnis in Bezug auf Geschwindigkeit und Sicherheit auf Android, iOS oder Desktop, um auf unsere umfangreiche Spielebibliothek zuzugreifen. Diese vollst\u00e4ndig angepasste mobile Casino-Plattform wurde entwickelt, um ein immersives Erlebnis mit einfacher Navigation und sofortigem Support zu bieten.<\/p>\n<div class=\"banner-wrap\" aria-label=\"Banner\"><img src=\"https:\/\/ringospincasino.org\/wp-content\/uploads\/2026\/02\/Ringospin-banner-carousel-932\u0445400-4.webp\" class=\"w-100 d-none d-lg-block img-pc main-banner-img\" alt=\"ringospin bonus desktop\" fetchpriority=\"high\" decoding=\"async\"><img src=\"https:\/\/ringospincasino.org\/wp-content\/uploads\/2026\/02\/Group-376223.webp\" class=\"w-100 d-none d-md-block d-lg-none main-banner-img\" alt=\"ringospin bonus mobile\" fetchpriority=\"high\" decoding=\"async\"><img src=\"https:\/\/ringospincasino.org\/wp-content\/uploads\/2026\/02\/Group-376223.webp\" class=\"w-100 d-md-none\" alt=\"ringospin bonus mobile\" fetchpriority=\"high\" decoding=\"async\"><div class=\"banner-description\">\n<div class=\"banner-title\">Willkommensboni<\/div>\n<p class=\"banner-header-title\">1500 \u20ac<\/p>\n<div class=\"banner-header-AdditionalText\">+ 250 Freispiele<\/div>\n<button data-item=\"homepage_banner_link\" class=\"goto m-button m-gradient-border m-button--primary m-button--large banner-button btn-orange\">\n            <div class=\"m-button-content\">\n                <span>Jetzt anmelden<\/span>\n                <span><\/span>\n            <\/div>\n        <\/button>\n<\/div>\n<div class=\"WelcomePack\">\n<p><img loading=\"lazy\" decoding=\"async\" class=\"alignnone size-full wp-image-1351\" src=\"https:\/\/ringospincasino.org\/wp-content\/uploads\/2026\/02\/welcome-crown.svg\" alt=\"welcome crown\" width=\"25\" height=\"26\" \/><\/p>\n<div class=\"WelcomePack-Info\">W\u00f6chentlicher Cashback von bis zu 25 %<\/div>\n<p><img loading=\"lazy\" decoding=\"async\" class=\"alignnone size-full wp-image-1351\" src=\"https:\/\/ringospincasino.org\/wp-content\/uploads\/2026\/02\/welcome-crown.svg\" alt=\"welcome crown\" width=\"25\" height=\"26\" \/><\/p>\n<\/div>\n<\/div>\n<h2>Funktionen der RingoSpin App<\/h2>\n<p>Die RingoSpin Casino Anwendung wurde mit einem benutzerorientierten und modernen Design entwickelt. Unsere Initiative, sie so zu gestalten, wie Sie sie jetzt sehen, basiert auf unserem Verst\u00e4ndnis moderner Technologie und Casino-Mode. Wir m\u00f6chten das Spielerlebnis auf allen Ger\u00e4ten noch spannender gestalten. Die App verf\u00fcgt au\u00dferdem \u00fcber mehrere Funktionen, die sie vom Spielen \u00fcber herk\u00f6mmliche Desktop-Browser unterscheiden.<\/p>\n<p>Die Anwendung hat eine schnelle Ladegeschwindigkeit, minimale Spielverz\u00f6gerungen und unterbrechungsfreie \u00dcberg\u00e4nge, die den Spielern eine konstante Spielzeit erm\u00f6glichen. Sie bietet eine hohe Reaktionsf\u00e4higkeit durch ihre leistungsbasierte Matrix, die auf Tablets, Smartphones, PCs und grunds\u00e4tzlich allen modernen Ger\u00e4ten verwendet werden kann, die Sie kennen. Ringo Spin ist bei Liebhabern von mobilen Casinos sehr beliebt.<\/p>\n<p>Die RingoSpin App basiert auf dem Grundsatz der Sicherheit, weshalb fortschrittliche TLS-Verschl\u00fcsselungsrichtlinien implementiert wurden, um die Benutzerdaten zu sch\u00fctzen und Transaktionen sicher zu gestalten. Die App erm\u00f6glicht au\u00dferdem einen einfachen Verifizierungsprozess, der die Kontoverwaltung bei einem hohen Ma\u00df an Datenschutz vereinfacht. Dar\u00fcber hinaus erm\u00f6glichen integrierte Support-Dienste wie der Live-Chat den Spielern, Hilfe in Echtzeit zu erhalten. Auf diese Weise stellen wir sicher, dass alle zufrieden sind, und die benutzerfreundliche Oberfl\u00e4che erleichtert die Navigation im Spiel, bei Einzahlungen und in den Kontoeinstellungen und bietet ein Kundenerlebnis, das einfach und angenehm ist.<\/p>\n<p><div class=\"scrollable-content-wrap my-5\"><div class=\"scrollable-content-inner\"><h2>RingoSpin App f\u00fcr iOS<\/h2>\n<p>F\u00fcr iOS-Nutzer kann RingoSpin auf vereinfachte Weise angezeigt werden \u2013 in Ihrem Browser Safari. Die Website ist au\u00dferdem vollst\u00e4ndig kompatibel mit iPhones und iPads und bietet ein stabiles, reaktionsschnelles Spielerlebnis, ohne dass Downloads aus dem App Store erforderlich sind.<\/p>\n<p>Um RingoSpin auf dem Startbildschirm aufzurufen, muss der Benutzer nur auf das Quadrat und \u201eZum Startbildschirm hinzuf\u00fcgen\u201c tippen, um eine schnelle Verkn\u00fcpfung f\u00fcr den sofortigen Zugriff zu erhalten.<\/p>\n<p>Dieser Ansatz entspricht den Richtlinien von Apple f\u00fcr Online-Gl\u00fccksspielanwendungen, wodurch die App konform und sicher ist. Alle wichtigen Funktionen \u2013 also Gameplay, Kontoverwaltung und Live-Chat-Support \u2013 funktionieren einwandfrei! Unsere iOS-Version ist immer gro\u00dfartig. Sie ist benutzerfreundlich, sicher und flexibel f\u00fcr verschiedene Bildschirmgr\u00f6\u00dfen und bietet ein einheitliches Erlebnis auf allen iOS-Ger\u00e4ten. Wenn Sie nur eine Verkn\u00fcpfung erstellen m\u00f6chten, ohne etwas herunterzuladen.<\/p>\n<table>\n<tbody>\n<tr>\n<td>Plattform<\/td>\n<td>So erstellen Sie eine Verkn\u00fcpfung<\/td>\n<\/tr>\n<tr>\n<td rowspan=\"4\">Windows<\/td>\n<td>1. \u00d6ffnen Sie Ihren Browser und navigieren Sie zur RingoSpin-Seite.<\/td>\n<\/tr>\n<tr>\n<td>2. Klicken Sie auf das Browser-Men\u00fc (drei Punkte oder Linien).<\/td>\n<\/tr>\n<tr>\n<td>3. W\u00e4hlen Sie \u201eVerkn\u00fcpfung erstellen\u201c (eine kleine Seite mit einem Pfeil nach unten (Chrome)) und \u201eVerkn\u00fcpfung hinzuf\u00fcgen\u201c.<\/td>\n<\/tr>\n<tr>\n<td>4. Best\u00e4tigen Sie, dass die Verkn\u00fcpfung auf Ihrem Desktop platziert werden soll.<\/td>\n<\/tr>\n<tr>\n<td rowspan=\"3\">macOS<\/td>\n<td>1. \u00d6ffnen Sie Safari oder Chrome und navigieren Sie zu RingoSpin.<\/td>\n<\/tr>\n<tr>\n<td>2. W\u00e4hlen Sie im Men\u00fc \u201eZum Startbildschirm hinzuf\u00fcgen\u201c und klicken Sie, um die URL-Adresse hinzuzuf\u00fcgen.<\/td>\n<\/tr>\n<tr>\n<td>3. Es ist keine zus\u00e4tzliche Software erforderlich.<\/td>\n<\/tr>\n<\/tbody>\n<\/table>\n<h2><img loading=\"lazy\" decoding=\"async\" src=\"https:\/\/ringospincasino.org\/wp-content\/uploads\/2026\/02\/App4-3.webp\" alt=\"App4\" width=\"1248\" height=\"536\" \/><\/h2>\n<\/div><\/div><div style=\"clear: both\"><\/div><div class=\"d-flex justify-content-center\"><button data-item=\"decouvrez_link\" data-group=\"website_links\" class=\"goto fw-bold rounded-pill btn btn-orange\" aria-label=\"Laden Sie die Ringospin-App herunter\" >Laden Sie die Ringospin-App herunter<\/button><\/div><div class=\"scrollable-content-wrap my-5\"><div class=\"scrollable-content-inner\"><h2>RingoSpin App f\u00fcr Android OS<\/h2>\n<p>Die RingoSpin App ist eine native Android-Software, die ein Gleichgewicht zwischen Einfachheit und Leistung herstellt. Die App ist als progressive Webanwendung verf\u00fcgbar. Alle unsere Spieler k\u00f6nnen sie installieren, ohne die herk\u00f6mmlichen App-Stores zu nutzen.<\/p>\n<p>Es ist nicht erforderlich, APK-Dateien direkt auf der Website von RingoSpin Casino zu laden. Dies bietet eine sichere M\u00f6glichkeit zur Installation und sofortigen Nutzung aller Funktionen. Die Android-Version umfasst alle wesentlichen Funktionen, darunter Spielauswahl, Kontodienste, sichere Transaktionen und Live-Chat-Support. Sie ist au\u00dferdem f\u00fcr Touchscreen-Plattformen konfiguriert, sodass sie durch Wischgesten und sichtbare Men\u00fcs leicht zu bedienen ist. Die Sicherheitsberechtigungen der App sind auf ein Minimum beschr\u00e4nkt und konzentrieren sich haupts\u00e4chlich auf sichere Zahlungen und Echtzeit-Updates, wobei der Datenschutz auf h\u00f6chstem Niveau gew\u00e4hrleistet ist.<\/p>\n<h3>Installation auf Android<\/h3>\n<p>Um die RingoSpin App zu installieren, m\u00fcssen Sie Folgendes tun:<\/p>\n<ol>\n<li>Klicken Sie auf die Schaltfl\u00e4che \u201eCasino-App\u201c unten auf der Seite unseres Ringo Spin Casinos.<\/li>\n<li>Sie werden zum Download-Link unserer PWA weitergeleitet.<\/li>\n<\/ol>\n<p>Von dort aus m\u00fcssen Sie nur noch auf \u201eHerunterladen\u201c klicken und warten, bis die Verkn\u00fcpfung zum Ringospin Casino auf Ihrem Bildschirm angezeigt wird. Das ist alles.<\/p>\n<p><img loading=\"lazy\" decoding=\"async\" src=\"https:\/\/ringospincasino.org\/wp-content\/uploads\/2026\/02\/App2-2.webp\" alt=\"App2\" width=\"1248\" height=\"536\" \/><\/p>\n<\/div><\/div><div style=\"clear: both\"><\/div><div class=\"d-flex justify-content-center\"><button data-item=\"decouvrez_link\" data-group=\"website_links\" class=\"goto fw-bold rounded-pill btn btn-orange\" aria-label=\"Laden Sie die Ringospin-App herunter\" >Laden Sie die Ringospin-App herunter<\/button><\/div><div class=\"scrollable-content-wrap my-5\"><div class=\"scrollable-content-inner\"><h2>Ringo Spin Casino Desktop-Version<\/h2>\n<p>Die Desktop-Anwendung des RingoSpin Casinos bietet ein umfassendes Spielerlebnis, das dem der mobilen Version \u00e4hnelt. Die Desktop-Version, die mit den g\u00e4ngigen Browsern wie Chrome, Edge, Safari und Firefox kompatibel ist, bietet Spielern, die in einen immersiven Modus eintauchen m\u00f6chten, eine gr\u00f6\u00dfere Benutzeroberfl\u00e4che. Das Design erleichtert die Navigation in den Spielkategorien, den Kontoeinstellungen und dem Support.<\/p>\n<p>Es ist immer angenehmer, auf einem gro\u00dfen Bildschirm zu spielen, daher k\u00f6nnen Sie bei uns sogar auf den gr\u00f6\u00dften Monitoren spielen! Sie k\u00f6nnen RingoSpin Casino ganz einfach zu Ihrem Computer hinzuf\u00fcgen: Unter Windows m\u00fcssen Sie nur den Browser \u00f6ffnen, unsere Ringo Spin-Website aufrufen und \u00fcber das Men\u00fc eine Verkn\u00fcpfung erstellen. Und f\u00fcr Safari oder Chrome auf Mac f\u00fcgen Sie die RingoSpin App einfach als Verkn\u00fcpfung auf Ihrem Desktop hinzu.<\/p>\n<h2>Ger\u00e4tekompatibilit\u00e4t<\/h2>\n<p>RingoSpin tut stets alles in seiner Macht Stehende, um ein einheitliches Spielerlebnis auf allen Plattformen zu bieten. Die App und die Plattform sind mit Smartphones, Tablets und Desktop-Computern kompatibel und verf\u00fcgen \u00fcber die neuesten Betriebssysteme, um Sicherheit und Leistung zu gew\u00e4hrleisten.<\/p>\n<p>Das mobile Casino ist mit verschiedenen Bildschirmgr\u00f6\u00dfen kompatibel. Wir haben eine sehr einfache Navigation und einen schnellen Zugriff auf die gesamte Spielbibliothek geschaffen. Die Desktop-Anwendung verf\u00fcgt \u00fcber eine detailliertere Benutzeroberfl\u00e4che und kann auf gr\u00f6\u00dferen Bildschirmen verwendet werden, ohne dass dabei Funktionalit\u00e4t oder Leistung beeintr\u00e4chtigt werden.<\/p>\n<p>Wir freuen uns sehr, unseren Nutzern mitteilen zu k\u00f6nnen, dass die RingoSpin-Android-Anwendung mit verschiedenen Android 6.0+-Ger\u00e4ten kompatibel ist. Sie ist ger\u00e4tefreundlich (Smartphones, Tablets) und wenn Sie sie installieren, erhalten Sie eine dynamische Gaming-Plattform, die sich an Bildschirme jeder Gr\u00f6\u00dfe anpassen kann. Die Leistung der App garantiert einen geringen Batterieverbrauch, schnelle Ladefunktionen und makellose Animationen, was den Casino-Spielern sehr entgegenkommt.<\/p>\n<p><img loading=\"lazy\" decoding=\"async\" src=\"https:\/\/ringospincasino.org\/wp-content\/uploads\/2026\/02\/App6-1.webp\" alt=\"App6\" width=\"1248\" height=\"536\" \/><\/p>\n<\/div><\/div><div style=\"clear: both\"><\/div><div class=\"d-flex justify-content-center\"><button data-item=\"decouvrez_link\" data-group=\"website_links\" class=\"goto fw-bold rounded-pill btn btn-orange\" aria-label=\"Laden Sie die Ringospin-App herunter\" >Laden Sie die Ringospin-App herunter<\/button><\/div><div class=\"scrollable-content-wrap my-5\"><div class=\"scrollable-content-inner\"><h2>FAQ<\/h2>\n<h3>Was ist die RingoSpin PWA App?<\/h3>\n<p>Progressive Web App (RingoSpin PWA) ist eine leichtgewichtige, browserbasierte Anwendung unseres Casinos. Machen Sie sich keine Sorgen \u00fcber zus\u00e4tzliche Downloads \u2013 die RingoSpin App verf\u00fcgt \u00fcber alle nativen Funktionen, ohne dass Sie etwas herunterladen m\u00fcssen! Sie aktualisiert sich au\u00dferdem selbst, sodass die Spieler immer mit den neuesten Sicherheitsverbesserungen und Spielerg\u00e4nzungen ausgestattet sind. Die PWA kann auf jeden Ger\u00e4tetyp zugeschnitten werden und bietet schnelle Ladezeiten und Offline-Unterst\u00fctzung unter eingeschr\u00e4nkten Bedingungen.<\/p>\n<h3>Ist die App f\u00fcr Tablets und gr\u00f6\u00dfere Bildschirme optimiert?<\/h3>\n<p>Wir haben alles getan, um sie f\u00fcr jede Bildschirmgr\u00f6\u00dfe zu optimieren! Jetzt ist sie vollst\u00e4ndig an verschiedene Bildschirmgr\u00f6\u00dfen wie Tablets und gro\u00dfe Bildschirme anpassbar. Dies garantiert unseren gesch\u00e4tzten Nutzern ein einwandfreies Spielerlebnis sowohl auf dem Smartphone als auch auf dem Tablet, wobei die Elemente der Benutzeroberfl\u00e4che optimal auf die Benutzerfreundlichkeit abgestimmt sind.<\/p>\n<h3>Sind alle Spiele von RingoSpin Casino in der PWA-Version verf\u00fcgbar?<\/h3>\n<p>Die PWA-Version bietet die Bibliothek der RingoSpin Casino-Spiele, wie Online Slots, Tischspiele und Buchsammlungen. Alle unsere Bibliotheken werden auf die gleiche Weise angezeigt. Sie verlieren nichts und k\u00f6nnen jederzeit ein zuverl\u00e4ssiges und konsistentes Spielerlebnis genie\u00dfen! Sie k\u00f6nnen jederzeit unser Support Team bitten, Ihnen alles \u00fcber unser System und unsere Anwendung zu erkl\u00e4ren \u2013 wir helfen Ihnen gerne weiter.<\/p>\n<\/div><\/div><\/p>\n","protected":false},"excerpt":{"rendered":"<p>RingoSpin Anwendung Die RingoSpin App ist eine interaktive mobile Casino-Software, die auf die Bed\u00fcrfnisse von Kunden zugeschnitten ist, die jederzeit ein hochwertiges Unterhaltungserlebnis w\u00fcnschen. Die RingoSpin-Anwendung ist sicherheitsorientiert, leistungsstark und macht einfach Spa\u00df! Alle Mitglieder unserer gem\u00fctlichen Community haben Zugang zu einer Vielzahl von Online-Slots, Tischspielen, Live-Dealer-Spielen und Sofortgewinnen. RingoSpin Casino bietet das beste Erlebnis [&hellip;]<\/p>\n","protected":false},"author":11,"featured_media":0,"parent":0,"menu_order":0,"comment_status":"closed","ping_status":"closed","template":"template-builder.php","meta":{"_acf_changed":false,"inline_featured_image":false,"footnotes":""},"class_list":["post-1439","page","type-page","status-publish","hentry"],"acf":[],"yoast_head":"<!-- This site is optimized with the Yoast SEO plugin v24.4 - https:\/\/yoast.com\/wordpress\/plugins\/seo\/ -->\n<title>RingoSpin App \u2013 Download f\u00fcr iOS &amp; Android<\/title>\n<meta name=\"description\" content=\"RingoSpin App \u2013 lade die App f\u00fcr iOS und Android herunter und spiele Casino\u00adspiele mobil und fl\u00fcssig. Greife auf Slots, Tischspiele, Jackpots und Live-Dealer mit Kontosync bei Ringo Spin zu.\" \/>\n<meta name=\"robots\" content=\"index, follow, max-snippet:-1, max-image-preview:large, max-video-preview:-1\" \/>\n<link rel=\"canonical\" href=\"https:\/\/ringospincasino.org\/de\/app\/\" \/>\n<meta property=\"og:locale\" content=\"de_DE\" \/>\n<meta property=\"og:type\" content=\"article\" \/>\n<meta property=\"og:title\" content=\"RingoSpin App \u2013 Download f\u00fcr iOS &amp; Android\" \/>\n<meta property=\"og:description\" content=\"RingoSpin App \u2013 lade die App f\u00fcr iOS und Android herunter und spiele Casino\u00adspiele mobil und fl\u00fcssig. Greife auf Slots, Tischspiele, Jackpots und Live-Dealer mit Kontosync bei Ringo Spin zu.\" \/>\n<meta property=\"og:url\" content=\"https:\/\/ringospincasino.org\/de\/app\/\" \/>\n<meta property=\"og:site_name\" content=\"ringospin\" \/>\n<meta property=\"article:modified_time\" content=\"2026-02-02T12:04:26+00:00\" \/>\n<meta name=\"twitter:card\" content=\"summary_large_image\" \/>\n<meta name=\"twitter:label1\" content=\"Gesch\u00e4tzte Lesezeit\" \/>\n\t<meta name=\"twitter:data1\" content=\"2\u00a0Minuten\" \/>\n<script type=\"application\/ld+json\" class=\"yoast-schema-graph\">{\"@context\":\"https:\/\/schema.org\",\"@graph\":[{\"@type\":\"WebPage\",\"@id\":\"https:\/\/ringospincasino.org\/de\/app\/\",\"url\":\"https:\/\/ringospincasino.org\/de\/app\/\",\"name\":\"RingoSpin App \u2013 Download f\u00fcr iOS & Android\",\"isPartOf\":{\"@id\":\"https:\/\/ringospincasino.org\/de\/#website\"},\"datePublished\":\"2026-02-02T09:09:26+00:00\",\"dateModified\":\"2026-02-02T12:04:26+00:00\",\"description\":\"RingoSpin App \u2013 lade die App f\u00fcr iOS und Android herunter und spiele Casino\u00adspiele mobil und fl\u00fcssig. Greife auf Slots, Tischspiele, Jackpots und Live-Dealer mit Kontosync bei Ringo Spin zu.\",\"breadcrumb\":{\"@id\":\"https:\/\/ringospincasino.org\/de\/app\/#breadcrumb\"},\"inLanguage\":\"de\",\"potentialAction\":[{\"@type\":\"ReadAction\",\"target\":[\"https:\/\/ringospincasino.org\/de\/app\/\"]}]},{\"@type\":\"BreadcrumbList\",\"@id\":\"https:\/\/ringospincasino.org\/de\/app\/#breadcrumb\",\"itemListElement\":[{\"@type\":\"ListItem\",\"position\":1,\"name\":\"Ringospin\",\"item\":\"https:\/\/ringospincasino.org\/de\/\"},{\"@type\":\"ListItem\",\"position\":2,\"name\":\"App\"}]},{\"@type\":\"WebSite\",\"@id\":\"https:\/\/ringospincasino.org\/de\/#website\",\"url\":\"https:\/\/ringospincasino.org\/de\/\",\"name\":\"Ringospin\",\"description\":\"\",\"publisher\":{\"@id\":\"https:\/\/ringospincasino.org\/de\/#organization\"},\"potentialAction\":[{\"@type\":\"SearchAction\",\"target\":{\"@type\":\"EntryPoint\",\"urlTemplate\":\"https:\/\/ringospincasino.org\/de\/?s={search_term_string}\"},\"query-input\":{\"@type\":\"PropertyValueSpecification\",\"valueRequired\":true,\"valueName\":\"search_term_string\"}}],\"inLanguage\":\"de\"},{\"@type\":\"Organization\",\"@id\":\"https:\/\/ringospincasino.org\/de\/#organization\",\"name\":\"Ringospin\",\"url\":\"https:\/\/ringospincasino.org\/de\/\",\"logo\":{\"@type\":\"ImageObject\",\"inLanguage\":\"de\",\"@id\":\"https:\/\/ringospincasino.org\/de\/#\/schema\/logo\/image\/\",\"url\":\"https:\/\/ringospincasino.org\/wp-content\/uploads\/2026\/02\/logo-ringospin.svg\",\"contentUrl\":\"https:\/\/ringospincasino.org\/wp-content\/uploads\/2026\/02\/logo-ringospin.svg\",\"width\":139,\"height\":34,\"caption\":\"Ringospin\"},\"image\":{\"@id\":\"https:\/\/ringospincasino.org\/de\/#\/schema\/logo\/image\/\"}}]}<\/script>\n<!-- \/ Yoast SEO plugin. -->","yoast_head_json":{"title":"RingoSpin App \u2013 Download f\u00fcr iOS & Android","description":"RingoSpin App \u2013 lade die App f\u00fcr iOS und Android herunter und spiele Casino\u00adspiele mobil und fl\u00fcssig. Greife auf Slots, Tischspiele, Jackpots und Live-Dealer mit Kontosync bei Ringo Spin zu.","robots":{"index":"index","follow":"follow","max-snippet":"max-snippet:-1","max-image-preview":"max-image-preview:large","max-video-preview":"max-video-preview:-1"},"canonical":"https:\/\/ringospincasino.org\/de\/app\/","og_locale":"de_DE","og_type":"article","og_title":"RingoSpin App \u2013 Download f\u00fcr iOS & Android","og_description":"RingoSpin App \u2013 lade die App f\u00fcr iOS und Android herunter und spiele Casino\u00adspiele mobil und fl\u00fcssig. Greife auf Slots, Tischspiele, Jackpots und Live-Dealer mit Kontosync bei Ringo Spin zu.","og_url":"https:\/\/ringospincasino.org\/de\/app\/","og_site_name":"ringospin","article_modified_time":"2026-02-02T12:04:26+00:00","twitter_card":"summary_large_image","twitter_misc":{"Gesch\u00e4tzte Lesezeit":"2\u00a0Minuten"},"schema":{"@context":"https:\/\/schema.org","@graph":[{"@type":"WebPage","@id":"https:\/\/ringospincasino.org\/de\/app\/","url":"https:\/\/ringospincasino.org\/de\/app\/","name":"RingoSpin App \u2013 Download f\u00fcr iOS & Android","isPartOf":{"@id":"https:\/\/ringospincasino.org\/de\/#website"},"datePublished":"2026-02-02T09:09:26+00:00","dateModified":"2026-02-02T12:04:26+00:00","description":"RingoSpin App \u2013 lade die App f\u00fcr iOS und Android herunter und spiele Casino\u00adspiele mobil und fl\u00fcssig. Greife auf Slots, Tischspiele, Jackpots und Live-Dealer mit Kontosync bei Ringo Spin zu.","breadcrumb":{"@id":"https:\/\/ringospincasino.org\/de\/app\/#breadcrumb"},"inLanguage":"de","potentialAction":[{"@type":"ReadAction","target":["https:\/\/ringospincasino.org\/de\/app\/"]}]},{"@type":"BreadcrumbList","@id":"https:\/\/ringospincasino.org\/de\/app\/#breadcrumb","itemListElement":[{"@type":"ListItem","position":1,"name":"Ringospin","item":"https:\/\/ringospincasino.org\/de\/"},{"@type":"ListItem","position":2,"name":"App"}]},{"@type":"WebSite","@id":"https:\/\/ringospincasino.org\/de\/#website","url":"https:\/\/ringospincasino.org\/de\/","name":"Ringospin","description":"","publisher":{"@id":"https:\/\/ringospincasino.org\/de\/#organization"},"potentialAction":[{"@type":"SearchAction","target":{"@type":"EntryPoint","urlTemplate":"https:\/\/ringospincasino.org\/de\/?s={search_term_string}"},"query-input":{"@type":"PropertyValueSpecification","valueRequired":true,"valueName":"search_term_string"}}],"inLanguage":"de"},{"@type":"Organization","@id":"https:\/\/ringospincasino.org\/de\/#organization","name":"Ringospin","url":"https:\/\/ringospincasino.org\/de\/","logo":{"@type":"ImageObject","inLanguage":"de","@id":"https:\/\/ringospincasino.org\/de\/#\/schema\/logo\/image\/","url":"https:\/\/ringospincasino.org\/wp-content\/uploads\/2026\/02\/logo-ringospin.svg","contentUrl":"https:\/\/ringospincasino.org\/wp-content\/uploads\/2026\/02\/logo-ringospin.svg","width":139,"height":34,"caption":"Ringospin"},"image":{"@id":"https:\/\/ringospincasino.org\/de\/#\/schema\/logo\/image\/"}}]}},"_links":{"self":[{"href":"https:\/\/ringospincasino.org\/de\/wp-json\/wp\/v2\/pages\/1439"}],"collection":[{"href":"https:\/\/ringospincasino.org\/de\/wp-json\/wp\/v2\/pages"}],"about":[{"href":"https:\/\/ringospincasino.org\/de\/wp-json\/wp\/v2\/types\/page"}],"author":[{"embeddable":true,"href":"https:\/\/ringospincasino.org\/de\/wp-json\/wp\/v2\/users\/11"}],"replies":[{"embeddable":true,"href":"https:\/\/ringospincasino.org\/de\/wp-json\/wp\/v2\/comments?post=1439"}],"version-history":[{"count":2,"href":"https:\/\/ringospincasino.org\/de\/wp-json\/wp\/v2\/pages\/1439\/revisions"}],"predecessor-version":[{"id":1495,"href":"https:\/\/ringospincasino.org\/de\/wp-json\/wp\/v2\/pages\/1439\/revisions\/1495"}],"wp:attachment":[{"href":"https:\/\/ringospincasino.org\/de\/wp-json\/wp\/v2\/media?parent=1439"}],"curies":[{"name":"wp","href":"https:\/\/api.w.org\/{rel}","templated":true}]}}