{"id":1480,"date":"2026-02-02T09:20:24","date_gmt":"2026-02-02T09:20:24","guid":{"rendered":"https:\/\/ringospincasino.org\/login-and-registration\/"},"modified":"2026-02-02T12:21:04","modified_gmt":"2026-02-02T12:21:04","slug":"anmeldung-und-registrierung","status":"publish","type":"page","link":"https:\/\/ringospincasino.org\/de\/anmeldung-und-registrierung\/","title":{"rendered":"Anmeldung und Registrierung"},"content":{"rendered":"<h1>RingoSpin Anmeldung und Registrierung<\/h1>\n<p>Die RingoSpin Login bietet das unterhaltsamste Online-Spielerlebnis, das \u00e4u\u00dferst sicher und bequem ist und eine enorme Anzahl von Spielen bietet. Spieler k\u00f6nnen ihre Lieblingstitel aus unserer gro\u00dfartigen Bibliothek mit mehr als 6000 interaktiven Spielen ausw\u00e4hlen!<\/p>\n<p>Auf unserer Plattform k\u00f6nnen Spieler ihre Gewinne ganz einfach kontrollieren und ihre Spielzeiten nach Belieben begrenzen. Sie k\u00f6nnen an spannenden Spielen teilnehmen, an allen unseren Werbekampagnen teilnehmen und ein nahtloses Spielerlebnis auf verschiedenen Ger\u00e4ten genie\u00dfen. RingoSpin Casino ist ein zuverl\u00e4ssiger Ort f\u00fcr Online-Gl\u00fccksspiele! Wir nehmen die Sicherheit unserer Nutzer ernst und ber\u00fccksichtigen fortschrittliche Funktionen.<\/p>\n<p><div class=\"banner-wrap\" aria-label=\"Banner\"><img src=\"https:\/\/ringospincasino.org\/wp-content\/uploads\/2026\/02\/Ringospin-banner-carousel-932\u0445400-4.webp\" class=\"w-100 d-none d-lg-block img-pc main-banner-img\" alt=\"ringospin bonus desktop\" fetchpriority=\"high\" decoding=\"async\"><img src=\"https:\/\/ringospincasino.org\/wp-content\/uploads\/2026\/02\/Group-376223.webp\" class=\"w-100 d-none d-md-block d-lg-none main-banner-img\" alt=\"ringospin bonus mobile\" fetchpriority=\"high\" decoding=\"async\"><img src=\"https:\/\/ringospincasino.org\/wp-content\/uploads\/2026\/02\/Group-376223.webp\" class=\"w-100 d-md-none\" alt=\"ringospin bonus mobile\" fetchpriority=\"high\" decoding=\"async\"><div class=\"banner-description\">\n<div class=\"banner-title\">Willkommensboni<\/div>\n<p class=\"banner-header-title\">1500 \u20ac<\/p>\n<div class=\"banner-header-AdditionalText\">+ 250 Freispiele<\/div>\n<button data-item=\"homepage_banner_link\" class=\"goto m-button m-gradient-border m-button--primary m-button--large banner-button btn-orange\">\n            <div class=\"m-button-content\">\n                <span>Jetzt anmelden<\/span>\n                <span><\/span>\n            <\/div>\n        <\/button>\n<\/div>\n<div class=\"WelcomePack\">\n<p><img loading=\"lazy\" decoding=\"async\" class=\"alignnone size-full wp-image-1351\" src=\"https:\/\/ringospincasino.org\/wp-content\/uploads\/2026\/02\/welcome-crown.svg\" alt=\"welcome crown\" width=\"25\" height=\"26\" \/><\/p>\n<div class=\"WelcomePack-Info\">W\u00f6chentlicher Cashback von bis zu 25 %<\/div>\n<p><img loading=\"lazy\" decoding=\"async\" class=\"alignnone size-full wp-image-1351\" src=\"https:\/\/ringospincasino.org\/wp-content\/uploads\/2026\/02\/welcome-crown.svg\" alt=\"welcome crown\" width=\"25\" height=\"26\" \/><\/p>\n<\/div>\n<\/div><div class=\"scrollable-content-wrap my-5\"><div class=\"scrollable-content-inner\"><h2>RingoSpin Registrierungsverfahren<\/h2>\n<p>Wir hei\u00dfen Sie herzlich willkommen, sich bei uns zu registrieren! Die Registrierung bei RingoSpin Casino bietet Ihnen Zugang zu allen Funktionen, die Ihr Spielerlebnis verbessern. Mit der Er\u00f6ffnung eines Kontos \u2013 Ihrem ersten Login bei RingoSpin \u2013 werden Ihnen Slots, Buchspiele, Drops and Wins, Originalspiele und Top-Titel zum Ausprobieren freigeschaltet! Die Registrierung bietet au\u00dferdem spezielle RingoSpin Casino-Boni, Promotion-Turniere und ein lohnendes Treueprogramm f\u00fcr neue und bestehende Spieler.<\/p>\n<p>Die Registrierung bei Ringo Spin ist einfach und schnell. Spieler m\u00fcssen einige wichtige pers\u00f6nliche Daten angeben:<\/p>\n<ul>\n<li>ihre echte E-Mail-Adresse;<\/li>\n<li>ein sicheres Passwort, das bei der Registrierung erstellt wird.<\/li>\n<\/ul>\n<p>Sie k\u00f6nnen sich mit Ihrer Google Konto E-Mail-Adresse bei RingoSpin anmelden und sp\u00e4ter in den Einstellungen Ihren Namen und Ihre Kontaktdaten hinzuf\u00fcgen. Diese Informationen sind wichtig, um die gesetzlichen Standards einzuhalten und die Konten einfach zu verifizieren.<\/p>\n<p>Unser Registrierungssystem bei RingoSpin Casino entspricht auch den Standards f\u00fcr verantwortungsbewusstes Spielen. Wie Sie sicher verstehen, m\u00fcssen die Mitglieder unseres Ringo Spin Casinos vollj\u00e4hrig sein! Diese Richtlinie dient dazu, eine sichere Spielumgebung zu gew\u00e4hrleisten. Sie erm\u00f6glicht es den Spielern auch, ihre pers\u00f6nlichen Spielgrenzen festzulegen und Funktionen f\u00fcr verantwortungsbewusstes Spielen zu aktivieren, was durch die Registrierung ein sicheres und kontrolliertes Spielerlebnis f\u00f6rdert.<\/p>\n<h3>\u00c4ndern pers\u00f6nlicher Daten bei Ringo Spin<\/h3>\n<p>\u00dcber das Konto-Dashboard k\u00f6nnen Spieler ihre pers\u00f6nlichen Daten jederzeit aktualisieren. Sie k\u00f6nnen pers\u00f6nliche Kontaktdaten, Bankdaten und Sicherheitseinstellungen \u00e4ndern. Es ist wichtig, \u00fcber korrekte Daten zu verf\u00fcgen, um eine reibungslose Verifizierung, Auszahlungsabwicklung und Kommunikation zu erm\u00f6glichen. Die hochgradigen Sicherheitsprotokolle, die auf unserer Plattform angewendet werden, gew\u00e4hrleisten, dass alle Aktualisierungen zum Schutz Ihrer Privatsph\u00e4re und der Integrit\u00e4t Ihrer pers\u00f6nlichen Daten erfolgen.<\/p>\n<p>Die regelm\u00e4\u00dfige Aktualisierung der pers\u00f6nlichen Daten erleichtert es auch, sich an die Regeln zu halten und die M\u00f6glichkeit von Hackerangriffen, Bot-Angriffen und unbefugtem Zugriff auf das Konto zu verringern. Ringo Spin-Spielern wird empfohlen, ihre Kontoinformationen von Zeit zu Zeit zu aktualisieren und uns bei der Verifizierung immer die entsprechenden Dokumente vorzulegen, wenn sie dazu aufgefordert werden.<\/p>\n<h2>Anmeldeschritte bei RingoSpin<\/h2>\n<p>Die Anmeldung bei Ihrem RingoSpin Casino Konto ist ein sehr einfacher und sicherer Vorgang:<\/p>\n<ol>\n<li>Suchen Sie den Anmeldebereich oben rechts auf der Startseite von Ringo Spin Casino.<\/li>\n<li>Geben Sie Ihre registrierte E-Mail-Adresse und Ihr Passwort ein.<\/li>\n<li>Klicken Sie auf die Anmeldeschaltfl\u00e4che von Ringo Spin und melden Sie sich bei Ihrem Konto an.<\/li>\n<\/ol>\n<p>Nach der Anmeldung bei RingoSpin k\u00f6nnen Spieler bei allen Spielen Ein- und Auszahlungen vornehmen, Bonusangebote einl\u00f6sen und ihren Transaktionsverlauf einsehen sowie ihr Konto \u00fcber ein gut gestaltetes und benutzerfreundliches Dashboard einrichten.<\/p>\n<p>Wir empfehlen au\u00dferdem, 2FA zu aktivieren \u2013 eine Zwei-Faktor-Authentifizierung f\u00fcr die Anmeldung bei RingoSpin \u2013, um eine zus\u00e4tzliche Schutzebene zu schaffen. So k\u00f6nnen Sie Ihr Konto ganz einfach vor unbefugten Benutzern sch\u00fctzen und sich beruhigt zur\u00fccklehnen.<\/p>\n<p>Das Spielerlebnis bei RingoSpin ist einfach und sicher, da Spieler ihre Kontoaktivit\u00e4tsprotokolle einsehen, pers\u00f6nliche Daten und Zahlungsinformationen aktualisieren und auf exklusive Ringo Spin-Angebote unseres Casinos zugreifen k\u00f6nnen!<\/p>\n<h3>Sch\u00fctzen Sie Ihr Konto<\/h3>\n<p>RingoSpin Casino legt gro\u00dfen Wert auf Sicherheit. Um Ihr Konto zu sch\u00fctzen, empfehlen wir Ihnen, die Zwei-Faktor-Authentifizierung mit Google-Backup zu verwenden, ein starkes und einzigartiges Passwort zu verwenden und keine Informationen weiterzugeben, die sich auf Ihre RingoSpin Anmeldung beziehen.<\/p>\n<p>Sie wissen, dass regelm\u00e4\u00dfige Kontoaktivit\u00e4ten dazu genutzt werden k\u00f6nnen, um illegale Transaktionen aufzudecken. Unser System verf\u00fcgt \u00fcber hohe Sicherheitsma\u00dfnahmen, die die Vertraulichkeit und Integrit\u00e4t der Daten bei der Aktualisierung gew\u00e4hrleisten.<\/p>\n<p>Spieler sollten sich an unser Support Team wenden, sobald sie etwas Verd\u00e4chtiges bemerken oder wenn ihre Konten vor\u00fcbergehend gesperrt sind. Die Standardpraxis zur Gew\u00e4hrleistung der Kontosicherheit und der Einhaltung gesetzlicher Vorschriften sieht vor, dass Sie uns Ihre echten Ausweise zusenden und nachweisen, dass Sie eine reale Person sind, die irgendwo lebt (daher ben\u00f6tigen wir auch Ihre Stromrechnungen, damit wir sicher sein k\u00f6nnen, dass Sie ein Mensch und Staatsb\u00fcrger sind). Diese Ma\u00dfnahme verhindert Betrug und l\u00e4sst nur Spieler zu, die berechtigt sind, auf der Plattform zu sein.<\/p>\n<h2>Zugriff auf das Konto<\/h2>\n<p>Um Zugriff auf alle Funktionen von RingoSpin Casino zu haben und unsere coolen Spiele genie\u00dfen zu k\u00f6nnen, m\u00fcssen Sie wissen, dass ein sicherer und zuverl\u00e4ssiger Zugriff auf das Konto unerl\u00e4sslich ist. Zu den besten Vorgehensweisen f\u00fcr Spieler geh\u00f6ren:<\/p>\n<table>\n<tbody>\n<tr>\n<td>Sicherheitstipp<\/td>\n<td>Beschreibung<\/td>\n<\/tr>\n<tr>\n<td>Zwei-Faktor-Authentifizierung aktivieren<\/td>\n<td>F\u00fcgt Ihrem Konto eine zus\u00e4tzliche Sicherheitsebene hinzu.<\/td>\n<\/tr>\n<tr>\n<td>Verwenden Sie sichere, einzigartige Passw\u00f6rter<\/td>\n<td>Verhindert unbefugten Zugriff und Bots.<\/td>\n<\/tr>\n<tr>\n<td>Halten Sie Ihre RingoSpin Anmeldedaten geheim<\/td>\n<td>Sch\u00fctzen Sie sich vor dem Zugriff durch andere.<\/td>\n<\/tr>\n<tr>\n<td>\u00dcberpr\u00fcfen Sie Ihre Kontoaktivit\u00e4ten<\/td>\n<td>Erkennen Sie verd\u00e4chtige Transaktionen fr\u00fchzeitig.<\/td>\n<\/tr>\n<tr>\n<td>Durchlaufen Sie den Verifizierungsprozess<\/td>\n<td>Best\u00e4tigen Sie Ihre Identit\u00e4t und verhindern Sie Betrug.<\/td>\n<\/tr>\n<\/tbody>\n<\/table>\n<p>Das mehrsprachige Support Team arbeitet in Echtzeit. Bei Problemen erreichen Sie uns \u00fcber den Live Chat (Button mit Kopfh\u00f6rern unten) \u2013 f\u00fcllen Sie einfach ein kleines Formular mit Ihrem Namen und Ihrer E-Mail-Adresse aus und starten Sie den Ringo Spin-Chatbot, wir melden uns bei Ihnen! Wir k\u00f6nnen alle Probleme mit Ihrem Konto \u00fcberpr\u00fcfen, z. B. vor\u00fcbergehende Sperren. Die Wiederherstellung des Kontos kann ebenfalls als Standardverfahren \u00fcberpr\u00fcft werden, insbesondere nach verd\u00e4chtigen Aktivit\u00e4ten.<\/p>\n<h2>FAQ<\/h2>\n<h3>Kann ich mich von mehreren Ger\u00e4ten aus anmelden?<\/h3>\n<p>Die Anmeldung bei RingoSpin von mehreren Ger\u00e4ten aus ist kein Problem! Alle unsere Spieler k\u00f6nnen ihre Konten auf Desktops, Tablets und Smartphones nutzen, ohne dabei auf Sicherheit verzichten zu m\u00fcssen. Durch die Synchronisierung wird sichergestellt, dass das Spielgeschehen und die Kontoinformationen auf allen Ger\u00e4ten konsistent sind.<\/p>\n<h3>Warum meldet mich das System immer wieder ab?<\/h3>\n<p>Sind Sie sicher, dass Sie alle Schritte durchgef\u00fchrt haben, die uns beweisen, dass Sie eine echte Person sind? Haben Sie die Verifizierung bestanden? Manchmal kann es ein Problem geben, oder vielleicht versuchen Sie so oft, sich bei RingoSpin anzumelden, dass unser System Sie f\u00fcr einen verr\u00fcckten Bot h\u00e4lt, der eindringen will. Sicherheitsanforderungen, Browserfehlfunktionen oder Browser-Timeouts k\u00f6nnen zu h\u00e4ufigen Abmeldungen f\u00fchren. Wir empfehlen Ihnen, sich an den Support zu wenden und die Situation zu erkl\u00e4ren.<\/p>\n<h3>Ist die Anmeldung bei RingoSpin sicher?<\/h3>\n<p>Wir bei Ringo Spin verwenden hochgradige Verschl\u00fcsselung, Zwei-Faktor-Authentifizierung und strenge Ma\u00dfnahmen, um die Daten unserer Nutzer zu sch\u00fctzen und unbefugten Zugriff zu verhindern. Sie k\u00f6nnen uns also vertrauen! Regelm\u00e4\u00dfige Sicherheits\u00fcberpr\u00fcfungen sorgen ebenfalls f\u00fcr eine sichere Spielumgebung.<\/p>\n<\/div><\/div><\/p>\n","protected":false},"excerpt":{"rendered":"<p>RingoSpin Anmeldung und Registrierung Die RingoSpin Login bietet das unterhaltsamste Online-Spielerlebnis, das \u00e4u\u00dferst sicher und bequem ist und eine enorme Anzahl von Spielen bietet. Spieler k\u00f6nnen ihre Lieblingstitel aus unserer gro\u00dfartigen Bibliothek mit mehr als 6000 interaktiven Spielen ausw\u00e4hlen! Auf unserer Plattform k\u00f6nnen Spieler ihre Gewinne ganz einfach kontrollieren und ihre Spielzeiten nach Belieben begrenzen. [&hellip;]<\/p>\n","protected":false},"author":11,"featured_media":0,"parent":0,"menu_order":0,"comment_status":"closed","ping_status":"closed","template":"template-builder.php","meta":{"_acf_changed":false,"inline_featured_image":false,"footnotes":""},"class_list":["post-1480","page","type-page","status-publish","hentry"],"acf":[],"yoast_head":"<!-- This site is optimized with the Yoast SEO plugin v24.4 - https:\/\/yoast.com\/wordpress\/plugins\/seo\/ -->\n<title>RingoSpin Login &amp; Sign Up<\/title>\n<meta name=\"description\" content=\"RingoSpin Login \u2013 melde dich sicher an oder registriere dich in wenigen Minuten mit verschl\u00fcsseltem Zugriff. Verwalte Verifizierung, Passwortwiederherstellung und Einstellungen bei Ringo Spin.\" \/>\n<meta name=\"robots\" content=\"index, follow, max-snippet:-1, max-image-preview:large, max-video-preview:-1\" \/>\n<link rel=\"canonical\" href=\"https:\/\/ringospincasino.org\/de\/anmeldung-und-registrierung\/\" \/>\n<meta property=\"og:locale\" content=\"de_DE\" \/>\n<meta property=\"og:type\" content=\"article\" \/>\n<meta property=\"og:title\" content=\"RingoSpin Login &amp; Sign Up\" \/>\n<meta property=\"og:description\" content=\"RingoSpin Login \u2013 melde dich sicher an oder registriere dich in wenigen Minuten mit verschl\u00fcsseltem Zugriff. Verwalte Verifizierung, Passwortwiederherstellung und Einstellungen bei Ringo Spin.\" \/>\n<meta property=\"og:url\" content=\"https:\/\/ringospincasino.org\/de\/anmeldung-und-registrierung\/\" \/>\n<meta property=\"og:site_name\" content=\"ringospin\" \/>\n<meta property=\"article:modified_time\" content=\"2026-02-02T12:21:04+00:00\" \/>\n<meta name=\"twitter:card\" content=\"summary_large_image\" \/>\n<meta name=\"twitter:label1\" content=\"Gesch\u00e4tzte Lesezeit\" \/>\n\t<meta name=\"twitter:data1\" content=\"1\u00a0Minute\" \/>\n<script type=\"application\/ld+json\" class=\"yoast-schema-graph\">{\"@context\":\"https:\/\/schema.org\",\"@graph\":[{\"@type\":\"WebPage\",\"@id\":\"https:\/\/ringospincasino.org\/de\/anmeldung-und-registrierung\/\",\"url\":\"https:\/\/ringospincasino.org\/de\/anmeldung-und-registrierung\/\",\"name\":\"RingoSpin Login & Sign Up\",\"isPartOf\":{\"@id\":\"https:\/\/ringospincasino.org\/de\/#website\"},\"datePublished\":\"2026-02-02T09:20:24+00:00\",\"dateModified\":\"2026-02-02T12:21:04+00:00\",\"description\":\"RingoSpin Login \u2013 melde dich sicher an oder registriere dich in wenigen Minuten mit verschl\u00fcsseltem Zugriff. Verwalte Verifizierung, Passwortwiederherstellung und Einstellungen bei Ringo Spin.\",\"breadcrumb\":{\"@id\":\"https:\/\/ringospincasino.org\/de\/anmeldung-und-registrierung\/#breadcrumb\"},\"inLanguage\":\"de\",\"potentialAction\":[{\"@type\":\"ReadAction\",\"target\":[\"https:\/\/ringospincasino.org\/de\/anmeldung-und-registrierung\/\"]}]},{\"@type\":\"BreadcrumbList\",\"@id\":\"https:\/\/ringospincasino.org\/de\/anmeldung-und-registrierung\/#breadcrumb\",\"itemListElement\":[{\"@type\":\"ListItem\",\"position\":1,\"name\":\"Ringospin\",\"item\":\"https:\/\/ringospincasino.org\/de\/\"},{\"@type\":\"ListItem\",\"position\":2,\"name\":\"Anmeldung und Registrierung\"}]},{\"@type\":\"WebSite\",\"@id\":\"https:\/\/ringospincasino.org\/de\/#website\",\"url\":\"https:\/\/ringospincasino.org\/de\/\",\"name\":\"Ringospin\",\"description\":\"\",\"publisher\":{\"@id\":\"https:\/\/ringospincasino.org\/de\/#organization\"},\"potentialAction\":[{\"@type\":\"SearchAction\",\"target\":{\"@type\":\"EntryPoint\",\"urlTemplate\":\"https:\/\/ringospincasino.org\/de\/?s={search_term_string}\"},\"query-input\":{\"@type\":\"PropertyValueSpecification\",\"valueRequired\":true,\"valueName\":\"search_term_string\"}}],\"inLanguage\":\"de\"},{\"@type\":\"Organization\",\"@id\":\"https:\/\/ringospincasino.org\/de\/#organization\",\"name\":\"Ringospin\",\"url\":\"https:\/\/ringospincasino.org\/de\/\",\"logo\":{\"@type\":\"ImageObject\",\"inLanguage\":\"de\",\"@id\":\"https:\/\/ringospincasino.org\/de\/#\/schema\/logo\/image\/\",\"url\":\"https:\/\/ringospincasino.org\/wp-content\/uploads\/2026\/02\/logo-ringospin.svg\",\"contentUrl\":\"https:\/\/ringospincasino.org\/wp-content\/uploads\/2026\/02\/logo-ringospin.svg\",\"width\":139,\"height\":34,\"caption\":\"Ringospin\"},\"image\":{\"@id\":\"https:\/\/ringospincasino.org\/de\/#\/schema\/logo\/image\/\"}}]}<\/script>\n<!-- \/ Yoast SEO plugin. -->","yoast_head_json":{"title":"RingoSpin Login & Sign Up","description":"RingoSpin Login \u2013 melde dich sicher an oder registriere dich in wenigen Minuten mit verschl\u00fcsseltem Zugriff. Verwalte Verifizierung, Passwortwiederherstellung und Einstellungen bei Ringo Spin.","robots":{"index":"index","follow":"follow","max-snippet":"max-snippet:-1","max-image-preview":"max-image-preview:large","max-video-preview":"max-video-preview:-1"},"canonical":"https:\/\/ringospincasino.org\/de\/anmeldung-und-registrierung\/","og_locale":"de_DE","og_type":"article","og_title":"RingoSpin Login & Sign Up","og_description":"RingoSpin Login \u2013 melde dich sicher an oder registriere dich in wenigen Minuten mit verschl\u00fcsseltem Zugriff. Verwalte Verifizierung, Passwortwiederherstellung und Einstellungen bei Ringo Spin.","og_url":"https:\/\/ringospincasino.org\/de\/anmeldung-und-registrierung\/","og_site_name":"ringospin","article_modified_time":"2026-02-02T12:21:04+00:00","twitter_card":"summary_large_image","twitter_misc":{"Gesch\u00e4tzte Lesezeit":"1\u00a0Minute"},"schema":{"@context":"https:\/\/schema.org","@graph":[{"@type":"WebPage","@id":"https:\/\/ringospincasino.org\/de\/anmeldung-und-registrierung\/","url":"https:\/\/ringospincasino.org\/de\/anmeldung-und-registrierung\/","name":"RingoSpin Login & Sign Up","isPartOf":{"@id":"https:\/\/ringospincasino.org\/de\/#website"},"datePublished":"2026-02-02T09:20:24+00:00","dateModified":"2026-02-02T12:21:04+00:00","description":"RingoSpin Login \u2013 melde dich sicher an oder registriere dich in wenigen Minuten mit verschl\u00fcsseltem Zugriff. Verwalte Verifizierung, Passwortwiederherstellung und Einstellungen bei Ringo Spin.","breadcrumb":{"@id":"https:\/\/ringospincasino.org\/de\/anmeldung-und-registrierung\/#breadcrumb"},"inLanguage":"de","potentialAction":[{"@type":"ReadAction","target":["https:\/\/ringospincasino.org\/de\/anmeldung-und-registrierung\/"]}]},{"@type":"BreadcrumbList","@id":"https:\/\/ringospincasino.org\/de\/anmeldung-und-registrierung\/#breadcrumb","itemListElement":[{"@type":"ListItem","position":1,"name":"Ringospin","item":"https:\/\/ringospincasino.org\/de\/"},{"@type":"ListItem","position":2,"name":"Anmeldung und Registrierung"}]},{"@type":"WebSite","@id":"https:\/\/ringospincasino.org\/de\/#website","url":"https:\/\/ringospincasino.org\/de\/","name":"Ringospin","description":"","publisher":{"@id":"https:\/\/ringospincasino.org\/de\/#organization"},"potentialAction":[{"@type":"SearchAction","target":{"@type":"EntryPoint","urlTemplate":"https:\/\/ringospincasino.org\/de\/?s={search_term_string}"},"query-input":{"@type":"PropertyValueSpecification","valueRequired":true,"valueName":"search_term_string"}}],"inLanguage":"de"},{"@type":"Organization","@id":"https:\/\/ringospincasino.org\/de\/#organization","name":"Ringospin","url":"https:\/\/ringospincasino.org\/de\/","logo":{"@type":"ImageObject","inLanguage":"de","@id":"https:\/\/ringospincasino.org\/de\/#\/schema\/logo\/image\/","url":"https:\/\/ringospincasino.org\/wp-content\/uploads\/2026\/02\/logo-ringospin.svg","contentUrl":"https:\/\/ringospincasino.org\/wp-content\/uploads\/2026\/02\/logo-ringospin.svg","width":139,"height":34,"caption":"Ringospin"},"image":{"@id":"https:\/\/ringospincasino.org\/de\/#\/schema\/logo\/image\/"}}]}},"_links":{"self":[{"href":"https:\/\/ringospincasino.org\/de\/wp-json\/wp\/v2\/pages\/1480"}],"collection":[{"href":"https:\/\/ringospincasino.org\/de\/wp-json\/wp\/v2\/pages"}],"about":[{"href":"https:\/\/ringospincasino.org\/de\/wp-json\/wp\/v2\/types\/page"}],"author":[{"embeddable":true,"href":"https:\/\/ringospincasino.org\/de\/wp-json\/wp\/v2\/users\/11"}],"replies":[{"embeddable":true,"href":"https:\/\/ringospincasino.org\/de\/wp-json\/wp\/v2\/comments?post=1480"}],"version-history":[{"count":2,"href":"https:\/\/ringospincasino.org\/de\/wp-json\/wp\/v2\/pages\/1480\/revisions"}],"predecessor-version":[{"id":1500,"href":"https:\/\/ringospincasino.org\/de\/wp-json\/wp\/v2\/pages\/1480\/revisions\/1500"}],"wp:attachment":[{"href":"https:\/\/ringospincasino.org\/de\/wp-json\/wp\/v2\/media?parent=1480"}],"curies":[{"name":"wp","href":"https:\/\/api.w.org\/{rel}","templated":true}]}}