{"id":1446,"date":"2026-02-02T09:09:26","date_gmt":"2026-02-02T09:09:26","guid":{"rendered":"https:\/\/ringospincasino.org\/app\/"},"modified":"2026-02-02T12:44:37","modified_gmt":"2026-02-02T12:44:37","slug":"aplicacion","status":"publish","type":"page","link":"https:\/\/ringospincasino.org\/es\/aplicacion\/","title":{"rendered":"Aplicaci\u00f3n"},"content":{"rendered":"<h1>Aplicaci\u00f3n RingoSpin<\/h1>\n<p>La RingoSpin app es un software de casino m\u00f3vil interactivo dise\u00f1ado para satisfacer las necesidades de los clientes espa\u00f1oles que buscan una experiencia de entretenimiento de alta calidad en todo momento. La aplicaci\u00f3n RingoSpin se centra en la seguridad, est\u00e1 orientada al rendimiento y, sencillamente, \u00a1es divertida! Todos los miembros de nuestra acogedora comunidad tienen acceso a una gran variedad de tragamonedas online, juegos de mesa, juegos con crupier en vivo y premios instant\u00e1neos.<\/p>\n<p>RingoSpin Casino ofrece la mejor experiencia, tanto en t\u00e9rminos de velocidad como de seguridad, en Android, iOS o escritorio para acceder a nuestra amplia biblioteca de juegos. Esta plataforma de casino m\u00f3vil totalmente personalizada est\u00e1 dise\u00f1ada para proporcionar una experiencia inmersiva con una navegaci\u00f3n f\u00e1cil y asistencia instant\u00e1nea.<\/p>\n<div class=\"banner-wrap\" aria-label=\"Banner\"><img src=\"https:\/\/ringospincasino.org\/wp-content\/uploads\/2026\/02\/Ringospin-banner-carousel-932\u0445400-4.webp\" class=\"w-100 d-none d-lg-block img-pc main-banner-img\" alt=\"ringospin bonus desktop\" fetchpriority=\"high\" decoding=\"async\"><img src=\"https:\/\/ringospincasino.org\/wp-content\/uploads\/2026\/02\/Group-376223.webp\" class=\"w-100 d-none d-md-block d-lg-none main-banner-img\" alt=\"ringospin bonus mobile\" fetchpriority=\"high\" decoding=\"async\"><img src=\"https:\/\/ringospincasino.org\/wp-content\/uploads\/2026\/02\/Group-376223.webp\" class=\"w-100 d-md-none\" alt=\"ringospin bonus mobile\" fetchpriority=\"high\" decoding=\"async\"><div class=\"banner-description\">\n<div class=\"banner-title\">Bonos de bienvenida<\/div>\n<p class=\"banner-header-title\">1500 \u20ac<\/p>\n<div class=\"banner-header-AdditionalText\">+ 250 Tiradas gratis<\/div>\n<button data-item=\"homepage_banner_link\" class=\"goto m-button m-gradient-border m-button--primary m-button--large banner-button btn-orange\">\n            <div class=\"m-button-content\">\n                <span>Reg\u00edstrate ahora<\/span>\n                <span><\/span>\n            <\/div>\n        <\/button>\n<\/div>\n<div class=\"WelcomePack\">\n<p><img loading=\"lazy\" decoding=\"async\" class=\"alignnone size-full wp-image-1352\" src=\"https:\/\/ringospincasino.org\/wp-content\/uploads\/2026\/02\/welcome-crown.svg\" alt=\"welcome crown\" width=\"25\" height=\"26\" \/><\/p>\n<div class=\"WelcomePack-Info\">Reembolso semanal de hasta el 25 %<\/div>\n<p><img loading=\"lazy\" decoding=\"async\" class=\"alignnone size-full wp-image-1352\" src=\"https:\/\/ringospincasino.org\/wp-content\/uploads\/2026\/02\/welcome-crown.svg\" alt=\"welcome crown\" width=\"25\" height=\"26\" \/><\/p>\n<\/div>\n<\/div>\n<h2>Caracter\u00edsticas de la aplicaci\u00f3n RingoSpin<\/h2>\n<p>La aplicaci\u00f3n RingoSpin Casino se ha dise\u00f1ado con un enfoque moderno y centrado en el usuario. Nuestra iniciativa de crearla tal y como la ves ahora surge de nuestro conocimiento de la tecnolog\u00eda moderna y las tendencias en los casinos. Nuestra intenci\u00f3n es hacer que la experiencia de juego sea m\u00e1s atractiva en todos los dispositivos. Tambi\u00e9n cuenta con varias caracter\u00edsticas que la diferencian de los navegadores de escritorio tradicionales.<\/p>\n<p>La aplicaci\u00f3n tiene una velocidad de carga r\u00e1pida, una latencia m\u00ednima en los juegos y transiciones ininterrumpidas que permiten a los jugadores disfrutar de un tiempo de juego constante. Ofrece una gran capacidad de respuesta gracias a su matriz basada en el rendimiento, que se puede utilizar en tabletas, tel\u00e9fonos inteligentes, ordenadores y, b\u00e1sicamente, cualquier dispositivo moderno que conozcas. Ringo Spin es muy popular entre los amantes de los casinos m\u00f3viles.<\/p>\n<p>La aplicaci\u00f3n RingoSpin utiliza la seguridad como principio fundamental, por lo que se implementan directrices avanzadas de cifrado TLS para proteger la informaci\u00f3n del usuario y garantizar la seguridad de las transacciones. La aplicaci\u00f3n tambi\u00e9n facilita un proceso de verificaci\u00f3n sencillo, lo que simplifica la gesti\u00f3n de la cuenta con altos niveles de privacidad. Adem\u00e1s, los servicios de asistencia integrados, como el chat en vivo, permiten a los jugadores obtener ayuda en tiempo real. As\u00ed es como mantenemos a todo el mundo satisfecho, y la interfaz f\u00e1cil de usar facilita la navegaci\u00f3n por el juego, los dep\u00f3sitos y la configuraci\u00f3n de la cuenta, y puede ofrecer una experiencia al cliente f\u00e1cil y agradable.<\/p>\n<p><div class=\"scrollable-content-wrap my-5\"><div class=\"scrollable-content-inner\"><h2>Aplicaci\u00f3n RingoSpin para iOS<\/h2>\n<p>Los usuarios de iOS pueden acceder a RingoSpin de forma simplificada, desde su navegador Safari. El sitio es totalmente compatible con iPhones y iPads, y ofrece una experiencia de juego estable y fluida sin necesidad de descargas desde la App Store.<\/p>\n<p>Para acceder a RingoSpin desde la pantalla de inicio, el usuario solo tiene que pulsar el cuadrado y \u00abA\u00f1adir a la pantalla de inicio\u00bb para tener un acceso r\u00e1pido e instant\u00e1neo.<\/p>\n<p>Este enfoque se ajusta a las pol\u00edticas de Apple sobre aplicaciones de juego online, lo que lo hace compatible y seguro. Todas las funciones importantes, es decir, el juego, la gesti\u00f3n de la cuenta y la asistencia por chat en vivo, funcionan perfectamente. Nuestra versi\u00f3n para iOS siempre es excelente. Es f\u00e1cil de usar, segura y flexible en diferentes tama\u00f1os de pantalla, y ofrece una experiencia uniforme en todos los dispositivos iOS. Si solo quieres crear un acceso directo sin cargar nada.<\/p>\n<table>\n<tbody>\n<tr>\n<td>Plataforma<\/td>\n<td>C\u00f3mo crear un acceso directo<\/td>\n<\/tr>\n<tr>\n<td rowspan=\"4\">Sistema operativo Windows<\/td>\n<td>1. Abre tu navegador y ve a la p\u00e1gina de RingoSpin.<\/td>\n<\/tr>\n<tr>\n<td>2. Haz clic en el men\u00fa del navegador (tres puntos o l\u00edneas).<\/td>\n<\/tr>\n<tr>\n<td>3. Seleccione \u00abCrear acceso directo\u00bb, que es una peque\u00f1a p\u00e1gina con una flecha hacia abajo (Chrome), y \u00abA\u00f1adir acceso directo\u00bb.<\/td>\n<\/tr>\n<tr>\n<td>4. Confirma para colocar el acceso directo en tu escritorio.<\/td>\n<\/tr>\n<tr>\n<td rowspan=\"3\">macOS<\/td>\n<td>1. Abre Safari o Chrome y ve a RingoSpin.<\/td>\n<\/tr>\n<tr>\n<td>2. En el men\u00fa, seleccione \u00abA\u00f1adir a la pantalla de inicio\u00bb y haga clic para a\u00f1adir la direcci\u00f3n URL.<\/td>\n<\/tr>\n<tr>\n<td>3. No se requiere ning\u00fan software adicional.<\/td>\n<\/tr>\n<\/tbody>\n<\/table>\n<h2><img loading=\"lazy\" decoding=\"async\" src=\"https:\/\/ringospincasino.org\/wp-content\/uploads\/2026\/02\/App4-3.webp\" alt=\"App4\" width=\"1248\" height=\"536\" \/><\/h2>\n<\/div><\/div><div style=\"clear: both\"><\/div><div class=\"d-flex justify-content-center\"><button data-item=\"decouvrez_link\" data-group=\"website_links\" class=\"goto fw-bold rounded-pill btn btn-orange\" aria-label=\"Descarga la aplicaci\u00f3n Ringospin\" >Descarga la aplicaci\u00f3n Ringospin<\/button><\/div><div class=\"scrollable-content-wrap my-5\"><div class=\"scrollable-content-inner\"><h2>Aplicaci\u00f3n RingoSpin para Android<\/h2>\n<p>La aplicaci\u00f3n RingoSpin es un software nativo de Android que equilibra la simplicidad y el rendimiento. La aplicaci\u00f3n est\u00e1 disponible como una aplicaci\u00f3n web progresiva. Cualquiera de nuestros jugadores puede instalarla sin necesidad de utilizar las tiendas de aplicaciones tradicionales.<\/p>\n<p>No es necesario cargar ning\u00fan archivo APK directamente en el sitio web de RingoSpin Casino. Esto proporciona una forma segura de instalaci\u00f3n y uso instant\u00e1neo de todas las funciones. La versi\u00f3n para Android incluye todas las funciones esenciales, como la selecci\u00f3n de juegos, los servicios de cuenta, las transacciones seguras y la asistencia por chat en vivo. Tambi\u00e9n est\u00e1 configurada para plataformas con pantalla t\u00e1ctil, por lo que se puede navegar f\u00e1cilmente con movimientos de deslizamiento y men\u00fas visibles. Los permisos de seguridad de la aplicaci\u00f3n son m\u00ednimos, centrados principalmente en pagos seguros y actualizaciones en tiempo real, y la privacidad se mantiene al m\u00e1s alto nivel.<\/p>\n<h3>Instalar en Android<\/h3>\n<p>Para instalar la aplicaci\u00f3n Ringospin, deber\u00e1:<\/p>\n<ol>\n<li>Hacer clic en el bot\u00f3n \u00abAplicaci\u00f3n del casino\u00bb en la parte inferior de la p\u00e1gina de nuestro casino Ringo Spin.<\/li>\n<li>Se le redirigir\u00e1 al enlace de carga de nuestra PWA.<\/li>\n<\/ol>\n<p>Desde all\u00ed, solo tienes que hacer clic en \u00abDescargar\u00bb y esperar hasta que veas el acceso directo de Ringospin Casino en tu pantalla. Eso es todo.<\/p>\n<p><img loading=\"lazy\" decoding=\"async\" src=\"https:\/\/ringospincasino.org\/wp-content\/uploads\/2026\/02\/App2-2.webp\" alt=\"App2\" width=\"1248\" height=\"536\" \/><\/p>\n<\/div><\/div><div style=\"clear: both\"><\/div><div class=\"d-flex justify-content-center\"><button data-item=\"decouvrez_link\" data-group=\"website_links\" class=\"goto fw-bold rounded-pill btn btn-orange\" aria-label=\"Descarga la aplicaci\u00f3n Ringospin\" >Descarga la aplicaci\u00f3n Ringospin<\/button><\/div><div class=\"scrollable-content-wrap my-5\"><div class=\"scrollable-content-inner\"><h2>Versi\u00f3n de escritorio de Ringo Spin Casino<\/h2>\n<p>La aplicaci\u00f3n de escritorio de RingoSpin Casino ofrece una experiencia de juego completa similar a la que ofrece la versi\u00f3n m\u00f3vil. La versi\u00f3n de escritorio, que es compatible con los principales navegadores como Chrome, Edge, Safari y Firefox, ofrece una interfaz m\u00e1s grande a los jugadores que desean participar en un modo inmersivo. El dise\u00f1o es conveniente para navegar por las categor\u00edas del juego, la configuraci\u00f3n de la cuenta y la asistencia.<\/p>\n<p>Siempre es m\u00e1s agradable jugar en una pantalla grande, \u00a1as\u00ed que con nosotros puedes jugar incluso en los monitores m\u00e1s grandes! Puedes a\u00f1adir f\u00e1cilmente RingoSpin Casino a tu ordenador: en Windows, solo tienes que abrir el navegador, ir a nuestro sitio web Ringo Spin y crear un acceso directo a trav\u00e9s del men\u00fa. Y para Safari o Chrome en Mac, a\u00f1ade la aplicaci\u00f3n Ringospin como un acceso directo en tu escritorio.<\/p>\n<h2>Compatibilidad con dispositivos<\/h2>\n<p>RingoSpin siempre hace todo lo posible para ofrecer una experiencia de juego consistente en todas las plataformas. La aplicaci\u00f3n y la plataforma son compatibles con tel\u00e9fonos inteligentes, tabletas y ordenadores de sobremesa, y cuentan con los \u00faltimos sistemas operativos para garantizar la seguridad y el rendimiento.<\/p>\n<p>El casino m\u00f3vil es compatible con diferentes tama\u00f1os de pantalla. Hemos creado una navegaci\u00f3n muy sencilla y un acceso a la biblioteca completa de juegos en el menor tiempo posible. La aplicaci\u00f3n de escritorio se ha creado con una interfaz m\u00e1s detallada y se puede utilizar en pantallas m\u00e1s grandes sin perder funcionalidad ni rendimiento.<\/p>\n<p>Nos complace informar a nuestros usuarios que la aplicaci\u00f3n RingoSpin para Android es compatible con varios dispositivos Android 6.0+. Es compatible con dispositivos (smartphones, tabletas) y, si la instalas, podr\u00e1s disfrutar de una plataforma de juego din\u00e1mica que se adapta a pantallas de cualquier tama\u00f1o. El rendimiento de la aplicaci\u00f3n garantiza el ahorro de bater\u00eda, funciones de carga r\u00e1pida y animaciones impecables, algo que gusta mucho a los jugadores de casino.<\/p>\n<p><img loading=\"lazy\" decoding=\"async\" src=\"https:\/\/ringospincasino.org\/wp-content\/uploads\/2026\/02\/App6-1.webp\" alt=\"App6\" width=\"1248\" height=\"536\" \/><\/p>\n<\/div><\/div><div style=\"clear: both\"><\/div><div class=\"d-flex justify-content-center\"><button data-item=\"decouvrez_link\" data-group=\"website_links\" class=\"goto fw-bold rounded-pill btn btn-orange\" aria-label=\"Descarga la aplicaci\u00f3n Ringospin\" >Descarga la aplicaci\u00f3n Ringospin<\/button><\/div><div class=\"scrollable-content-wrap my-5\"><div class=\"scrollable-content-inner\"><h2>Preguntas frecuentes<\/h2>\n<h3>\u00bfQu\u00e9 es la aplicaci\u00f3n PWA de RingoSpin?<\/h3>\n<p>La aplicaci\u00f3n web progresiva (RingoSpin PWA) es una aplicaci\u00f3n ligera de nuestro casino basada en el navegador. No se preocupe por las descargas adicionales: \u00a1la aplicaci\u00f3n Ringospin tiene todas las operaciones nativas sin necesidad de descargar nada! Tambi\u00e9n se actualiza autom\u00e1ticamente, por lo que los jugadores siempre est\u00e1n preparados con las \u00faltimas mejoras de seguridad y novedades del juego. La PWA se puede adaptar a todo tipo de dispositivos con tiempos de carga r\u00e1pidos y soporte sin conexi\u00f3n en condiciones limitadas.<\/p>\n<h3>\u00bfLa aplicaci\u00f3n est\u00e1 optimizada para tabletas y pantallas m\u00e1s grandes?<\/h3>\n<p>\u00a1Hemos hecho todo lo posible para optimizarla para cualquier tama\u00f1o de pantalla! As\u00ed que ahora se adapta perfectamente a diferentes tama\u00f1os de pantalla, como tabletas y pantallas grandes. Esto garantiza que nuestros apreciados usuarios de disfruten de una experiencia de juego impecable tanto en un smartphone como en una tableta, con elementos de la interfaz de usuario ajustados para ofrecer la mejor usabilidad.<\/p>\n<h3>\u00bfTodos los juegos de RingoSpin Casino est\u00e1n disponibles en la versi\u00f3n PWA?<\/h3>\n<p>La versi\u00f3n PWA ofrece la biblioteca de juegos de RingoSpin Casino, como tragamonedas en l\u00ednea, juegos de mesa y colecciones de libros. Todas nuestras bibliotecas se muestran de la misma manera. \u00a1No pierdes nada y puedes disfrutar de una experiencia de juego confiable y consistente todo el tiempo! Siempre puedes pedirle a nuestro equipo de soporte que te explique todo sobre nuestro sistema y nuestra aplicaci\u00f3n; estaremos encantados de ayudarte.<\/p>\n<\/div><\/div><\/p>\n","protected":false},"excerpt":{"rendered":"<p>Aplicaci\u00f3n RingoSpin La RingoSpin app es un software de casino m\u00f3vil interactivo dise\u00f1ado para satisfacer las necesidades de los clientes espa\u00f1oles que buscan una experiencia de entretenimiento de alta calidad en todo momento. La aplicaci\u00f3n RingoSpin se centra en la seguridad, est\u00e1 orientada al rendimiento y, sencillamente, \u00a1es divertida! Todos los miembros de nuestra acogedora [&hellip;]<\/p>\n","protected":false},"author":11,"featured_media":0,"parent":0,"menu_order":0,"comment_status":"closed","ping_status":"closed","template":"template-builder.php","meta":{"_acf_changed":false,"inline_featured_image":false,"footnotes":""},"class_list":["post-1446","page","type-page","status-publish","hentry"],"acf":[],"yoast_head":"<!-- This site is optimized with the Yoast SEO plugin v24.4 - https:\/\/yoast.com\/wordpress\/plugins\/seo\/ -->\n<title>RingoSpin App \u2013 Descargar para iOS &amp; Android<\/title>\n<meta name=\"description\" content=\"RingoSpin App \u2013 desc\u00e1rgala en iOS y Android para disfrutar de un casino m\u00f3vil fluido. Accede a slots, mesas, jackpots y crupieres en vivo con sincronizaci\u00f3n completa en Ringo Spin.\" \/>\n<meta name=\"robots\" content=\"index, follow, max-snippet:-1, max-image-preview:large, max-video-preview:-1\" \/>\n<link rel=\"canonical\" href=\"https:\/\/ringospincasino.org\/es\/aplicacion\/\" \/>\n<meta property=\"og:locale\" content=\"es_ES\" \/>\n<meta property=\"og:type\" content=\"article\" \/>\n<meta property=\"og:title\" content=\"RingoSpin App \u2013 Descargar para iOS &amp; Android\" \/>\n<meta property=\"og:description\" content=\"RingoSpin App \u2013 desc\u00e1rgala en iOS y Android para disfrutar de un casino m\u00f3vil fluido. Accede a slots, mesas, jackpots y crupieres en vivo con sincronizaci\u00f3n completa en Ringo Spin.\" \/>\n<meta property=\"og:url\" content=\"https:\/\/ringospincasino.org\/es\/aplicacion\/\" \/>\n<meta property=\"og:site_name\" content=\"ringospin\" \/>\n<meta property=\"article:modified_time\" content=\"2026-02-02T12:44:37+00:00\" \/>\n<meta name=\"twitter:card\" content=\"summary_large_image\" \/>\n<meta name=\"twitter:label1\" content=\"Est. reading time\" \/>\n\t<meta name=\"twitter:data1\" content=\"2 minutos\" \/>\n<script type=\"application\/ld+json\" class=\"yoast-schema-graph\">{\"@context\":\"https:\/\/schema.org\",\"@graph\":[{\"@type\":\"WebPage\",\"@id\":\"https:\/\/ringospincasino.org\/es\/aplicacion\/\",\"url\":\"https:\/\/ringospincasino.org\/es\/aplicacion\/\",\"name\":\"RingoSpin App \u2013 Descargar para iOS & Android\",\"isPartOf\":{\"@id\":\"https:\/\/ringospincasino.org\/es\/#website\"},\"datePublished\":\"2026-02-02T09:09:26+00:00\",\"dateModified\":\"2026-02-02T12:44:37+00:00\",\"description\":\"RingoSpin App \u2013 desc\u00e1rgala en iOS y Android para disfrutar de un casino m\u00f3vil fluido. Accede a slots, mesas, jackpots y crupieres en vivo con sincronizaci\u00f3n completa en Ringo Spin.\",\"breadcrumb\":{\"@id\":\"https:\/\/ringospincasino.org\/es\/aplicacion\/#breadcrumb\"},\"inLanguage\":\"es\",\"potentialAction\":[{\"@type\":\"ReadAction\",\"target\":[\"https:\/\/ringospincasino.org\/es\/aplicacion\/\"]}]},{\"@type\":\"BreadcrumbList\",\"@id\":\"https:\/\/ringospincasino.org\/es\/aplicacion\/#breadcrumb\",\"itemListElement\":[{\"@type\":\"ListItem\",\"position\":1,\"name\":\"Ringospin\",\"item\":\"https:\/\/ringospincasino.org\/es\/\"},{\"@type\":\"ListItem\",\"position\":2,\"name\":\"Aplicaci\u00f3n\"}]},{\"@type\":\"WebSite\",\"@id\":\"https:\/\/ringospincasino.org\/es\/#website\",\"url\":\"https:\/\/ringospincasino.org\/es\/\",\"name\":\"Ringospin\",\"description\":\"\",\"publisher\":{\"@id\":\"https:\/\/ringospincasino.org\/es\/#organization\"},\"potentialAction\":[{\"@type\":\"SearchAction\",\"target\":{\"@type\":\"EntryPoint\",\"urlTemplate\":\"https:\/\/ringospincasino.org\/es\/?s={search_term_string}\"},\"query-input\":{\"@type\":\"PropertyValueSpecification\",\"valueRequired\":true,\"valueName\":\"search_term_string\"}}],\"inLanguage\":\"es\"},{\"@type\":\"Organization\",\"@id\":\"https:\/\/ringospincasino.org\/es\/#organization\",\"name\":\"Ringospin\",\"url\":\"https:\/\/ringospincasino.org\/es\/\",\"logo\":{\"@type\":\"ImageObject\",\"inLanguage\":\"es\",\"@id\":\"https:\/\/ringospincasino.org\/es\/#\/schema\/logo\/image\/\",\"url\":\"https:\/\/ringospincasino.org\/wp-content\/uploads\/2026\/02\/logo-ringospin.svg\",\"contentUrl\":\"https:\/\/ringospincasino.org\/wp-content\/uploads\/2026\/02\/logo-ringospin.svg\",\"width\":139,\"height\":34,\"caption\":\"Ringospin\"},\"image\":{\"@id\":\"https:\/\/ringospincasino.org\/es\/#\/schema\/logo\/image\/\"}}]}<\/script>\n<!-- \/ Yoast SEO plugin. -->","yoast_head_json":{"title":"RingoSpin App \u2013 Descargar para iOS & Android","description":"RingoSpin App \u2013 desc\u00e1rgala en iOS y Android para disfrutar de un casino m\u00f3vil fluido. Accede a slots, mesas, jackpots y crupieres en vivo con sincronizaci\u00f3n completa en Ringo Spin.","robots":{"index":"index","follow":"follow","max-snippet":"max-snippet:-1","max-image-preview":"max-image-preview:large","max-video-preview":"max-video-preview:-1"},"canonical":"https:\/\/ringospincasino.org\/es\/aplicacion\/","og_locale":"es_ES","og_type":"article","og_title":"RingoSpin App \u2013 Descargar para iOS & Android","og_description":"RingoSpin App \u2013 desc\u00e1rgala en iOS y Android para disfrutar de un casino m\u00f3vil fluido. Accede a slots, mesas, jackpots y crupieres en vivo con sincronizaci\u00f3n completa en Ringo Spin.","og_url":"https:\/\/ringospincasino.org\/es\/aplicacion\/","og_site_name":"ringospin","article_modified_time":"2026-02-02T12:44:37+00:00","twitter_card":"summary_large_image","twitter_misc":{"Est. reading time":"2 minutos"},"schema":{"@context":"https:\/\/schema.org","@graph":[{"@type":"WebPage","@id":"https:\/\/ringospincasino.org\/es\/aplicacion\/","url":"https:\/\/ringospincasino.org\/es\/aplicacion\/","name":"RingoSpin App \u2013 Descargar para iOS & Android","isPartOf":{"@id":"https:\/\/ringospincasino.org\/es\/#website"},"datePublished":"2026-02-02T09:09:26+00:00","dateModified":"2026-02-02T12:44:37+00:00","description":"RingoSpin App \u2013 desc\u00e1rgala en iOS y Android para disfrutar de un casino m\u00f3vil fluido. Accede a slots, mesas, jackpots y crupieres en vivo con sincronizaci\u00f3n completa en Ringo Spin.","breadcrumb":{"@id":"https:\/\/ringospincasino.org\/es\/aplicacion\/#breadcrumb"},"inLanguage":"es","potentialAction":[{"@type":"ReadAction","target":["https:\/\/ringospincasino.org\/es\/aplicacion\/"]}]},{"@type":"BreadcrumbList","@id":"https:\/\/ringospincasino.org\/es\/aplicacion\/#breadcrumb","itemListElement":[{"@type":"ListItem","position":1,"name":"Ringospin","item":"https:\/\/ringospincasino.org\/es\/"},{"@type":"ListItem","position":2,"name":"Aplicaci\u00f3n"}]},{"@type":"WebSite","@id":"https:\/\/ringospincasino.org\/es\/#website","url":"https:\/\/ringospincasino.org\/es\/","name":"Ringospin","description":"","publisher":{"@id":"https:\/\/ringospincasino.org\/es\/#organization"},"potentialAction":[{"@type":"SearchAction","target":{"@type":"EntryPoint","urlTemplate":"https:\/\/ringospincasino.org\/es\/?s={search_term_string}"},"query-input":{"@type":"PropertyValueSpecification","valueRequired":true,"valueName":"search_term_string"}}],"inLanguage":"es"},{"@type":"Organization","@id":"https:\/\/ringospincasino.org\/es\/#organization","name":"Ringospin","url":"https:\/\/ringospincasino.org\/es\/","logo":{"@type":"ImageObject","inLanguage":"es","@id":"https:\/\/ringospincasino.org\/es\/#\/schema\/logo\/image\/","url":"https:\/\/ringospincasino.org\/wp-content\/uploads\/2026\/02\/logo-ringospin.svg","contentUrl":"https:\/\/ringospincasino.org\/wp-content\/uploads\/2026\/02\/logo-ringospin.svg","width":139,"height":34,"caption":"Ringospin"},"image":{"@id":"https:\/\/ringospincasino.org\/es\/#\/schema\/logo\/image\/"}}]}},"_links":{"self":[{"href":"https:\/\/ringospincasino.org\/es\/wp-json\/wp\/v2\/pages\/1446"}],"collection":[{"href":"https:\/\/ringospincasino.org\/es\/wp-json\/wp\/v2\/pages"}],"about":[{"href":"https:\/\/ringospincasino.org\/es\/wp-json\/wp\/v2\/types\/page"}],"author":[{"embeddable":true,"href":"https:\/\/ringospincasino.org\/es\/wp-json\/wp\/v2\/users\/11"}],"replies":[{"embeddable":true,"href":"https:\/\/ringospincasino.org\/es\/wp-json\/wp\/v2\/comments?post=1446"}],"version-history":[{"count":4,"href":"https:\/\/ringospincasino.org\/es\/wp-json\/wp\/v2\/pages\/1446\/revisions"}],"predecessor-version":[{"id":1519,"href":"https:\/\/ringospincasino.org\/es\/wp-json\/wp\/v2\/pages\/1446\/revisions\/1519"}],"wp:attachment":[{"href":"https:\/\/ringospincasino.org\/es\/wp-json\/wp\/v2\/media?parent=1446"}],"curies":[{"name":"wp","href":"https:\/\/api.w.org\/{rel}","templated":true}]}}