{"id":1484,"date":"2026-02-02T09:20:24","date_gmt":"2026-02-02T09:20:24","guid":{"rendered":"https:\/\/ringospincasino.org\/login-and-registration\/"},"modified":"2026-02-02T12:37:42","modified_gmt":"2026-02-02T12:37:42","slug":"inicio-de-sesion-y-registro","status":"publish","type":"page","link":"https:\/\/ringospincasino.org\/es\/inicio-de-sesion-y-registro\/","title":{"rendered":"Inicio de sesi\u00f3n y Registro"},"content":{"rendered":"<h1>Inicio de sesi\u00f3n y registro en RingoSpin<\/h1>\n<p>El RingoSpin login ofrece la experiencia de juego online m\u00e1s divertida, altamente segura, c\u00f3moda y con una enorme variedad de juegos. \u00a1Los jugadores pueden elegir sus t\u00edtulos favoritos en nuestra gran biblioteca de m\u00e1s de 6.000 juegos interactivos!<\/p>\n<p>En nuestra plataforma, los jugadores pueden controlar f\u00e1cilmente sus ganancias y limitar sus horas de juego cuando lo deseen. Pueden participar en emocionantes juegos, participar en todas nuestras campa\u00f1as promocionales y disfrutar de una experiencia de juego perfecta en varios dispositivos. \u00a1RingoSpin Casino es un lugar fiable para el juego online! Nos tomamos muy en serio la seguridad de nuestros usuarios espa\u00f1oles e implementamos funciones avanzadas.<\/p>\n<p><div class=\"banner-wrap\" aria-label=\"Banner\"><img src=\"https:\/\/ringospincasino.org\/wp-content\/uploads\/2026\/02\/Ringospin-banner-carousel-932\u0445400-4.webp\" class=\"w-100 d-none d-lg-block img-pc main-banner-img\" alt=\"ringospin bonus desktop\" fetchpriority=\"high\" decoding=\"async\"><img src=\"https:\/\/ringospincasino.org\/wp-content\/uploads\/2026\/02\/Group-376223.webp\" class=\"w-100 d-none d-md-block d-lg-none main-banner-img\" alt=\"ringospin bonus mobile\" fetchpriority=\"high\" decoding=\"async\"><img src=\"https:\/\/ringospincasino.org\/wp-content\/uploads\/2026\/02\/Group-376223.webp\" class=\"w-100 d-md-none\" alt=\"ringospin bonus mobile\" fetchpriority=\"high\" decoding=\"async\"><div class=\"banner-description\">\n<div class=\"banner-title\">Bonos de bienvenida<\/div>\n<p class=\"banner-header-title\">1500 \u20ac<\/p>\n<div class=\"banner-header-AdditionalText\">+ 250 Tiradas gratis<\/div>\n<button data-item=\"homepage_banner_link\" class=\"goto m-button m-gradient-border m-button--primary m-button--large banner-button btn-orange\">\n            <div class=\"m-button-content\">\n                <span>Reg\u00edstrate ahora<\/span>\n                <span><\/span>\n            <\/div>\n        <\/button>\n<\/div>\n<div class=\"WelcomePack\">\n<p><img loading=\"lazy\" decoding=\"async\" class=\"alignnone size-full wp-image-1352\" src=\"https:\/\/ringospincasino.org\/wp-content\/uploads\/2026\/02\/welcome-crown.svg\" alt=\"welcome crown\" width=\"25\" height=\"26\" \/><\/p>\n<div class=\"WelcomePack-Info\">Reembolso semanal de hasta el 25 %<\/div>\n<p><img loading=\"lazy\" decoding=\"async\" class=\"alignnone size-full wp-image-1352\" src=\"https:\/\/ringospincasino.org\/wp-content\/uploads\/2026\/02\/welcome-crown.svg\" alt=\"welcome crown\" width=\"25\" height=\"26\" \/><\/p>\n<\/div>\n<\/div><div class=\"scrollable-content-wrap my-5\"><div class=\"scrollable-content-inner\"><h2>Procedimiento de registro en RingoSpin<\/h2>\n<p>\u00a1Te invitamos a registrarte con nosotros! El registro en RingoSpin Casino ofrece acceso a un paquete completo de funciones que mejorar\u00e1n la experiencia de juego. La apertura de una cuenta, tu primer inicio de sesi\u00f3n en RingoSpin, desbloquea las tragamonedas, los juegos de apuestas, Drops and Wins, los juegos originales y los mejores t\u00edtulos para probar. El registro tambi\u00e9n ofrece bonos especiales de RingoSpin Casino, torneos promocionales y un programa de fidelidad gratificante tanto para los jugadores nuevos como para los existentes.<\/p>\n<p>El proceso de registro en Ringo Spin es sencillo y r\u00e1pido. Los jugadores deben compartir cierta informaci\u00f3n personal importante:<\/p>\n<ul>\n<li>su direcci\u00f3n de correo electr\u00f3nico real;<\/li>\n<li>una contrase\u00f1a segura creada en el momento del registro.<\/li>\n<\/ul>\n<p>Puedes iniciar sesi\u00f3n en RingoSpin con el correo electr\u00f3nico de tu cuenta de Google y a\u00f1adir tu nombre y datos de contacto m\u00e1s adelante en la configuraci\u00f3n. La informaci\u00f3n es importante para cumplir con las normas legales y verificar las cuentas f\u00e1cilmente.<\/p>\n<p>Nuestro sistema de registro en RingoSpin Casino tambi\u00e9n cumple con las normas de juego responsable. Por lo tanto, como comprender\u00e1s, \u00a1los miembros de nuestro casino Ringo Spin deben ser mayores de edad! Esta pol\u00edtica se utiliza para mantener la seguridad del entorno de juego. Tambi\u00e9n permite a los jugadores limitar sus l\u00edmites personales de juego y activar funciones de juego responsable, lo que promueve una experiencia segura y controlada a trav\u00e9s del registro.<\/p>\n<h3>Cambiar los datos personales en Ringo Spin<\/h3>\n<p>El panel de control de la cuenta permite a los jugadores actualizar su informaci\u00f3n personal en cualquier momento. Puede cambiar los datos de contacto personales, la informaci\u00f3n bancaria y la configuraci\u00f3n de seguridad. Es fundamental disponer de datos correctos para permitir una verificaci\u00f3n, un procesamiento de retiradas y una comunicaci\u00f3n fluidos. Los protocolos de seguridad de alto nivel aplicados a nuestra plataforma garantizan todas las actualizaciones para proteger su privacidad y la integridad de su informaci\u00f3n personal.<\/p>\n<p>La actualizaci\u00f3n frecuente de los datos personales tambi\u00e9n facilita el cumplimiento de las normas y mitiga la posibilidad de ataques de pirater\u00eda, ataques de bots y acceso no autorizado a la cuenta. Se recomienda a los jugadores de Ringo Spin que actualicen la informaci\u00f3n de su cuenta de vez en cuando y que siempre nos proporcionen los documentos pertinentes si se les solicita durante los procesos de verificaci\u00f3n.<\/p>\n<h2>Pasos para iniciar sesi\u00f3n en RingoSpin<\/h2>\n<p>Iniciar sesi\u00f3n en su cuenta de RingoSpin Casino es un proceso muy f\u00e1cil y seguro:<\/p>\n<ol>\n<li>Busque la secci\u00f3n de inicio de sesi\u00f3n en la parte superior derecha de la p\u00e1gina de inicio de Ringo Spin Casino.<\/li>\n<li>Introduce tu direcci\u00f3n de correo electr\u00f3nico y contrase\u00f1a registradas.<\/li>\n<li>Haga clic en el bot\u00f3n de inicio de sesi\u00f3n de Ringo Spin y acceda a su cuenta.<\/li>\n<\/ol>\n<p>Con todos los juegos, al iniciar sesi\u00f3n en RingoSpin, los jugadores pueden depositar y retirar ganancias, canjear ofertas de bonos y ver el historial de sus transacciones, adem\u00e1s de configurar su cuenta mediante un panel de control bien dise\u00f1ado y f\u00e1cil de usar.<\/p>\n<p>Tambi\u00e9n recomendamos activar la 2FA, una autenticaci\u00f3n de dos factores para el inicio de sesi\u00f3n en RingoSpin, que proporciona una capa adicional de protecci\u00f3n. Esto le permitir\u00e1 mantener su cuenta a salvo de usuarios no autorizados y le garantizar\u00e1 tranquilidad.<\/p>\n<p>La experiencia de juego en RingoSpin es sencilla y segura, ya que los jugadores pueden ver los registros de actividad de su cuenta, actualizar su informaci\u00f3n personal y de pago, y acceder a ofertas exclusivas de Ringo Spin desde nuestro casino.<\/p>\n<h3>Protecci\u00f3n de su cuenta<\/h3>\n<p>RingoSpin Casino se preocupa mucho por la seguridad. Para proteger tu cuenta, te sugerimos que utilices la autenticaci\u00f3n de dos factores con copia de seguridad de Google, que utilices una contrase\u00f1a segura y \u00fanica, y que no compartas ninguna informaci\u00f3n relacionada con tu inicio de sesi\u00f3n en RingoSpin.<\/p>\n<p>Sabes que la actividad regular de la cuenta puede utilizarse para detectar cualquier transacci\u00f3n ilegal que se produzca. Nuestro sistema cuenta con altas medidas de seguridad que garantizan la confidencialidad e integridad de los datos al actualizarlos.<\/p>\n<p>Los jugadores deben ponerse en contacto con nuestro equipo de asistencia tan pronto como noten algo sospechoso o si sus cuentas se bloquean temporalmente. La pr\u00e1ctica habitual para mantener la seguridad de la cuenta y el cumplimiento normativo implica que nos env\u00edes tus documentos de identidad reales y demuestres que eres una persona real que vive en alg\u00fan lugar (por lo que tambi\u00e9n necesitamos tus facturas de servicios p\u00fablicos, que es como entendemos que eres un ser humano y un ciudadano). Esta medida evita el fraude y solo permite que los jugadores que cumplen los requisitos puedan acceder a la plataforma.<\/p>\n<h2>Acceso a la cuenta<\/h2>\n<p>Para tener acceso a todas las funciones de RingoSpin Casino y disfrutar de nuestros fant\u00e1sticos juegos, es esencial tener un acceso seguro y fiable a la cuenta. Las mejores pr\u00e1cticas que deben adoptar los jugadores incluyen:<\/p>\n<table>\n<tbody>\n<tr>\n<td>Consejo de seguridad<\/td>\n<td>Descripci\u00f3n<\/td>\n<\/tr>\n<tr>\n<td>Habilitar la autenticaci\u00f3n de dos factores<\/td>\n<td>A\u00f1ade una capa de seguridad adicional a su cuenta.<\/td>\n<\/tr>\n<tr>\n<td>Utilizar contrase\u00f1as seguras y \u00fanicas<\/td>\n<td>Evita el acceso no autorizado y los bots.<\/td>\n<\/tr>\n<tr>\n<td>Mantenga la confidencialidad de los datos de inicio de sesi\u00f3n en RingoSpin<\/td>\n<td>Mant\u00e9n la seguridad frente al acceso de otras personas.<\/td>\n<\/tr>\n<tr>\n<td>Revisa la actividad de tu cuenta<\/td>\n<td>Detecta transacciones sospechosas de forma temprana.<\/td>\n<\/tr>\n<tr>\n<td>Supera el proceso de verificaci\u00f3n<\/td>\n<td>Confirma tu identidad y evita el fraude.<\/td>\n<\/tr>\n<\/tbody>\n<\/table>\n<p>El equipo de asistencia multiling\u00fce trabaja en tiempo real. P\u00f3ngase en contacto con nosotros si tiene alg\u00fan problema a trav\u00e9s del chat en vivo (bot\u00f3n con auriculares situado debajo): solo tiene que rellenar un peque\u00f1o formulario con su nombre y direcci\u00f3n de correo electr\u00f3nico e iniciar el chatbot de Ringo Spin, \u00a1nos pondremos en contacto con usted! Podemos comprobar cualquier problema de su cuenta, como bloqueos temporales. La recuperaci\u00f3n de la cuenta tambi\u00e9n se puede verificar como procedimiento est\u00e1ndar, especialmente tras una actividad sospechosa.<\/p>\n<h2>Preguntas frecuentes<\/h2>\n<h3>\u00bfPuedo iniciar sesi\u00f3n desde varios dispositivos?<\/h3>\n<p>\u00a1El inicio de sesi\u00f3n en RingoSpin desde varios dispositivos est\u00e1 permitido! Todos nuestros jugadores pueden utilizar sus cuentas en ordenadores, tabletas y tel\u00e9fonos inteligentes sin sacrificar la seguridad. Gracias a la sincronizaci\u00f3n, se garantiza que la informaci\u00f3n del juego y de la cuenta sea coherente en todos los dispositivos.<\/p>\n<h3>\u00bfPor qu\u00e9 el sistema me sigue desconectando?<\/h3>\n<p>\u00bfEst\u00e1s seguro de que has seguido todos los pasos que nos demuestran que eres una persona real? \u00bfHas superado la verificaci\u00f3n? A veces puede ser un problema, o tal vez intentas iniciar sesi\u00f3n en RingoSpin tantas veces que nuestro sistema piensa que eres un bot loco que quiere entrar sin permiso. Los requisitos de seguridad, los fallos del navegador o los tiempos de espera del navegador pueden provocar cierres de sesi\u00f3n frecuentes. Te recomendamos que escribas al equipo de asistencia y les expliques tu caso.<\/p>\n<h3>\u00bfEs seguro iniciar sesi\u00f3n en RingoSpin?<\/h3>\n<p>En Ringo Spin utilizamos cifrado de alto nivel, autenticaci\u00f3n de dos factores y medidas estrictas para proteger la informaci\u00f3n de nuestros usuarios y restringir el acceso no autorizado. \u00a1As\u00ed que sin duda somos de confianza! Las frecuentes auditor\u00edas de seguridad tambi\u00e9n proporcionan un entorno de juego seguro.<\/p>\n<\/div><\/div><\/p>\n","protected":false},"excerpt":{"rendered":"<p>Inicio de sesi\u00f3n y registro en RingoSpin El RingoSpin login ofrece la experiencia de juego online m\u00e1s divertida, altamente segura, c\u00f3moda y con una enorme variedad de juegos. \u00a1Los jugadores pueden elegir sus t\u00edtulos favoritos en nuestra gran biblioteca de m\u00e1s de 6.000 juegos interactivos! En nuestra plataforma, los jugadores pueden controlar f\u00e1cilmente sus ganancias [&hellip;]<\/p>\n","protected":false},"author":11,"featured_media":0,"parent":0,"menu_order":0,"comment_status":"closed","ping_status":"closed","template":"template-builder.php","meta":{"_acf_changed":false,"inline_featured_image":false,"footnotes":""},"class_list":["post-1484","page","type-page","status-publish","hentry"],"acf":[],"yoast_head":"<!-- This site is optimized with the Yoast SEO plugin v24.4 - https:\/\/yoast.com\/wordpress\/plugins\/seo\/ -->\n<title>RingoSpin Login &amp; Sign Up<\/title>\n<meta name=\"description\" content=\"RingoSpin Login \u2013 inicia sesi\u00f3n de forma segura o reg\u00edstrate en minutos con acceso cifrado. Gestiona verificaci\u00f3n, recuperaci\u00f3n de contrase\u00f1a y ajustes en Ringo Spin.\" \/>\n<meta name=\"robots\" content=\"index, follow, max-snippet:-1, max-image-preview:large, max-video-preview:-1\" \/>\n<link rel=\"canonical\" href=\"https:\/\/ringospincasino.org\/es\/inicio-de-sesion-y-registro\/\" \/>\n<meta property=\"og:locale\" content=\"es_ES\" \/>\n<meta property=\"og:type\" content=\"article\" \/>\n<meta property=\"og:title\" content=\"RingoSpin Login &amp; Sign Up\" \/>\n<meta property=\"og:description\" content=\"RingoSpin Login \u2013 inicia sesi\u00f3n de forma segura o reg\u00edstrate en minutos con acceso cifrado. Gestiona verificaci\u00f3n, recuperaci\u00f3n de contrase\u00f1a y ajustes en Ringo Spin.\" \/>\n<meta property=\"og:url\" content=\"https:\/\/ringospincasino.org\/es\/inicio-de-sesion-y-registro\/\" \/>\n<meta property=\"og:site_name\" content=\"ringospin\" \/>\n<meta property=\"article:modified_time\" content=\"2026-02-02T12:37:42+00:00\" \/>\n<meta name=\"twitter:card\" content=\"summary_large_image\" \/>\n<meta name=\"twitter:label1\" content=\"Est. reading time\" \/>\n\t<meta name=\"twitter:data1\" content=\"1 minuto\" \/>\n<script type=\"application\/ld+json\" class=\"yoast-schema-graph\">{\"@context\":\"https:\/\/schema.org\",\"@graph\":[{\"@type\":\"WebPage\",\"@id\":\"https:\/\/ringospincasino.org\/es\/inicio-de-sesion-y-registro\/\",\"url\":\"https:\/\/ringospincasino.org\/es\/inicio-de-sesion-y-registro\/\",\"name\":\"RingoSpin Login & Sign Up\",\"isPartOf\":{\"@id\":\"https:\/\/ringospincasino.org\/es\/#website\"},\"datePublished\":\"2026-02-02T09:20:24+00:00\",\"dateModified\":\"2026-02-02T12:37:42+00:00\",\"description\":\"RingoSpin Login \u2013 inicia sesi\u00f3n de forma segura o reg\u00edstrate en minutos con acceso cifrado. Gestiona verificaci\u00f3n, recuperaci\u00f3n de contrase\u00f1a y ajustes en Ringo Spin.\",\"breadcrumb\":{\"@id\":\"https:\/\/ringospincasino.org\/es\/inicio-de-sesion-y-registro\/#breadcrumb\"},\"inLanguage\":\"es\",\"potentialAction\":[{\"@type\":\"ReadAction\",\"target\":[\"https:\/\/ringospincasino.org\/es\/inicio-de-sesion-y-registro\/\"]}]},{\"@type\":\"BreadcrumbList\",\"@id\":\"https:\/\/ringospincasino.org\/es\/inicio-de-sesion-y-registro\/#breadcrumb\",\"itemListElement\":[{\"@type\":\"ListItem\",\"position\":1,\"name\":\"Ringospin\",\"item\":\"https:\/\/ringospincasino.org\/es\/\"},{\"@type\":\"ListItem\",\"position\":2,\"name\":\"Inicio de sesi\u00f3n y Registro\"}]},{\"@type\":\"WebSite\",\"@id\":\"https:\/\/ringospincasino.org\/es\/#website\",\"url\":\"https:\/\/ringospincasino.org\/es\/\",\"name\":\"Ringospin\",\"description\":\"\",\"publisher\":{\"@id\":\"https:\/\/ringospincasino.org\/es\/#organization\"},\"potentialAction\":[{\"@type\":\"SearchAction\",\"target\":{\"@type\":\"EntryPoint\",\"urlTemplate\":\"https:\/\/ringospincasino.org\/es\/?s={search_term_string}\"},\"query-input\":{\"@type\":\"PropertyValueSpecification\",\"valueRequired\":true,\"valueName\":\"search_term_string\"}}],\"inLanguage\":\"es\"},{\"@type\":\"Organization\",\"@id\":\"https:\/\/ringospincasino.org\/es\/#organization\",\"name\":\"Ringospin\",\"url\":\"https:\/\/ringospincasino.org\/es\/\",\"logo\":{\"@type\":\"ImageObject\",\"inLanguage\":\"es\",\"@id\":\"https:\/\/ringospincasino.org\/es\/#\/schema\/logo\/image\/\",\"url\":\"https:\/\/ringospincasino.org\/wp-content\/uploads\/2026\/02\/logo-ringospin.svg\",\"contentUrl\":\"https:\/\/ringospincasino.org\/wp-content\/uploads\/2026\/02\/logo-ringospin.svg\",\"width\":139,\"height\":34,\"caption\":\"Ringospin\"},\"image\":{\"@id\":\"https:\/\/ringospincasino.org\/es\/#\/schema\/logo\/image\/\"}}]}<\/script>\n<!-- \/ Yoast SEO plugin. -->","yoast_head_json":{"title":"RingoSpin Login & Sign Up","description":"RingoSpin Login \u2013 inicia sesi\u00f3n de forma segura o reg\u00edstrate en minutos con acceso cifrado. Gestiona verificaci\u00f3n, recuperaci\u00f3n de contrase\u00f1a y ajustes en Ringo Spin.","robots":{"index":"index","follow":"follow","max-snippet":"max-snippet:-1","max-image-preview":"max-image-preview:large","max-video-preview":"max-video-preview:-1"},"canonical":"https:\/\/ringospincasino.org\/es\/inicio-de-sesion-y-registro\/","og_locale":"es_ES","og_type":"article","og_title":"RingoSpin Login & Sign Up","og_description":"RingoSpin Login \u2013 inicia sesi\u00f3n de forma segura o reg\u00edstrate en minutos con acceso cifrado. Gestiona verificaci\u00f3n, recuperaci\u00f3n de contrase\u00f1a y ajustes en Ringo Spin.","og_url":"https:\/\/ringospincasino.org\/es\/inicio-de-sesion-y-registro\/","og_site_name":"ringospin","article_modified_time":"2026-02-02T12:37:42+00:00","twitter_card":"summary_large_image","twitter_misc":{"Est. reading time":"1 minuto"},"schema":{"@context":"https:\/\/schema.org","@graph":[{"@type":"WebPage","@id":"https:\/\/ringospincasino.org\/es\/inicio-de-sesion-y-registro\/","url":"https:\/\/ringospincasino.org\/es\/inicio-de-sesion-y-registro\/","name":"RingoSpin Login & Sign Up","isPartOf":{"@id":"https:\/\/ringospincasino.org\/es\/#website"},"datePublished":"2026-02-02T09:20:24+00:00","dateModified":"2026-02-02T12:37:42+00:00","description":"RingoSpin Login \u2013 inicia sesi\u00f3n de forma segura o reg\u00edstrate en minutos con acceso cifrado. Gestiona verificaci\u00f3n, recuperaci\u00f3n de contrase\u00f1a y ajustes en Ringo Spin.","breadcrumb":{"@id":"https:\/\/ringospincasino.org\/es\/inicio-de-sesion-y-registro\/#breadcrumb"},"inLanguage":"es","potentialAction":[{"@type":"ReadAction","target":["https:\/\/ringospincasino.org\/es\/inicio-de-sesion-y-registro\/"]}]},{"@type":"BreadcrumbList","@id":"https:\/\/ringospincasino.org\/es\/inicio-de-sesion-y-registro\/#breadcrumb","itemListElement":[{"@type":"ListItem","position":1,"name":"Ringospin","item":"https:\/\/ringospincasino.org\/es\/"},{"@type":"ListItem","position":2,"name":"Inicio de sesi\u00f3n y Registro"}]},{"@type":"WebSite","@id":"https:\/\/ringospincasino.org\/es\/#website","url":"https:\/\/ringospincasino.org\/es\/","name":"Ringospin","description":"","publisher":{"@id":"https:\/\/ringospincasino.org\/es\/#organization"},"potentialAction":[{"@type":"SearchAction","target":{"@type":"EntryPoint","urlTemplate":"https:\/\/ringospincasino.org\/es\/?s={search_term_string}"},"query-input":{"@type":"PropertyValueSpecification","valueRequired":true,"valueName":"search_term_string"}}],"inLanguage":"es"},{"@type":"Organization","@id":"https:\/\/ringospincasino.org\/es\/#organization","name":"Ringospin","url":"https:\/\/ringospincasino.org\/es\/","logo":{"@type":"ImageObject","inLanguage":"es","@id":"https:\/\/ringospincasino.org\/es\/#\/schema\/logo\/image\/","url":"https:\/\/ringospincasino.org\/wp-content\/uploads\/2026\/02\/logo-ringospin.svg","contentUrl":"https:\/\/ringospincasino.org\/wp-content\/uploads\/2026\/02\/logo-ringospin.svg","width":139,"height":34,"caption":"Ringospin"},"image":{"@id":"https:\/\/ringospincasino.org\/es\/#\/schema\/logo\/image\/"}}]}},"_links":{"self":[{"href":"https:\/\/ringospincasino.org\/es\/wp-json\/wp\/v2\/pages\/1484"}],"collection":[{"href":"https:\/\/ringospincasino.org\/es\/wp-json\/wp\/v2\/pages"}],"about":[{"href":"https:\/\/ringospincasino.org\/es\/wp-json\/wp\/v2\/types\/page"}],"author":[{"embeddable":true,"href":"https:\/\/ringospincasino.org\/es\/wp-json\/wp\/v2\/users\/11"}],"replies":[{"embeddable":true,"href":"https:\/\/ringospincasino.org\/es\/wp-json\/wp\/v2\/comments?post=1484"}],"version-history":[{"count":3,"href":"https:\/\/ringospincasino.org\/es\/wp-json\/wp\/v2\/pages\/1484\/revisions"}],"predecessor-version":[{"id":1507,"href":"https:\/\/ringospincasino.org\/es\/wp-json\/wp\/v2\/pages\/1484\/revisions\/1507"}],"wp:attachment":[{"href":"https:\/\/ringospincasino.org\/es\/wp-json\/wp\/v2\/media?parent=1484"}],"curies":[{"name":"wp","href":"https:\/\/api.w.org\/{rel}","templated":true}]}}