{"id":1437,"date":"2026-02-02T09:09:26","date_gmt":"2026-02-02T09:09:26","guid":{"rendered":"https:\/\/ringospincasino.org\/app\/"},"modified":"2026-02-02T13:51:21","modified_gmt":"2026-02-02T13:51:21","slug":"app","status":"publish","type":"page","link":"https:\/\/ringospincasino.org\/fr\/app\/","title":{"rendered":"App"},"content":{"rendered":"<h1>Application RingoSpin<\/h1>\n<p>RingoSpin app est un logiciel de casino mobile interactif adapt\u00e9 aux besoins des clients qui recherchent une exp\u00e9rience de divertissement de haute qualit\u00e9 \u00e0 tout moment. L&rsquo;application RingoSpin est ax\u00e9e sur la s\u00e9curit\u00e9, orient\u00e9e vers la performance et tout simplement amusante ! Tous les membres de notre communaut\u00e9 conviviale ont acc\u00e8s \u00e0 une vari\u00e9t\u00e9 de machines \u00e0 sous en ligne, de jeux de table, de jeux avec croupier en direct et de gains instantan\u00e9s.<\/p>\n<p>RingoSpin Casino offre la meilleure exp\u00e9rience, tant en termes de vitesse que de s\u00e9curit\u00e9, sur Android, iOS ou ordinateur de bureau pour acc\u00e9der \u00e0 notre vaste biblioth\u00e8que de jeux. Cette plateforme de casino mobile enti\u00e8rement personnalis\u00e9e est con\u00e7ue pour offrir une exp\u00e9rience immersive avec une navigation facile et une assistance instantan\u00e9e.<\/p>\n<div class=\"banner-wrap\" aria-label=\"Banner\"><img src=\"https:\/\/ringospincasino.org\/wp-content\/uploads\/2026\/02\/Ringospin-banner-carousel-932\u0445400-4.webp\" class=\"w-100 d-none d-lg-block img-pc main-banner-img\" alt=\"ringospin bonus desktop\" fetchpriority=\"high\" decoding=\"async\"><img src=\"https:\/\/ringospincasino.org\/wp-content\/uploads\/2026\/02\/Group-376223.webp\" class=\"w-100 d-none d-md-block d-lg-none main-banner-img\" alt=\"ringospin bonus mobile\" fetchpriority=\"high\" decoding=\"async\"><img src=\"https:\/\/ringospincasino.org\/wp-content\/uploads\/2026\/02\/Group-376223.webp\" class=\"w-100 d-md-none\" alt=\"ringospin bonus mobile\" fetchpriority=\"high\" decoding=\"async\"><div class=\"banner-description\">\n<div class=\"banner-title\">Bonus de bienvenue<\/div>\n<p class=\"banner-header-title\">1000 \u20ac<\/p>\n<div class=\"banner-header-AdditionalText\">+ 100 Tours gratuits<\/div>\n<button data-item=\"homepage_banner_link\" class=\"goto m-button m-gradient-border m-button--primary m-button--large banner-button btn-orange\">\n            <div class=\"m-button-content\">\n                <span>Inscrivez-vous d\u00e8s maintenant<\/span>\n                <span><\/span>\n            <\/div>\n        <\/button>\n<\/div>\n<div class=\"WelcomePack\">\n<p><img loading=\"lazy\" decoding=\"async\" class=\"alignnone size-full wp-image-1513\" src=\"https:\/\/ringospincasino.org\/wp-content\/uploads\/welcome-crown.svg\" alt=\"welcome crown\" width=\"25\" height=\"26\" \/><\/p>\n<div class=\"WelcomePack-Info\">Cashback hebdomadaire jusqu&rsquo;\u00e0 25 %<\/div>\n<p><img loading=\"lazy\" decoding=\"async\" class=\"alignnone size-full wp-image-1513\" src=\"https:\/\/ringospincasino.org\/wp-content\/uploads\/welcome-crown.svg\" alt=\"welcome crown\" width=\"25\" height=\"26\" \/><\/p>\n<\/div>\n<\/div>\n<h2>Caract\u00e9ristiques de l&rsquo;application RingoSpin<\/h2>\n<p>L&rsquo;application RingoSpin Casino est con\u00e7ue dans un design moderne et ax\u00e9 sur l&rsquo;utilisateur. Notre initiative de la cr\u00e9er telle que vous la voyez aujourd&rsquo;hui d\u00e9coule de notre compr\u00e9hension des technologies modernes et des tendances en mati\u00e8re de casino. Nous avons l&rsquo;intention de rendre l&rsquo;exp\u00e9rience de jeu plus attrayante sur tous les appareils. Elle dispose \u00e9galement de plusieurs fonctionnalit\u00e9s qui la diff\u00e9rencient des navigateurs de bureau traditionnels.<\/p>\n<p>L&rsquo;application offre une vitesse de chargement rapide, une latence minimale et des transitions ininterrompues qui permettent aux joueurs de jouer sans interruption. Elle offre une grande r\u00e9activit\u00e9 gr\u00e2ce \u00e0 sa matrice bas\u00e9e sur les performances, qui peut \u00eatre utilis\u00e9e sur les tablettes, les smartphones, les PC et pratiquement tous les appareils modernes que vous connaissez. Ringo Spin est tr\u00e8s populaire parmi les amateurs de casinos mobiles.<\/p>\n<p>L&rsquo;application RingoSpin fait de la s\u00e9curit\u00e9 son principe fondateur, c&rsquo;est pourquoi des directives de cryptage TLS avanc\u00e9es sont mises en \u0153uvre pour prot\u00e9ger les informations des utilisateurs et s\u00e9curiser les transactions. L&rsquo;application facilite \u00e9galement le processus de v\u00e9rification, ce qui simplifie la gestion des comptes tout en garantissant un niveau \u00e9lev\u00e9 de confidentialit\u00e9. De plus, des services d&rsquo;assistance int\u00e9gr\u00e9s tels que le chat en direct permettent aux joueurs d&rsquo;obtenir une aide en temps r\u00e9el. C&rsquo;est ainsi que nous satisfaisons tout le monde. L&rsquo;interface conviviale facilite la navigation dans le jeu, les d\u00e9p\u00f4ts et les param\u00e8tres du compte, et offre une exp\u00e9rience client simple et agr\u00e9able.<\/p>\n<p><div class=\"scrollable-content-wrap my-5\"><div class=\"scrollable-content-inner\"><h2>Application RingoSpin iOS<\/h2>\n<p>Pour les utilisateurs iOS, RingoSpin peut \u00eatre consult\u00e9 de mani\u00e8re simplifi\u00e9e dans votre navigateur Safari. Le site est \u00e9galement enti\u00e8rement compatible avec les iPhone et les iPad et offre une exp\u00e9rience de jeu stable et r\u00e9active sans n\u00e9cessiter de t\u00e9l\u00e9chargement depuis l&rsquo;App Store.<\/p>\n<p>Pour acc\u00e9der \u00e0 RingoSpin depuis l&rsquo;\u00e9cran d&rsquo;accueil, il suffit \u00e0 l&rsquo;utilisateur d&rsquo;appuyer sur le carr\u00e9 et sur \u00ab Ajouter \u00e0 l&rsquo;\u00e9cran d&rsquo;accueil \u00bb pour obtenir un raccourci rapide permettant un acc\u00e8s instantan\u00e9.<\/p>\n<p>Cette approche est conforme aux politiques d&rsquo;Apple en mati\u00e8re d&rsquo;applications de jeux d&rsquo;argent en ligne, ce qui la rend conforme et s\u00e9curis\u00e9e. Toutes les fonctionnalit\u00e9s importantes, \u00e0 savoir le gameplay, la gestion des comptes et l&rsquo;assistance par chat en direct, fonctionnent parfaitement ! Notre version iOS est toujours excellente. Elle est facile \u00e0 utiliser, s\u00e9curis\u00e9e et flexible sur diff\u00e9rentes tailles d&rsquo;\u00e9cran, et offre une exp\u00e9rience uniforme sur tous les appareils iOS. Si vous souhaitez simplement cr\u00e9er un raccourci sans rien t\u00e9l\u00e9charger.<\/p>\n<table>\n<tbody>\n<tr>\n<td>Plateforme<\/td>\n<td>Comment cr\u00e9er un raccourci<\/td>\n<\/tr>\n<tr>\n<td rowspan=\"4\">Syst\u00e8me d&rsquo;exploitation Windows<\/td>\n<td>1. Ouvrez votre navigateur et acc\u00e9dez \u00e0 la page RingoSpin.<\/td>\n<\/tr>\n<tr>\n<td>2. Cliquez sur le menu du navigateur (trois points ou lignes).<\/td>\n<\/tr>\n<tr>\n<td>3. S\u00e9lectionnez \u00ab Cr\u00e9er un raccourci \u00bb, qui est une petite page avec une fl\u00e8che vers le bas (Chrome), puis \u00ab Ajouter un raccourci \u00bb.<\/td>\n<\/tr>\n<tr>\n<td>4. Confirmez pour placer le raccourci sur votre bureau.<\/td>\n<\/tr>\n<tr>\n<td rowspan=\"3\">macOS<\/td>\n<td>1. Ouvrez Safari ou Chrome et rendez-vous sur RingoSpin.<\/td>\n<\/tr>\n<tr>\n<td>2. Dans le menu, s\u00e9lectionnez \u00ab Ajouter \u00e0 l&rsquo;\u00e9cran d&rsquo;accueil \u00bb et cliquez pour ajouter l&rsquo;adresse URL.<\/td>\n<\/tr>\n<tr>\n<td>3. Aucun logiciel suppl\u00e9mentaire n&rsquo;est n\u00e9cessaire.<\/td>\n<\/tr>\n<\/tbody>\n<\/table>\n<h2><img loading=\"lazy\" decoding=\"async\" src=\"https:\/\/ringospincasino.org\/wp-content\/uploads\/2026\/02\/App4-3.webp\" alt=\"App4\" width=\"1248\" height=\"536\" \/><\/h2>\n<\/div><\/div><div style=\"clear: both\"><\/div><div class=\"d-flex justify-content-center\"><button data-item=\"decouvrez_link\" data-group=\"website_links\" class=\"goto fw-bold rounded-pill btn btn-orange\" aria-label=\"T\u00e9l\u00e9chargez l&#039;application Ringospin\" >T\u00e9l\u00e9chargez l&#039;application Ringospin<\/button><\/div><div class=\"scrollable-content-wrap my-5\"><div class=\"scrollable-content-inner\"><h2>Application RingoSpin pour Android<\/h2>\n<p>L&rsquo;application RingoSpin est un logiciel natif Android qui offre un \u00e9quilibre entre simplicit\u00e9 et performances. L&rsquo;application est disponible sous forme d&rsquo;application web progressive. Tous nos joueurs peuvent l&rsquo;installer sans passer par les boutiques d&rsquo;applications traditionnelles.<\/p>\n<p>Il n&rsquo;est pas n\u00e9cessaire de t\u00e9l\u00e9charger des fichiers APK directement sur le site RingoSpin Casino. Cela permet une installation s\u00e9curis\u00e9e et une utilisation instantan\u00e9e de toutes les fonctionnalit\u00e9s. La version Android comprend toutes les fonctionnalit\u00e9s essentielles, notamment la s\u00e9lection de jeux, les services de compte, les transactions s\u00e9curis\u00e9es et l&rsquo;assistance par chat en direct. Elle est \u00e9galement configur\u00e9e pour les plateformes \u00e0 \u00e9cran tactile, ce qui permet de naviguer facilement \u00e0 l&rsquo;aide de mouvements de balayage et de menus visibles. Les autorisations de s\u00e9curit\u00e9 de l&rsquo;application sont r\u00e9duites au strict minimum, principalement ax\u00e9es sur la s\u00e9curit\u00e9 des paiements et les mises \u00e0 jour en temps r\u00e9el, et la confidentialit\u00e9 est maintenue au plus haut niveau.<\/p>\n<h3>Installation sur Android<\/h3>\n<p>Pour installer l&rsquo;application Ringospin, vous devez :<\/p>\n<ol>\n<li>Cliquez sur le bouton \u00ab Application casino \u00bb en bas de la page de notre casino Ringo Spin.<\/li>\n<li>Vous serez redirig\u00e9 vers le lien de t\u00e9l\u00e9chargement de notre PWA.<\/li>\n<\/ol>\n<p>\u00c0 partir de l\u00e0, il vous suffit de cliquer sur \u00ab T\u00e9l\u00e9charger \u00bb et d&rsquo;attendre que le raccourci vers Ringospin Casino s&rsquo;affiche sur votre \u00e9cran. C&rsquo;est tout.<\/p>\n<p><img loading=\"lazy\" decoding=\"async\" src=\"https:\/\/ringospincasino.org\/wp-content\/uploads\/2026\/02\/App2-2.webp\" alt=\"App2\" width=\"1248\" height=\"536\" \/><\/p>\n<\/div><\/div><div style=\"clear: both\"><\/div><div class=\"d-flex justify-content-center\"><button data-item=\"decouvrez_link\" data-group=\"website_links\" class=\"goto fw-bold rounded-pill btn btn-orange\" aria-label=\"T\u00e9l\u00e9chargez l&#039;application Ringospin\" >T\u00e9l\u00e9chargez l&#039;application Ringospin<\/button><\/div><div class=\"scrollable-content-wrap my-5\"><div class=\"scrollable-content-inner\"><h2>Version bureau de Ringo Spin Casino<\/h2>\n<p>L&rsquo;application de bureau du casino RingoSpin offre une exp\u00e9rience de jeu compl\u00e8te similaire \u00e0 celle de la version mobile. La version de bureau, compatible avec les principaux navigateurs tels que Chrome, Edge, Safari et Firefox, offre une interface plus grande aux joueurs qui souhaitent s&rsquo;immerger dans le jeu. La conception permet de naviguer facilement dans les cat\u00e9gories du jeu, les param\u00e8tres du compte et l&rsquo;assistance.<\/p>\n<p>Il est toujours plus agr\u00e9able de jouer sur un grand \u00e9cran, vous pouvez donc jouer avec nous m\u00eame sur les plus grands moniteurs ! Vous pouvez facilement ajouter RingoSpin Casino \u00e0 votre ordinateur : sous Windows, il vous suffit d&rsquo;ouvrir le navigateur, d&rsquo;aller sur notre site Ringo Spin et de cr\u00e9er un raccourci dans le menu. Et pour Safari ou Chrome sur Mac, ajoutez l&rsquo;application Ringospin comme un raccourci sur votre bureau.<\/p>\n<h2>Compatibilit\u00e9 des appareils<\/h2>\n<p>RingoSpin met tout en \u0153uvre pour offrir une exp\u00e9rience de jeu coh\u00e9rente sur toutes les plateformes. L&rsquo;application et la plateforme sont compatibles avec les smartphones, les tablettes et les ordinateurs de bureau, et elles disposent des derniers syst\u00e8mes d&rsquo;exploitation pour garantir la s\u00e9curit\u00e9 et les performances.<\/p>\n<p>Le casino mobile est compatible avec diff\u00e9rentes tailles d&rsquo;\u00e9cran. Nous avons cr\u00e9\u00e9 une navigation tr\u00e8s simple et un acc\u00e8s \u00e0 la biblioth\u00e8que compl\u00e8te de jeux en un temps record. L&rsquo;application de bureau est dot\u00e9e d&rsquo;une interface plus d\u00e9taill\u00e9e et peut \u00eatre utilis\u00e9e sur des \u00e9crans plus grands sans perte de fonctionnalit\u00e9 ou de performances.<\/p>\n<p>Nous sommes tr\u00e8s heureux d&rsquo;informer nos utilisateurs que l&rsquo;application Android RingoSpin est compatible avec divers appareils Android 6.0+. Elle est compatible avec tous les appareils (smartphones, tablettes) et, si vous l&rsquo;installez, vous disposerez d&rsquo;une plateforme de jeu dynamique qui s&rsquo;adapte \u00e0 toutes les tailles d&rsquo;\u00e9cran. Les performances de l&rsquo;application garantissent une \u00e9conomie de batterie, des fonctionnalit\u00e9s de chargement rapide et des animations impeccables, ce qui convient parfaitement aux joueurs de casino.<\/p>\n<p><img loading=\"lazy\" decoding=\"async\" src=\"https:\/\/ringospincasino.org\/wp-content\/uploads\/2026\/02\/App6-1.webp\" alt=\"App6\" width=\"1248\" height=\"536\" \/><\/p>\n<\/div><\/div><div style=\"clear: both\"><\/div><div class=\"d-flex justify-content-center\"><button data-item=\"decouvrez_link\" data-group=\"website_links\" class=\"goto fw-bold rounded-pill btn btn-orange\" aria-label=\"T\u00e9l\u00e9chargez l&#039;application Ringospin\" >T\u00e9l\u00e9chargez l&#039;application Ringospin<\/button><\/div><div class=\"scrollable-content-wrap my-5\"><div class=\"scrollable-content-inner\"><h2>FAQ<\/h2>\n<h3>Qu&rsquo;est-ce que l&rsquo;application PWA RingoSpin ?<\/h3>\n<p>Progressive Web App (RingoSpin PWA) est une application l\u00e9g\u00e8re de notre casino, bas\u00e9e sur un navigateur. Ne vous inqui\u00e9tez pas pour les t\u00e9l\u00e9chargements suppl\u00e9mentaires : l&rsquo;application Ringospin dispose de toutes les fonctionnalit\u00e9s natives sans avoir besoin de t\u00e9l\u00e9charger quoi que ce soit ! Elle se met \u00e9galement \u00e0 jour automatiquement ; ainsi, les joueurs b\u00e9n\u00e9ficient toujours des derni\u00e8res am\u00e9liorations en mati\u00e8re de s\u00e9curit\u00e9 et des nouveaux jeux ajout\u00e9s. La PWA peut \u00eatre adapt\u00e9e \u00e0 tous les types d&rsquo;appareils, avec des temps de chargement rapides et une prise en charge hors ligne dans des conditions limit\u00e9es.<\/p>\n<h3>L&rsquo;application est-elle optimis\u00e9e pour les tablettes et les \u00e9crans plus grands ?<\/h3>\n<p>Nous avons tout fait pour l&rsquo;optimiser pour toutes les tailles d&rsquo;\u00e9cran ! Elle est donc d\u00e9sormais parfaitement adaptable \u00e0 diff\u00e9rentes tailles d&rsquo;\u00e9cran, telles que les tablettes et les grands \u00e9crans. Cela garantit \u00e0 nos chers utilisateurs d&rsquo;une exp\u00e9rience de jeu irr\u00e9prochable, que ce soit sur un smartphone ou une tablette, les \u00e9l\u00e9ments de l&rsquo;interface utilisateur \u00e9tant ajust\u00e9s pour une utilisation optimale.<\/p>\n<h3>Tous les jeux du casino RingoSpin sont-ils disponibles dans la version PWA ?<\/h3>\n<p>La version PWA propose la biblioth\u00e8que de jeux RingoSpin Casino, tels que les machines \u00e0 sous en ligne, les jeux de table et les collections de livres. Toutes nos biblioth\u00e8ques sont affich\u00e9es de la m\u00eame mani\u00e8re. Vous ne perdez rien et pouvez profiter d&rsquo;une exp\u00e9rience de jeu fiable et coh\u00e9rente \u00e0 tout moment ! Vous pouvez toujours demander \u00e0 notre \u00e9quipe d&rsquo;assistance de vous expliquer tout ce qui concerne notre syst\u00e8me et notre application, nous serons ravis de vous aider.<\/p>\n<\/div><\/div><\/p>\n","protected":false},"excerpt":{"rendered":"<p>Application RingoSpin RingoSpin app est un logiciel de casino mobile interactif adapt\u00e9 aux besoins des clients qui recherchent une exp\u00e9rience de divertissement de haute qualit\u00e9 \u00e0 tout moment. L&rsquo;application RingoSpin est ax\u00e9e sur la s\u00e9curit\u00e9, orient\u00e9e vers la performance et tout simplement amusante ! Tous les membres de notre communaut\u00e9 conviviale ont acc\u00e8s \u00e0 une [&hellip;]<\/p>\n","protected":false},"author":11,"featured_media":0,"parent":0,"menu_order":0,"comment_status":"closed","ping_status":"closed","template":"template-builder.php","meta":{"_acf_changed":false,"inline_featured_image":false,"footnotes":""},"class_list":["post-1437","page","type-page","status-publish","hentry"],"acf":[],"yoast_head":"<!-- This site is optimized with the Yoast SEO plugin v24.4 - https:\/\/yoast.com\/wordpress\/plugins\/seo\/ -->\n<title>RingoSpin App \u2013 T\u00e9l\u00e9charger sur iOS &amp; Android<\/title>\n<meta name=\"description\" content=\"RingoSpin App \u2013 t\u00e9l\u00e9chargez l\u2019application sur iOS et Android pour profiter d\u2019un casino mobile fluide. Machines \u00e0 sous, tables, jackpots et live dealers avec synchronisation compl\u00e8te sur Ringo Spin.\" \/>\n<meta name=\"robots\" content=\"index, follow, max-snippet:-1, max-image-preview:large, max-video-preview:-1\" \/>\n<link rel=\"canonical\" href=\"https:\/\/ringospincasino.org\/fr\/app\/\" \/>\n<meta property=\"og:locale\" content=\"fr_FR\" \/>\n<meta property=\"og:type\" content=\"article\" \/>\n<meta property=\"og:title\" content=\"RingoSpin App \u2013 T\u00e9l\u00e9charger sur iOS &amp; Android\" \/>\n<meta property=\"og:description\" content=\"RingoSpin App \u2013 t\u00e9l\u00e9chargez l\u2019application sur iOS et Android pour profiter d\u2019un casino mobile fluide. Machines \u00e0 sous, tables, jackpots et live dealers avec synchronisation compl\u00e8te sur Ringo Spin.\" \/>\n<meta property=\"og:url\" content=\"https:\/\/ringospincasino.org\/fr\/app\/\" \/>\n<meta property=\"og:site_name\" content=\"ringospin\" \/>\n<meta property=\"article:modified_time\" content=\"2026-02-02T13:51:21+00:00\" \/>\n<meta name=\"twitter:card\" content=\"summary_large_image\" \/>\n<meta name=\"twitter:label1\" content=\"Dur\u00e9e de lecture estim\u00e9e\" \/>\n\t<meta name=\"twitter:data1\" content=\"2 minutes\" \/>\n<script type=\"application\/ld+json\" class=\"yoast-schema-graph\">{\"@context\":\"https:\/\/schema.org\",\"@graph\":[{\"@type\":\"WebPage\",\"@id\":\"https:\/\/ringospincasino.org\/fr\/app\/\",\"url\":\"https:\/\/ringospincasino.org\/fr\/app\/\",\"name\":\"RingoSpin App \u2013 T\u00e9l\u00e9charger sur iOS & Android\",\"isPartOf\":{\"@id\":\"https:\/\/ringospincasino.org\/fr\/#website\"},\"datePublished\":\"2026-02-02T09:09:26+00:00\",\"dateModified\":\"2026-02-02T13:51:21+00:00\",\"description\":\"RingoSpin App \u2013 t\u00e9l\u00e9chargez l\u2019application sur iOS et Android pour profiter d\u2019un casino mobile fluide. Machines \u00e0 sous, tables, jackpots et live dealers avec synchronisation compl\u00e8te sur Ringo Spin.\",\"breadcrumb\":{\"@id\":\"https:\/\/ringospincasino.org\/fr\/app\/#breadcrumb\"},\"inLanguage\":\"fr-FR\",\"potentialAction\":[{\"@type\":\"ReadAction\",\"target\":[\"https:\/\/ringospincasino.org\/fr\/app\/\"]}]},{\"@type\":\"BreadcrumbList\",\"@id\":\"https:\/\/ringospincasino.org\/fr\/app\/#breadcrumb\",\"itemListElement\":[{\"@type\":\"ListItem\",\"position\":1,\"name\":\"Ringospin\",\"item\":\"https:\/\/ringospincasino.org\/fr\/\"},{\"@type\":\"ListItem\",\"position\":2,\"name\":\"App\"}]},{\"@type\":\"WebSite\",\"@id\":\"https:\/\/ringospincasino.org\/fr\/#website\",\"url\":\"https:\/\/ringospincasino.org\/fr\/\",\"name\":\"Ringospin\",\"description\":\"\",\"publisher\":{\"@id\":\"https:\/\/ringospincasino.org\/fr\/#organization\"},\"potentialAction\":[{\"@type\":\"SearchAction\",\"target\":{\"@type\":\"EntryPoint\",\"urlTemplate\":\"https:\/\/ringospincasino.org\/fr\/?s={search_term_string}\"},\"query-input\":{\"@type\":\"PropertyValueSpecification\",\"valueRequired\":true,\"valueName\":\"search_term_string\"}}],\"inLanguage\":\"fr-FR\"},{\"@type\":\"Organization\",\"@id\":\"https:\/\/ringospincasino.org\/fr\/#organization\",\"name\":\"Ringospin\",\"url\":\"https:\/\/ringospincasino.org\/fr\/\",\"logo\":{\"@type\":\"ImageObject\",\"inLanguage\":\"fr-FR\",\"@id\":\"https:\/\/ringospincasino.org\/fr\/#\/schema\/logo\/image\/\",\"url\":\"https:\/\/ringospincasino.org\/wp-content\/uploads\/2026\/02\/logo-ringospin.svg\",\"contentUrl\":\"https:\/\/ringospincasino.org\/wp-content\/uploads\/2026\/02\/logo-ringospin.svg\",\"width\":139,\"height\":34,\"caption\":\"Ringospin\"},\"image\":{\"@id\":\"https:\/\/ringospincasino.org\/fr\/#\/schema\/logo\/image\/\"}}]}<\/script>\n<!-- \/ Yoast SEO plugin. -->","yoast_head_json":{"title":"RingoSpin App \u2013 T\u00e9l\u00e9charger sur iOS & Android","description":"RingoSpin App \u2013 t\u00e9l\u00e9chargez l\u2019application sur iOS et Android pour profiter d\u2019un casino mobile fluide. Machines \u00e0 sous, tables, jackpots et live dealers avec synchronisation compl\u00e8te sur Ringo Spin.","robots":{"index":"index","follow":"follow","max-snippet":"max-snippet:-1","max-image-preview":"max-image-preview:large","max-video-preview":"max-video-preview:-1"},"canonical":"https:\/\/ringospincasino.org\/fr\/app\/","og_locale":"fr_FR","og_type":"article","og_title":"RingoSpin App \u2013 T\u00e9l\u00e9charger sur iOS & Android","og_description":"RingoSpin App \u2013 t\u00e9l\u00e9chargez l\u2019application sur iOS et Android pour profiter d\u2019un casino mobile fluide. Machines \u00e0 sous, tables, jackpots et live dealers avec synchronisation compl\u00e8te sur Ringo Spin.","og_url":"https:\/\/ringospincasino.org\/fr\/app\/","og_site_name":"ringospin","article_modified_time":"2026-02-02T13:51:21+00:00","twitter_card":"summary_large_image","twitter_misc":{"Dur\u00e9e de lecture estim\u00e9e":"2 minutes"},"schema":{"@context":"https:\/\/schema.org","@graph":[{"@type":"WebPage","@id":"https:\/\/ringospincasino.org\/fr\/app\/","url":"https:\/\/ringospincasino.org\/fr\/app\/","name":"RingoSpin App \u2013 T\u00e9l\u00e9charger sur iOS & Android","isPartOf":{"@id":"https:\/\/ringospincasino.org\/fr\/#website"},"datePublished":"2026-02-02T09:09:26+00:00","dateModified":"2026-02-02T13:51:21+00:00","description":"RingoSpin App \u2013 t\u00e9l\u00e9chargez l\u2019application sur iOS et Android pour profiter d\u2019un casino mobile fluide. Machines \u00e0 sous, tables, jackpots et live dealers avec synchronisation compl\u00e8te sur Ringo Spin.","breadcrumb":{"@id":"https:\/\/ringospincasino.org\/fr\/app\/#breadcrumb"},"inLanguage":"fr-FR","potentialAction":[{"@type":"ReadAction","target":["https:\/\/ringospincasino.org\/fr\/app\/"]}]},{"@type":"BreadcrumbList","@id":"https:\/\/ringospincasino.org\/fr\/app\/#breadcrumb","itemListElement":[{"@type":"ListItem","position":1,"name":"Ringospin","item":"https:\/\/ringospincasino.org\/fr\/"},{"@type":"ListItem","position":2,"name":"App"}]},{"@type":"WebSite","@id":"https:\/\/ringospincasino.org\/fr\/#website","url":"https:\/\/ringospincasino.org\/fr\/","name":"Ringospin","description":"","publisher":{"@id":"https:\/\/ringospincasino.org\/fr\/#organization"},"potentialAction":[{"@type":"SearchAction","target":{"@type":"EntryPoint","urlTemplate":"https:\/\/ringospincasino.org\/fr\/?s={search_term_string}"},"query-input":{"@type":"PropertyValueSpecification","valueRequired":true,"valueName":"search_term_string"}}],"inLanguage":"fr-FR"},{"@type":"Organization","@id":"https:\/\/ringospincasino.org\/fr\/#organization","name":"Ringospin","url":"https:\/\/ringospincasino.org\/fr\/","logo":{"@type":"ImageObject","inLanguage":"fr-FR","@id":"https:\/\/ringospincasino.org\/fr\/#\/schema\/logo\/image\/","url":"https:\/\/ringospincasino.org\/wp-content\/uploads\/2026\/02\/logo-ringospin.svg","contentUrl":"https:\/\/ringospincasino.org\/wp-content\/uploads\/2026\/02\/logo-ringospin.svg","width":139,"height":34,"caption":"Ringospin"},"image":{"@id":"https:\/\/ringospincasino.org\/fr\/#\/schema\/logo\/image\/"}}]}},"_links":{"self":[{"href":"https:\/\/ringospincasino.org\/fr\/wp-json\/wp\/v2\/pages\/1437"}],"collection":[{"href":"https:\/\/ringospincasino.org\/fr\/wp-json\/wp\/v2\/pages"}],"about":[{"href":"https:\/\/ringospincasino.org\/fr\/wp-json\/wp\/v2\/types\/page"}],"author":[{"embeddable":true,"href":"https:\/\/ringospincasino.org\/fr\/wp-json\/wp\/v2\/users\/11"}],"replies":[{"embeddable":true,"href":"https:\/\/ringospincasino.org\/fr\/wp-json\/wp\/v2\/comments?post=1437"}],"version-history":[{"count":2,"href":"https:\/\/ringospincasino.org\/fr\/wp-json\/wp\/v2\/pages\/1437\/revisions"}],"predecessor-version":[{"id":1592,"href":"https:\/\/ringospincasino.org\/fr\/wp-json\/wp\/v2\/pages\/1437\/revisions\/1592"}],"wp:attachment":[{"href":"https:\/\/ringospincasino.org\/fr\/wp-json\/wp\/v2\/media?parent=1437"}],"curies":[{"name":"wp","href":"https:\/\/api.w.org\/{rel}","templated":true}]}}