{"id":1479,"date":"2026-02-02T09:20:24","date_gmt":"2026-02-02T09:20:24","guid":{"rendered":"https:\/\/ringospincasino.org\/login-and-registration\/"},"modified":"2026-02-02T14:13:28","modified_gmt":"2026-02-02T14:13:28","slug":"connexion-et-inscription","status":"publish","type":"page","link":"https:\/\/ringospincasino.org\/fr\/connexion-et-inscription\/","title":{"rendered":"Connexion et inscription"},"content":{"rendered":"<h1>Connexion et inscription \u00e0 RingoSpin<\/h1>\n<p>RingoSpin login offre l&rsquo;exp\u00e9rience de jeu en ligne la plus agr\u00e9able qui soit, hautement s\u00e9curis\u00e9e, pratique et proposant un nombre impressionnant de jeux. Les joueurs peuvent choisir leurs titres pr\u00e9f\u00e9r\u00e9s dans notre immense biblioth\u00e8que de plus de 6 000 jeux interactifs !<\/p>\n<p>Sur notre plateforme, les joueurs peuvent facilement contr\u00f4ler leurs gains et limiter leurs heures de jeu quand ils le souhaitent. Ils peuvent participer \u00e0 des jeux passionnants, prendre part \u00e0 toutes nos campagnes promotionnelles et profiter d&rsquo;une exp\u00e9rience de jeu fluide sur diff\u00e9rents appareils. RingoSpin Casino est un site fiable pour les jeux d&rsquo;argent en ligne ! Nous prenons la s\u00e9curit\u00e9 de nos utilisateurs tr\u00e8s au s\u00e9rieux et mettons en \u0153uvre des fonctionnalit\u00e9s avanc\u00e9es.<\/p>\n<p><div class=\"banner-wrap\" aria-label=\"Banner\"><img src=\"https:\/\/ringospincasino.org\/wp-content\/uploads\/2026\/02\/Ringospin-banner-carousel-932\u0445400-4.webp\" class=\"w-100 d-none d-lg-block img-pc main-banner-img\" alt=\"ringospin bonus desktop\" fetchpriority=\"high\" decoding=\"async\"><img src=\"https:\/\/ringospincasino.org\/wp-content\/uploads\/2026\/02\/Group-376223.webp\" class=\"w-100 d-none d-md-block d-lg-none main-banner-img\" alt=\"ringospin bonus mobile\" fetchpriority=\"high\" decoding=\"async\"><img src=\"https:\/\/ringospincasino.org\/wp-content\/uploads\/2026\/02\/Group-376223.webp\" class=\"w-100 d-md-none\" alt=\"ringospin bonus mobile\" fetchpriority=\"high\" decoding=\"async\"><div class=\"banner-description\">\n<div class=\"banner-title\">Bonus de bienvenue<\/div>\n<p class=\"banner-header-title\">1000 \u20ac<\/p>\n<div class=\"banner-header-AdditionalText\">+ 100 Tours gratuits<\/div>\n<button data-item=\"homepage_banner_link\" class=\"goto m-button m-gradient-border m-button--primary m-button--large banner-button btn-orange\">\n            <div class=\"m-button-content\">\n                <span>Inscrivez-vous d\u00e8s maintenant<\/span>\n                <span><\/span>\n            <\/div>\n        <\/button>\n<\/div>\n<div class=\"WelcomePack\">\n<p><img loading=\"lazy\" decoding=\"async\" class=\"alignnone size-full wp-image-1513\" src=\"https:\/\/ringospincasino.org\/wp-content\/uploads\/welcome-crown.svg\" alt=\"welcome crown\" width=\"25\" height=\"26\" \/><\/p>\n<div class=\"WelcomePack-Info\">Cashback hebdomadaire jusqu&rsquo;\u00e0 25 %<\/div>\n<p><img loading=\"lazy\" decoding=\"async\" class=\"alignnone size-full wp-image-1513\" src=\"https:\/\/ringospincasino.org\/wp-content\/uploads\/welcome-crown.svg\" alt=\"welcome crown\" width=\"25\" height=\"26\" \/><\/p>\n<\/div>\n<\/div><div class=\"scrollable-content-wrap my-5\"><div class=\"scrollable-content-inner\"><h2>Proc\u00e9dure d&rsquo;inscription \u00e0 RingoSpin<\/h2>\n<p>Nous vous invitons \u00e0 vous inscrire chez nous ! L&rsquo;inscription sur RingoSpin Casino vous donne acc\u00e8s \u00e0 l&rsquo;ensemble des fonctionnalit\u00e9s qui am\u00e9lioreront votre exp\u00e9rience de jeu. L&rsquo;ouverture d&rsquo;un compte, votre premi\u00e8re connexion \u00e0 RingoSpin, vous donne acc\u00e8s aux machines \u00e0 sous, aux jeux de livres, aux Drops and Wins, aux jeux originaux et aux meilleurs titres \u00e0 essayer ! L&rsquo;inscription offre \u00e9galement des bonus sp\u00e9ciaux RingoSpin Casino, des tournois promotionnels et un programme de fid\u00e9lit\u00e9 gratifiant pour les nouveaux joueurs et les joueurs existants.<\/p>\n<p>Le processus d&rsquo;inscription \u00e0 Ringo Spin est simple et rapide. Les joueurs doivent fournir certaines informations personnelles importantes :<\/p>\n<ul>\n<li>leur adresse e-mail r\u00e9elle ;<\/li>\n<li>un mot de passe s\u00e9curis\u00e9 cr\u00e9\u00e9 au moment de l&rsquo;inscription.<\/li>\n<\/ul>\n<p>Vous pouvez vous connecter \u00e0 RingoSpin avec l&rsquo;adresse e-mail de votre compte Google et ajouter votre nom et vos coordonn\u00e9es ult\u00e9rieurement dans les param\u00e8tres. Ces informations sont importantes pour respecter les normes l\u00e9gales et v\u00e9rifier facilement les comptes.<\/p>\n<p>Notre syst\u00e8me d&rsquo;inscription au casino RingoSpin est \u00e9galement conforme aux normes du jeu responsable. Ainsi, comme vous le comprenez, les membres de notre casino Ringo Spin doivent \u00eatre majeurs ! Cette politique vise \u00e0 garantir la s\u00e9curit\u00e9 de l&rsquo;environnement de jeu. Elle permet \u00e9galement aux joueurs de limiter leurs limites de jeu personnelles et d&rsquo;activer des fonctionnalit\u00e9s de jeu responsable, ce qui favorise une exp\u00e9rience s\u00fbre et contr\u00f4l\u00e9e gr\u00e2ce \u00e0 l&rsquo;inscription.<\/p>\n<h3>Modification des donn\u00e9es personnelles sur Ringo Spin<\/h3>\n<p>Le tableau de bord du compte permet aux joueurs de mettre \u00e0 jour leurs informations personnelles \u00e0 tout moment. Vous pouvez modifier vos coordonn\u00e9es personnelles, vos param\u00e8tres bancaires et de s\u00e9curit\u00e9. Il est essentiel de disposer de donn\u00e9es correctes pour permettre une v\u00e9rification, un traitement des retraits et une communication fluides. Les protocoles de s\u00e9curit\u00e9 de haut niveau appliqu\u00e9s \u00e0 notre plateforme garantissent toutes les mises \u00e0 jour afin de prot\u00e9ger votre vie priv\u00e9e et l&rsquo;int\u00e9grit\u00e9 de vos informations personnelles.<\/p>\n<p>La mise \u00e0 jour fr\u00e9quente des donn\u00e9es personnelles facilite \u00e9galement le respect des r\u00e8gles et r\u00e9duit le risque de piratage, d&rsquo;attaques de robots et d&rsquo;acc\u00e8s non autoris\u00e9s au compte. Il est conseill\u00e9 aux joueurs de Ringo Spin de mettre \u00e0 jour les informations de leur compte de temps \u00e0 autre et de toujours nous fournir les documents pertinents si cela leur est demand\u00e9 lors des processus de v\u00e9rification.<\/p>\n<h2>\u00c9tapes de connexion \u00e0 RingoSpin<\/h2>\n<p>La connexion \u00e0 votre compte RingoSpin Casino est un processus tr\u00e8s simple et s\u00e9curis\u00e9 :<\/p>\n<ol>\n<li>Recherchez la section de connexion en haut \u00e0 droite de la page d&rsquo;accueil de Ringo Spin Casino.<\/li>\n<li>Saisissez votre adresse e-mail et votre mot de passe enregistr\u00e9s.<\/li>\n<li>Cliquez sur le bouton de connexion Ringo Spin et acc\u00e9dez \u00e0 votre compte.<\/li>\n<\/ol>\n<p>Une fois connect\u00e9s \u00e0 RingoSpin, les joueurs peuvent, pour tous les jeux, d\u00e9poser et retirer leurs gains, \u00e9changer des offres de bonus et consulter l&rsquo;historique de leurs transactions, tout en configurant leur compte \u00e0 l&rsquo;aide d&rsquo;un tableau de bord bien con\u00e7u et facile \u00e0 utiliser.<\/p>\n<p>Nous vous recommandons \u00e9galement d&rsquo;activer la 2FA, une authentification \u00e0 deux facteurs pour la connexion \u00e0 RingoSpin, afin de b\u00e9n\u00e9ficier d&rsquo;une protection suppl\u00e9mentaire. Cela vous permettra de prot\u00e9ger facilement votre compte contre les utilisateurs non autoris\u00e9s et de vous garantir une tranquillit\u00e9 d&rsquo;esprit.<\/p>\n<p>L&rsquo;exp\u00e9rience de jeu sur RingoSpin est simple et s\u00e9curis\u00e9e, car les joueurs peuvent consulter l&rsquo;historique de leur compte, mettre \u00e0 jour leurs informations personnelles et de paiement, et acc\u00e9der \u00e0 des offres exclusives Ringo Spin depuis notre casino !<\/p>\n<h3>Prot\u00e9ger votre compte<\/h3>\n<p>RingoSpin Casino accorde une grande importance \u00e0 la s\u00e9curit\u00e9. Afin de prot\u00e9ger votre compte, nous vous sugg\u00e9rons d&rsquo;utiliser l&rsquo;authentification \u00e0 deux facteurs avec la sauvegarde Google, d&rsquo;utiliser un mot de passe fort et unique, et de ne partager aucune information relative \u00e0 votre connexion \u00e0 RingoSpin.<\/p>\n<p>Vous savez que l&rsquo;activit\u00e9 r\u00e9guli\u00e8re de votre compte peut \u00eatre utilis\u00e9e pour d\u00e9tecter toute transaction ill\u00e9gale. Notre syst\u00e8me dispose de mesures de s\u00e9curit\u00e9 \u00e9lev\u00e9es qui garantissent la confidentialit\u00e9 et l&rsquo;int\u00e9grit\u00e9 des donn\u00e9es lors de leur mise \u00e0 jour.<\/p>\n<p>Les joueurs doivent contacter notre \u00e9quipe d&rsquo;assistance d\u00e8s qu&rsquo;ils remarquent quelque chose de suspect ou si leur compte est temporairement bloqu\u00e9. La pratique standard pour garantir la s\u00e9curit\u00e9 des comptes et la conformit\u00e9 r\u00e9glementaire consiste \u00e0 nous envoyer vos pi\u00e8ces d&rsquo;identit\u00e9 r\u00e9elles et \u00e0 prouver que vous \u00eates une personne r\u00e9elle vivant quelque part (nous avons donc \u00e9galement besoin de vos factures de services publics, c&rsquo;est ainsi que nous comprenons que vous \u00eates un \u00eatre humain et un citoyen). Cette mesure permet d&rsquo;\u00e9viter la fraude et de n&rsquo;autoriser que les joueurs \u00e9ligibles \u00e0 utiliser la plateforme.<\/p>\n<h2>Acc\u00e8s au compte<\/h2>\n<p>Pour avoir acc\u00e8s \u00e0 toutes les fonctionnalit\u00e9s de RingoSpin Casino et profiter de nos jeux sympas, sachez qu&rsquo;il est essentiel d&rsquo;avoir un acc\u00e8s s\u00e9curis\u00e9 et fiable \u00e0 votre compte. Les meilleures pratiques \u00e0 adopter par les joueurs sont les suivantes :<\/p>\n<table>\n<tbody>\n<tr>\n<td>Conseil de s\u00e9curit\u00e9<\/td>\n<td>Description<\/td>\n<\/tr>\n<tr>\n<td>Activer l&rsquo;authentification \u00e0 deux facteurs<\/td>\n<td>Ajoute une couche de s\u00e9curit\u00e9 suppl\u00e9mentaire \u00e0 votre compte.<\/td>\n<\/tr>\n<tr>\n<td>Utilisez des mots de passe forts et uniques<\/td>\n<td>Emp\u00eache les acc\u00e8s non autoris\u00e9s et les robots.<\/td>\n<\/tr>\n<tr>\n<td>Gardez vos identifiants RingoSpin confidentiels<\/td>\n<td>Prot\u00e9gez-vous contre tout acc\u00e8s par des tiers.<\/td>\n<\/tr>\n<tr>\n<td>V\u00e9rifiez l&rsquo;activit\u00e9 de votre compte<\/td>\n<td>D\u00e9tectez rapidement les transactions suspectes.<\/td>\n<\/tr>\n<tr>\n<td>Passez le processus de v\u00e9rification<\/td>\n<td>Confirmez votre identit\u00e9 et pr\u00e9venez la fraude.<\/td>\n<\/tr>\n<\/tbody>\n<\/table>\n<p>L&rsquo;\u00e9quipe d&rsquo;assistance multilingue travaille en temps r\u00e9el. Contactez-nous pour tout probl\u00e8me via le chat en direct (bouton ci-dessous avec des \u00e9couteurs) : il vous suffit de remplir un petit formulaire avec votre nom et votre adresse e-mail et de lancer le chatbot Ringo Spin, nous viendrons \u00e0 vous ! Nous pouvons v\u00e9rifier tous les probl\u00e8mes li\u00e9s \u00e0 votre compte, tels que les blocages temporaires. La r\u00e9cup\u00e9ration de compte peut \u00e9galement \u00eatre v\u00e9rifi\u00e9e dans le cadre d&rsquo;une proc\u00e9dure standard, en particulier \u00e0 la suite d&rsquo;une activit\u00e9 suspecte.<\/p>\n<h2>FAQ<\/h2>\n<h3>Puis-je me connecter \u00e0 partir de plusieurs appareils ?<\/h3>\n<p>La connexion multi-appareils \u00e0 RingoSpin est possible ! Tous nos joueurs peuvent utiliser leur compte sur leur ordinateur, leur tablette et leur smartphone sans compromettre la s\u00e9curit\u00e9. Gr\u00e2ce \u00e0 la synchronisation, la coh\u00e9rence des informations de jeu et de compte est garantie sur tous les appareils.<\/p>\n<h3>Pourquoi le syst\u00e8me me d\u00e9connecte-t-il sans cesse ?<\/h3>\n<p>\u00cates-vous s\u00fbr d&rsquo;avoir suivi toutes les \u00e9tapes qui nous prouvent que vous \u00eates une personne r\u00e9elle ? Avez-vous pass\u00e9 la v\u00e9rification ? Cela peut parfois poser probl\u00e8me, ou peut-\u00eatre essayez-vous de vous connecter \u00e0 RingoSpin tellement de fois que notre syst\u00e8me pense que vous \u00eates un robot fou qui veut s&rsquo;introduire dans le syst\u00e8me. Les exigences de s\u00e9curit\u00e9, les dysfonctionnements du navigateur ou les d\u00e9lais d&rsquo;expiration du navigateur peuvent entra\u00eener des d\u00e9connexions fr\u00e9quentes. Nous vous recommandons d&rsquo;\u00e9crire \u00e0 l&rsquo;\u00e9quipe d&rsquo;assistance et de vous expliquer.<\/p>\n<h3>La connexion \u00e0 RingoSpin est-elle s\u00e9curis\u00e9e ?<\/h3>\n<p>Chez Ringo Spin, nous utilisons un cryptage de haut niveau, une authentification \u00e0 deux facteurs et des mesures strictes pour s\u00e9curiser les informations de nos utilisateurs et restreindre les acc\u00e8s non autoris\u00e9s. Vous pouvez donc nous faire confiance ! Des audits de s\u00e9curit\u00e9 fr\u00e9quents garantissent \u00e9galement un environnement de jeu s\u00e9curis\u00e9.<\/p>\n<\/div><\/div><\/p>\n","protected":false},"excerpt":{"rendered":"<p>Connexion et inscription \u00e0 RingoSpin RingoSpin login offre l&rsquo;exp\u00e9rience de jeu en ligne la plus agr\u00e9able qui soit, hautement s\u00e9curis\u00e9e, pratique et proposant un nombre impressionnant de jeux. Les joueurs peuvent choisir leurs titres pr\u00e9f\u00e9r\u00e9s dans notre immense biblioth\u00e8que de plus de 6 000 jeux interactifs ! Sur notre plateforme, les joueurs peuvent facilement contr\u00f4ler [&hellip;]<\/p>\n","protected":false},"author":11,"featured_media":0,"parent":0,"menu_order":0,"comment_status":"closed","ping_status":"closed","template":"template-builder.php","meta":{"_acf_changed":false,"inline_featured_image":false,"footnotes":""},"class_list":["post-1479","page","type-page","status-publish","hentry"],"acf":[],"yoast_head":"<!-- This site is optimized with the Yoast SEO plugin v24.4 - https:\/\/yoast.com\/wordpress\/plugins\/seo\/ -->\n<title>RingoSpin Login &amp; Sign Up<\/title>\n<meta name=\"description\" content=\"RingoSpin Login \u2013 connectez-vous en toute s\u00e9curit\u00e9 ou inscrivez-vous en quelques minutes avec acc\u00e8s chiffr\u00e9. G\u00e9rez v\u00e9rification, mot de passe et param\u00e8tres sur Ringo Spin.\" \/>\n<meta name=\"robots\" content=\"index, follow, max-snippet:-1, max-image-preview:large, max-video-preview:-1\" \/>\n<link rel=\"canonical\" href=\"https:\/\/ringospincasino.org\/fr\/connexion-et-inscription\/\" \/>\n<meta property=\"og:locale\" content=\"fr_FR\" \/>\n<meta property=\"og:type\" content=\"article\" \/>\n<meta property=\"og:title\" content=\"RingoSpin Login &amp; Sign Up\" \/>\n<meta property=\"og:description\" content=\"RingoSpin Login \u2013 connectez-vous en toute s\u00e9curit\u00e9 ou inscrivez-vous en quelques minutes avec acc\u00e8s chiffr\u00e9. G\u00e9rez v\u00e9rification, mot de passe et param\u00e8tres sur Ringo Spin.\" \/>\n<meta property=\"og:url\" content=\"https:\/\/ringospincasino.org\/fr\/connexion-et-inscription\/\" \/>\n<meta property=\"og:site_name\" content=\"ringospin\" \/>\n<meta property=\"article:modified_time\" content=\"2026-02-02T14:13:28+00:00\" \/>\n<meta name=\"twitter:card\" content=\"summary_large_image\" \/>\n<meta name=\"twitter:label1\" content=\"Dur\u00e9e de lecture estim\u00e9e\" \/>\n\t<meta name=\"twitter:data1\" content=\"1 minute\" \/>\n<script type=\"application\/ld+json\" class=\"yoast-schema-graph\">{\"@context\":\"https:\/\/schema.org\",\"@graph\":[{\"@type\":\"WebPage\",\"@id\":\"https:\/\/ringospincasino.org\/fr\/connexion-et-inscription\/\",\"url\":\"https:\/\/ringospincasino.org\/fr\/connexion-et-inscription\/\",\"name\":\"RingoSpin Login & Sign Up\",\"isPartOf\":{\"@id\":\"https:\/\/ringospincasino.org\/fr\/#website\"},\"datePublished\":\"2026-02-02T09:20:24+00:00\",\"dateModified\":\"2026-02-02T14:13:28+00:00\",\"description\":\"RingoSpin Login \u2013 connectez-vous en toute s\u00e9curit\u00e9 ou inscrivez-vous en quelques minutes avec acc\u00e8s chiffr\u00e9. G\u00e9rez v\u00e9rification, mot de passe et param\u00e8tres sur Ringo Spin.\",\"breadcrumb\":{\"@id\":\"https:\/\/ringospincasino.org\/fr\/connexion-et-inscription\/#breadcrumb\"},\"inLanguage\":\"fr-FR\",\"potentialAction\":[{\"@type\":\"ReadAction\",\"target\":[\"https:\/\/ringospincasino.org\/fr\/connexion-et-inscription\/\"]}]},{\"@type\":\"BreadcrumbList\",\"@id\":\"https:\/\/ringospincasino.org\/fr\/connexion-et-inscription\/#breadcrumb\",\"itemListElement\":[{\"@type\":\"ListItem\",\"position\":1,\"name\":\"Ringospin\",\"item\":\"https:\/\/ringospincasino.org\/fr\/\"},{\"@type\":\"ListItem\",\"position\":2,\"name\":\"Connexion et inscription\"}]},{\"@type\":\"WebSite\",\"@id\":\"https:\/\/ringospincasino.org\/fr\/#website\",\"url\":\"https:\/\/ringospincasino.org\/fr\/\",\"name\":\"Ringospin\",\"description\":\"\",\"publisher\":{\"@id\":\"https:\/\/ringospincasino.org\/fr\/#organization\"},\"potentialAction\":[{\"@type\":\"SearchAction\",\"target\":{\"@type\":\"EntryPoint\",\"urlTemplate\":\"https:\/\/ringospincasino.org\/fr\/?s={search_term_string}\"},\"query-input\":{\"@type\":\"PropertyValueSpecification\",\"valueRequired\":true,\"valueName\":\"search_term_string\"}}],\"inLanguage\":\"fr-FR\"},{\"@type\":\"Organization\",\"@id\":\"https:\/\/ringospincasino.org\/fr\/#organization\",\"name\":\"Ringospin\",\"url\":\"https:\/\/ringospincasino.org\/fr\/\",\"logo\":{\"@type\":\"ImageObject\",\"inLanguage\":\"fr-FR\",\"@id\":\"https:\/\/ringospincasino.org\/fr\/#\/schema\/logo\/image\/\",\"url\":\"https:\/\/ringospincasino.org\/wp-content\/uploads\/2026\/02\/logo-ringospin.svg\",\"contentUrl\":\"https:\/\/ringospincasino.org\/wp-content\/uploads\/2026\/02\/logo-ringospin.svg\",\"width\":139,\"height\":34,\"caption\":\"Ringospin\"},\"image\":{\"@id\":\"https:\/\/ringospincasino.org\/fr\/#\/schema\/logo\/image\/\"}}]}<\/script>\n<!-- \/ Yoast SEO plugin. -->","yoast_head_json":{"title":"RingoSpin Login & Sign Up","description":"RingoSpin Login \u2013 connectez-vous en toute s\u00e9curit\u00e9 ou inscrivez-vous en quelques minutes avec acc\u00e8s chiffr\u00e9. G\u00e9rez v\u00e9rification, mot de passe et param\u00e8tres sur Ringo Spin.","robots":{"index":"index","follow":"follow","max-snippet":"max-snippet:-1","max-image-preview":"max-image-preview:large","max-video-preview":"max-video-preview:-1"},"canonical":"https:\/\/ringospincasino.org\/fr\/connexion-et-inscription\/","og_locale":"fr_FR","og_type":"article","og_title":"RingoSpin Login & Sign Up","og_description":"RingoSpin Login \u2013 connectez-vous en toute s\u00e9curit\u00e9 ou inscrivez-vous en quelques minutes avec acc\u00e8s chiffr\u00e9. G\u00e9rez v\u00e9rification, mot de passe et param\u00e8tres sur Ringo Spin.","og_url":"https:\/\/ringospincasino.org\/fr\/connexion-et-inscription\/","og_site_name":"ringospin","article_modified_time":"2026-02-02T14:13:28+00:00","twitter_card":"summary_large_image","twitter_misc":{"Dur\u00e9e de lecture estim\u00e9e":"1 minute"},"schema":{"@context":"https:\/\/schema.org","@graph":[{"@type":"WebPage","@id":"https:\/\/ringospincasino.org\/fr\/connexion-et-inscription\/","url":"https:\/\/ringospincasino.org\/fr\/connexion-et-inscription\/","name":"RingoSpin Login & Sign Up","isPartOf":{"@id":"https:\/\/ringospincasino.org\/fr\/#website"},"datePublished":"2026-02-02T09:20:24+00:00","dateModified":"2026-02-02T14:13:28+00:00","description":"RingoSpin Login \u2013 connectez-vous en toute s\u00e9curit\u00e9 ou inscrivez-vous en quelques minutes avec acc\u00e8s chiffr\u00e9. G\u00e9rez v\u00e9rification, mot de passe et param\u00e8tres sur Ringo Spin.","breadcrumb":{"@id":"https:\/\/ringospincasino.org\/fr\/connexion-et-inscription\/#breadcrumb"},"inLanguage":"fr-FR","potentialAction":[{"@type":"ReadAction","target":["https:\/\/ringospincasino.org\/fr\/connexion-et-inscription\/"]}]},{"@type":"BreadcrumbList","@id":"https:\/\/ringospincasino.org\/fr\/connexion-et-inscription\/#breadcrumb","itemListElement":[{"@type":"ListItem","position":1,"name":"Ringospin","item":"https:\/\/ringospincasino.org\/fr\/"},{"@type":"ListItem","position":2,"name":"Connexion et inscription"}]},{"@type":"WebSite","@id":"https:\/\/ringospincasino.org\/fr\/#website","url":"https:\/\/ringospincasino.org\/fr\/","name":"Ringospin","description":"","publisher":{"@id":"https:\/\/ringospincasino.org\/fr\/#organization"},"potentialAction":[{"@type":"SearchAction","target":{"@type":"EntryPoint","urlTemplate":"https:\/\/ringospincasino.org\/fr\/?s={search_term_string}"},"query-input":{"@type":"PropertyValueSpecification","valueRequired":true,"valueName":"search_term_string"}}],"inLanguage":"fr-FR"},{"@type":"Organization","@id":"https:\/\/ringospincasino.org\/fr\/#organization","name":"Ringospin","url":"https:\/\/ringospincasino.org\/fr\/","logo":{"@type":"ImageObject","inLanguage":"fr-FR","@id":"https:\/\/ringospincasino.org\/fr\/#\/schema\/logo\/image\/","url":"https:\/\/ringospincasino.org\/wp-content\/uploads\/2026\/02\/logo-ringospin.svg","contentUrl":"https:\/\/ringospincasino.org\/wp-content\/uploads\/2026\/02\/logo-ringospin.svg","width":139,"height":34,"caption":"Ringospin"},"image":{"@id":"https:\/\/ringospincasino.org\/fr\/#\/schema\/logo\/image\/"}}]}},"_links":{"self":[{"href":"https:\/\/ringospincasino.org\/fr\/wp-json\/wp\/v2\/pages\/1479"}],"collection":[{"href":"https:\/\/ringospincasino.org\/fr\/wp-json\/wp\/v2\/pages"}],"about":[{"href":"https:\/\/ringospincasino.org\/fr\/wp-json\/wp\/v2\/types\/page"}],"author":[{"embeddable":true,"href":"https:\/\/ringospincasino.org\/fr\/wp-json\/wp\/v2\/users\/11"}],"replies":[{"embeddable":true,"href":"https:\/\/ringospincasino.org\/fr\/wp-json\/wp\/v2\/comments?post=1479"}],"version-history":[{"count":2,"href":"https:\/\/ringospincasino.org\/fr\/wp-json\/wp\/v2\/pages\/1479\/revisions"}],"predecessor-version":[{"id":1618,"href":"https:\/\/ringospincasino.org\/fr\/wp-json\/wp\/v2\/pages\/1479\/revisions\/1618"}],"wp:attachment":[{"href":"https:\/\/ringospincasino.org\/fr\/wp-json\/wp\/v2\/media?parent=1479"}],"curies":[{"name":"wp","href":"https:\/\/api.w.org\/{rel}","templated":true}]}}