{"id":1442,"date":"2026-02-02T09:09:26","date_gmt":"2026-02-02T09:09:26","guid":{"rendered":"https:\/\/ringospincasino.org\/app\/"},"modified":"2026-02-02T15:23:55","modified_gmt":"2026-02-02T15:23:55","slug":"applicazione","status":"publish","type":"page","link":"https:\/\/ringospincasino.org\/it\/applicazione\/","title":{"rendered":"Applicazione"},"content":{"rendered":"<h1>Applicazione RingoSpin<\/h1>\n<p>RingoSpin app \u00e8 un software di casin\u00f2 mobile interattivo su misura per le esigenze dei clienti italiani che richiedono un&#8217;esperienza di intrattenimento di alta qualit\u00e0 in ogni momento. L&#8217;applicazione RingoSpin \u00e8 incentrata sulla sicurezza, orientata alle prestazioni e semplicemente divertente! Tutti i membri della nostra accogliente comunit\u00e0 hanno accesso a una variet\u00e0 di slot online, giochi da tavolo, giochi con croupier dal vivo e vincite immediate.<\/p>\n<p>RingoSpin Casino offre la migliore esperienza, sia in termini di velocit\u00e0 che di sicurezza, su Android, iOS o desktop per accedere alla nostra vasta libreria di giochi. Questa piattaforma di casin\u00f2 mobile completamente personalizzata \u00e8 progettata per offrire un&#8217;esperienza coinvolgente con una navigazione facile e un supporto immediato.<\/p>\n<div class=\"banner-wrap\" aria-label=\"Banner\"><img src=\"https:\/\/ringospincasino.org\/wp-content\/uploads\/2026\/02\/Ringospin-banner-carousel-932\u0445400-4.webp\" class=\"w-100 d-none d-lg-block img-pc main-banner-img\" alt=\"ringospin bonus desktop\" fetchpriority=\"high\" decoding=\"async\"><img src=\"https:\/\/ringospincasino.org\/wp-content\/uploads\/2026\/02\/Group-376223.webp\" class=\"w-100 d-none d-md-block d-lg-none main-banner-img\" alt=\"ringospin bonus mobile\" fetchpriority=\"high\" decoding=\"async\"><img src=\"https:\/\/ringospincasino.org\/wp-content\/uploads\/2026\/02\/Group-376223.webp\" class=\"w-100 d-md-none\" alt=\"ringospin bonus mobile\" fetchpriority=\"high\" decoding=\"async\"><div class=\"banner-description\">\n<div class=\"banner-title\">Bonus di benvenuto<\/div>\n<p class=\"banner-header-title\">1500 \u20ac<\/p>\n<div class=\"banner-header-AdditionalText\">+ 250 Giri gratuiti<\/div>\n<button data-item=\"homepage_banner_link\" class=\"goto m-button m-gradient-border m-button--primary m-button--large banner-button btn-orange\">\n            <div class=\"m-button-content\">\n                <span>Iscriviti ora<\/span>\n                <span><\/span>\n            <\/div>\n        <\/button>\n<\/div>\n<div class=\"WelcomePack\">\n<p><img loading=\"lazy\" decoding=\"async\" class=\"alignnone size-full wp-image-1516\" src=\"https:\/\/ringospincasino.org\/wp-content\/uploads\/welcome-crown.svg\" alt=\"welcome crown\" width=\"25\" height=\"26\" \/><\/p>\n<div class=\"WelcomePack-Info\">Cashback settimanale fino al 25%<\/div>\n<p><img loading=\"lazy\" decoding=\"async\" class=\"alignnone size-full wp-image-1516\" src=\"https:\/\/ringospincasino.org\/wp-content\/uploads\/welcome-crown.svg\" alt=\"welcome crown\" width=\"25\" height=\"26\" \/><\/p>\n<\/div>\n<\/div>\n<h2>Caratteristiche dell&#8217;app RingoSpin<\/h2>\n<p>L&#8217;applicazione RingoSpin Casino \u00e8 stata realizzata con un design moderno e incentrato sull&#8217;utente. La nostra iniziativa di crearla cos\u00ec come la vedete ora deriva dalla nostra comprensione della tecnologia moderna e della moda dei casin\u00f2. Intendiamo rendere l&#8217;esperienza di gioco pi\u00f9 coinvolgente su tutti i dispositivi. Ha anche diverse caratteristiche che la differenziano dal gioco tramite i tradizionali browser desktop.<\/p>\n<p>L&#8217;applicazione ha una velocit\u00e0 di caricamento elevata, una latenza di gioco minima e transizioni ininterrotte che consentono ai giocatori di avere un tempo di gioco costante. Offre un&#8217;elevata reattivit\u00e0 grazie alla sua matrice basata sulle prestazioni, che pu\u00f2 essere utilizzata su tablet, smartphone, PC e praticamente qualsiasi dispositivo moderno conosciuto. Ringo Spin \u00e8 molto popolare tra gli amanti dei casin\u00f2 mobili.<\/p>\n<p>L&#8217;app RingoSpin utilizza la sicurezza come principio fondamentale, motivo per cui vengono implementate linee guida avanzate di crittografia TLS per proteggere le informazioni degli utenti e rendere sicure le transazioni. L&#8217;app facilita anche un processo di verifica semplice, che semplifica la gestione dell&#8217;account con elevati livelli di privacy. Inoltre, servizi di assistenza integrati come la chat live consentono ai giocatori di ottenere assistenza in tempo reale. \u00c8 cos\u00ec che manteniamo tutti soddisfatti, e l&#8217;interfaccia intuitiva rende facile navigare nel gioco, effettuare depositi e impostare l&#8217;account, offrendo un&#8217;esperienza cliente facile e piacevole.<\/p>\n<p><div class=\"scrollable-content-wrap my-5\"><div class=\"scrollable-content-inner\"><h2>App RingoSpin iOS<\/h2>\n<p>Per gli utenti iOS, RingoSpin pu\u00f2 essere visualizzato in modo semplificato nel browser Safari. Il sito \u00e8 inoltre completamente compatibile con iPhone e iPad e offre un&#8217;esperienza di gioco stabile e reattiva senza richiedere download dall&#8217;App Store.<\/p>\n<p>Per accedere a RingoSpin dalla schermata iniziale, l&#8217;utente deve semplicemente toccare il quadrato e selezionare &#8220;Aggiungi alla schermata iniziale&#8221; per avere un collegamento rapido che consente l&#8217;accesso immediato.<\/p>\n<p>L&#8217;approccio \u00e8 in linea con le politiche di Apple sulle applicazioni di gioco d&#8217;azzardo online, che lo rendono conforme e sicuro. Tutte le funzionalit\u00e0 importanti, ovvero il gameplay, la gestione dell&#8217;account e l&#8217;assistenza tramite chat live, funzionano perfettamente! La nostra versione iOS \u00e8 sempre ottima. \u00c8 facile da usare, sicura e flessibile su schermi di varie dimensioni e offre un&#8217;esperienza uniforme su tutti i dispositivi iOS. Se desideri semplicemente creare un collegamento senza caricare nulla.<\/p>\n<table>\n<tbody>\n<tr>\n<td>Piattaforma<\/td>\n<td>Come creare un collegamento<\/td>\n<\/tr>\n<tr>\n<td rowspan=\"4\">Sistema operativo Windows<\/td>\n<td>1. Apri il browser e vai alla pagina RingoSpin.<\/td>\n<\/tr>\n<tr>\n<td>2. Clicca sul menu del browser (tre puntini o linee).<\/td>\n<\/tr>\n<tr>\n<td>3. Seleziona &#8220;Crea collegamento&#8221;, che \u00e8 una piccola pagina con una freccia rivolta verso il basso (Chrome), e &#8220;Aggiungi collegamento&#8221;.<\/td>\n<\/tr>\n<tr>\n<td>4. Conferma per posizionare il collegamento sul desktop.<\/td>\n<\/tr>\n<tr>\n<td rowspan=\"3\">macOS<\/td>\n<td>1. Apri Safari o Chrome e vai su RingoSpin.<\/td>\n<\/tr>\n<tr>\n<td>2. Nel menu, seleziona &#8220;Aggiungi alla schermata Home&#8221; e clicca per aggiungere l&#8217;indirizzo URL.<\/td>\n<\/tr>\n<tr>\n<td>3. Non \u00e8 necessario alcun software aggiuntivo.<\/td>\n<\/tr>\n<\/tbody>\n<\/table>\n<h2><img loading=\"lazy\" decoding=\"async\" src=\"https:\/\/ringospincasino.org\/wp-content\/uploads\/2026\/02\/App4-3.webp\" alt=\"App4\" width=\"1248\" height=\"536\" \/><\/h2>\n<\/div><\/div><div style=\"clear: both\"><\/div><div class=\"d-flex justify-content-center\"><button data-item=\"decouvrez_link\" data-group=\"website_links\" class=\"goto fw-bold rounded-pill btn btn-orange\" aria-label=\"Scarica l&#039;app Ringospin\" >Scarica l&#039;app Ringospin<\/button><\/div><div class=\"scrollable-content-wrap my-5\"><div class=\"scrollable-content-inner\"><h2>App RingoSpin per sistema operativo Android<\/h2>\n<p>L&#8217;app RingoSpin \u00e8 un software nativo per Android che bilancia semplicit\u00e0 e prestazioni. L&#8217;app \u00e8 disponibile come applicazione web progressiva. Tutti i nostri giocatori possono installarla senza utilizzare i tradizionali app store.<\/p>\n<p>Non \u00e8 necessario caricare alcun file APK direttamente sul sito di RingoSpin Casino. Ci\u00f2 garantisce un&#8217;installazione sicura e l&#8217;utilizzo immediato di tutte le funzionalit\u00e0. La versione Android include tutte le funzionalit\u00e0 essenziali, tra cui la selezione dei giochi, i servizi dell&#8217;account, le transazioni sicure e l&#8217;assistenza tramite chat live. \u00c8 inoltre configurata per le piattaforme touchscreen, quindi pu\u00f2 essere facilmente navigata con movimenti di scorrimento e menu visibili. Le autorizzazioni di sicurezza dell&#8217;app sono ridotte al minimo, concentrate principalmente sui pagamenti sicuri e sugli aggiornamenti in tempo reale, e la privacy \u00e8 mantenuta al massimo livello.<\/p>\n<h3>Installazione su Android<\/h3>\n<p>Per installare l&#8217;app Ringospin, \u00e8 necessario:<\/p>\n<ol>\n<li>Cliccare sul pulsante &#8220;App del casin\u00f2&#8221; nella parte inferiore della pagina del nostro Ringo Spin Casino.<\/li>\n<li>Verrai indirizzato al link di caricamento della nostra PWA.<\/li>\n<\/ol>\n<p>Da l\u00ec, dovrai solo cliccare su &#8220;Scarica&#8221; e attendere fino a quando non vedrai il collegamento a Ringospin Casino sul tuo schermo. Questo \u00e8 tutto.<img loading=\"lazy\" decoding=\"async\" src=\"https:\/\/ringospincasino.org\/wp-content\/uploads\/2026\/02\/App2-2.webp\" alt=\"App2\" width=\"1248\" height=\"536\" \/><\/p>\n<\/div><\/div><div style=\"clear: both\"><\/div><div class=\"d-flex justify-content-center\"><button data-item=\"decouvrez_link\" data-group=\"website_links\" class=\"goto fw-bold rounded-pill btn btn-orange\" aria-label=\"Scarica l&#039;app Ringospin\" >Scarica l&#039;app Ringospin<\/button><\/div><div class=\"scrollable-content-wrap my-5\"><div class=\"scrollable-content-inner\"><h2>Versione desktop di Ringo Spin Casino<\/h2>\n<p>L&#8217;applicazione desktop di RingoSpin Casino offre un&#8217;esperienza di gioco completa simile a quella della versione mobile. La versione desktop, compatibile con i principali browser come Chrome, Edge, Safari e Firefox, offre un&#8217;interfaccia pi\u00f9 ampia ai giocatori che desiderano immergersi completamente nel gioco. Il design \u00e8 comodo per navigare tra le categorie di gioco, le impostazioni dell&#8217;account e l&#8217;assistenza.<\/p>\n<p>\u00c8 sempre pi\u00f9 piacevole giocare su uno schermo grande, quindi con noi puoi giocare anche sui monitor pi\u00f9 grandi! Puoi aggiungere facilmente RingoSpin Casino al tuo computer: in Windows, devi solo aprire il browser, andare sul nostro sito Ringo Spin e creare un collegamento tramite il menu. E per Safari o Chrome su Mac, aggiungi l&#8217;app Ringospin come collegamento sul desktop.<\/p>\n<h2>Compatibilit\u00e0 dei dispositivi<\/h2>\n<p>RingoSpin fa sempre tutto il possibile per offrire un&#8217;esperienza di gioco coerente su tutte le piattaforme. L&#8217;app e la piattaforma sono compatibili con smartphone, tablet e computer desktop e dispongono dei sistemi operativi pi\u00f9 recenti per garantire sicurezza e prestazioni ottimali.<\/p>\n<p>Il casin\u00f2 mobile \u00e8 compatibile con schermi di diverse dimensioni. Abbiamo creato una navigazione molto semplice e un accesso alla libreria completa dei giochi nel minor tempo possibile. L&#8217;applicazione desktop \u00e8 stata creata con un&#8217;interfaccia pi\u00f9 dettagliata e pu\u00f2 essere utilizzata su schermi pi\u00f9 grandi senza perdere funzionalit\u00e0 o prestazioni.<\/p>\n<p>Siamo molto lieti di informare i nostri utenti che l&#8217;applicazione RingoSpin per Android \u00e8 compatibile con vari dispositivi Android 6.0+. \u00c8 compatibile con diversi dispositivi (smartphone, tablet) e, una volta installata, offre una piattaforma di gioco dinamica in grado di adattarsi a schermi di qualsiasi dimensione. Le prestazioni dell&#8217;app garantiscono un risparmio della batteria, funzioni di caricamento rapido e animazioni impeccabili, caratteristiche molto apprezzate dai giocatori di casin\u00f2.<\/p>\n<p><img loading=\"lazy\" decoding=\"async\" src=\"https:\/\/ringospincasino.org\/wp-content\/uploads\/2026\/02\/App6-1.webp\" alt=\"App6\" width=\"1248\" height=\"536\" \/><\/p>\n<\/div><\/div><div style=\"clear: both\"><\/div><div class=\"d-flex justify-content-center\"><button data-item=\"decouvrez_link\" data-group=\"website_links\" class=\"goto fw-bold rounded-pill btn btn-orange\" aria-label=\"Scarica l&#039;app Ringospin\" >Scarica l&#039;app Ringospin<\/button><\/div><div class=\"scrollable-content-wrap my-5\"><div class=\"scrollable-content-inner\"><h2>Domande frequenti<\/h2>\n<h3>Cos&#8217;\u00e8 l&#8217;app PWA RingoSpin?<\/h3>\n<p>La Progressive Web App (RingoSpin PWA) \u00e8 un&#8217;applicazione leggera e basata su browser del nostro casin\u00f2. Non preoccuparti di eventuali download aggiuntivi: l&#8217;app Ringospin ha tutte le operazioni native senza bisogno di scaricare nulla! Si aggiorna anche automaticamente, quindi i giocatori sono sempre pronti con i pi\u00f9 recenti miglioramenti di sicurezza e le nuove aggiunte di giochi. La PWA pu\u00f2 essere adattata a ogni tipo di dispositivo con tempi di caricamento rapidi e supporto offline in condizioni limitate.<\/p>\n<h3>L&#8217;app \u00e8 ottimizzata per tablet e schermi pi\u00f9 grandi?<\/h3>\n<p>Abbiamo fatto di tutto per ottimizzarla per qualsiasi dimensione dello schermo! Quindi, ora \u00e8 completamente adattabile a diverse dimensioni dello schermo, come tablet e schermi di grandi dimensioni. Questo garantisce ai nostri stimati utenti di un&#8217;esperienza di gioco impeccabile sia su smartphone che su tablet, con elementi dell&#8217;interfaccia utente regolati per la massima usabilit\u00e0.<\/p>\n<h3>Tutti i giochi di RingoSpin Casino sono disponibili nella versione PWA?<\/h3>\n<p>La versione PWA offre la libreria dei giochi di RingoSpin Casino, come slot online, giochi da tavolo e collezioni di libri. Tutte le nostre librerie vengono visualizzate allo stesso modo. Non perdi nulla e puoi goderti un&#8217;esperienza di gioco affidabile e coerente in ogni momento! Puoi sempre chiedere al nostro team di assistenza di spiegarti tutto sul nostro sistema e sulla nostra applicazione: saremo lieti di aiutarti.<\/p>\n<\/div><\/div><\/p>\n","protected":false},"excerpt":{"rendered":"<p>Applicazione RingoSpin RingoSpin app \u00e8 un software di casin\u00f2 mobile interattivo su misura per le esigenze dei clienti italiani che richiedono un&#8217;esperienza di intrattenimento di alta qualit\u00e0 in ogni momento. L&#8217;applicazione RingoSpin \u00e8 incentrata sulla sicurezza, orientata alle prestazioni e semplicemente divertente! Tutti i membri della nostra accogliente comunit\u00e0 hanno accesso a una variet\u00e0 di [&hellip;]<\/p>\n","protected":false},"author":11,"featured_media":0,"parent":0,"menu_order":0,"comment_status":"closed","ping_status":"closed","template":"template-builder.php","meta":{"_acf_changed":false,"inline_featured_image":false,"footnotes":""},"class_list":["post-1442","page","type-page","status-publish","hentry"],"acf":[],"yoast_head":"<!-- This site is optimized with the Yoast SEO plugin v24.4 - https:\/\/yoast.com\/wordpress\/plugins\/seo\/ -->\n<title>RingoSpin App \u2013 Download per iOS &amp; Android<\/title>\n<meta name=\"description\" content=\"RingoSpin App \u2013 scarica l&#039;app su iOS e Android per giocare al casin\u00f2 ovunque. Accedi a slot, tavoli, jackpot e live dealer con sincronizzazione completa su Ringo Spin.\" \/>\n<meta name=\"robots\" content=\"index, follow, max-snippet:-1, max-image-preview:large, max-video-preview:-1\" \/>\n<link rel=\"canonical\" href=\"https:\/\/ringospincasino.org\/it\/applicazione\/\" \/>\n<meta property=\"og:locale\" content=\"it_IT\" \/>\n<meta property=\"og:type\" content=\"article\" \/>\n<meta property=\"og:title\" content=\"RingoSpin App \u2013 Download per iOS &amp; Android\" \/>\n<meta property=\"og:description\" content=\"RingoSpin App \u2013 scarica l&#039;app su iOS e Android per giocare al casin\u00f2 ovunque. Accedi a slot, tavoli, jackpot e live dealer con sincronizzazione completa su Ringo Spin.\" \/>\n<meta property=\"og:url\" content=\"https:\/\/ringospincasino.org\/it\/applicazione\/\" \/>\n<meta property=\"og:site_name\" content=\"ringospin\" \/>\n<meta property=\"article:modified_time\" content=\"2026-02-02T15:23:55+00:00\" \/>\n<meta name=\"twitter:card\" content=\"summary_large_image\" \/>\n<meta name=\"twitter:label1\" content=\"Est. reading time\" \/>\n\t<meta name=\"twitter:data1\" content=\"2 minuti\" \/>\n<script type=\"application\/ld+json\" class=\"yoast-schema-graph\">{\"@context\":\"https:\/\/schema.org\",\"@graph\":[{\"@type\":\"WebPage\",\"@id\":\"https:\/\/ringospincasino.org\/it\/applicazione\/\",\"url\":\"https:\/\/ringospincasino.org\/it\/applicazione\/\",\"name\":\"RingoSpin App \u2013 Download per iOS & Android\",\"isPartOf\":{\"@id\":\"https:\/\/ringospincasino.org\/it\/#website\"},\"datePublished\":\"2026-02-02T09:09:26+00:00\",\"dateModified\":\"2026-02-02T15:23:55+00:00\",\"description\":\"RingoSpin App \u2013 scarica l'app su iOS e Android per giocare al casin\u00f2 ovunque. Accedi a slot, tavoli, jackpot e live dealer con sincronizzazione completa su Ringo Spin.\",\"breadcrumb\":{\"@id\":\"https:\/\/ringospincasino.org\/it\/applicazione\/#breadcrumb\"},\"inLanguage\":\"it-IT\",\"potentialAction\":[{\"@type\":\"ReadAction\",\"target\":[\"https:\/\/ringospincasino.org\/it\/applicazione\/\"]}]},{\"@type\":\"BreadcrumbList\",\"@id\":\"https:\/\/ringospincasino.org\/it\/applicazione\/#breadcrumb\",\"itemListElement\":[{\"@type\":\"ListItem\",\"position\":1,\"name\":\"Ringospin\",\"item\":\"https:\/\/ringospincasino.org\/it\/\"},{\"@type\":\"ListItem\",\"position\":2,\"name\":\"Applicazione\"}]},{\"@type\":\"WebSite\",\"@id\":\"https:\/\/ringospincasino.org\/it\/#website\",\"url\":\"https:\/\/ringospincasino.org\/it\/\",\"name\":\"Ringospin\",\"description\":\"\",\"publisher\":{\"@id\":\"https:\/\/ringospincasino.org\/it\/#organization\"},\"potentialAction\":[{\"@type\":\"SearchAction\",\"target\":{\"@type\":\"EntryPoint\",\"urlTemplate\":\"https:\/\/ringospincasino.org\/it\/?s={search_term_string}\"},\"query-input\":{\"@type\":\"PropertyValueSpecification\",\"valueRequired\":true,\"valueName\":\"search_term_string\"}}],\"inLanguage\":\"it-IT\"},{\"@type\":\"Organization\",\"@id\":\"https:\/\/ringospincasino.org\/it\/#organization\",\"name\":\"Ringospin\",\"url\":\"https:\/\/ringospincasino.org\/it\/\",\"logo\":{\"@type\":\"ImageObject\",\"inLanguage\":\"it-IT\",\"@id\":\"https:\/\/ringospincasino.org\/it\/#\/schema\/logo\/image\/\",\"url\":\"https:\/\/ringospincasino.org\/wp-content\/uploads\/2026\/02\/logo-ringospin.svg\",\"contentUrl\":\"https:\/\/ringospincasino.org\/wp-content\/uploads\/2026\/02\/logo-ringospin.svg\",\"width\":139,\"height\":34,\"caption\":\"Ringospin\"},\"image\":{\"@id\":\"https:\/\/ringospincasino.org\/it\/#\/schema\/logo\/image\/\"}}]}<\/script>\n<!-- \/ Yoast SEO plugin. -->","yoast_head_json":{"title":"RingoSpin App \u2013 Download per iOS & Android","description":"RingoSpin App \u2013 scarica l'app su iOS e Android per giocare al casin\u00f2 ovunque. Accedi a slot, tavoli, jackpot e live dealer con sincronizzazione completa su Ringo Spin.","robots":{"index":"index","follow":"follow","max-snippet":"max-snippet:-1","max-image-preview":"max-image-preview:large","max-video-preview":"max-video-preview:-1"},"canonical":"https:\/\/ringospincasino.org\/it\/applicazione\/","og_locale":"it_IT","og_type":"article","og_title":"RingoSpin App \u2013 Download per iOS & Android","og_description":"RingoSpin App \u2013 scarica l'app su iOS e Android per giocare al casin\u00f2 ovunque. Accedi a slot, tavoli, jackpot e live dealer con sincronizzazione completa su Ringo Spin.","og_url":"https:\/\/ringospincasino.org\/it\/applicazione\/","og_site_name":"ringospin","article_modified_time":"2026-02-02T15:23:55+00:00","twitter_card":"summary_large_image","twitter_misc":{"Est. reading time":"2 minuti"},"schema":{"@context":"https:\/\/schema.org","@graph":[{"@type":"WebPage","@id":"https:\/\/ringospincasino.org\/it\/applicazione\/","url":"https:\/\/ringospincasino.org\/it\/applicazione\/","name":"RingoSpin App \u2013 Download per iOS & Android","isPartOf":{"@id":"https:\/\/ringospincasino.org\/it\/#website"},"datePublished":"2026-02-02T09:09:26+00:00","dateModified":"2026-02-02T15:23:55+00:00","description":"RingoSpin App \u2013 scarica l'app su iOS e Android per giocare al casin\u00f2 ovunque. Accedi a slot, tavoli, jackpot e live dealer con sincronizzazione completa su Ringo Spin.","breadcrumb":{"@id":"https:\/\/ringospincasino.org\/it\/applicazione\/#breadcrumb"},"inLanguage":"it-IT","potentialAction":[{"@type":"ReadAction","target":["https:\/\/ringospincasino.org\/it\/applicazione\/"]}]},{"@type":"BreadcrumbList","@id":"https:\/\/ringospincasino.org\/it\/applicazione\/#breadcrumb","itemListElement":[{"@type":"ListItem","position":1,"name":"Ringospin","item":"https:\/\/ringospincasino.org\/it\/"},{"@type":"ListItem","position":2,"name":"Applicazione"}]},{"@type":"WebSite","@id":"https:\/\/ringospincasino.org\/it\/#website","url":"https:\/\/ringospincasino.org\/it\/","name":"Ringospin","description":"","publisher":{"@id":"https:\/\/ringospincasino.org\/it\/#organization"},"potentialAction":[{"@type":"SearchAction","target":{"@type":"EntryPoint","urlTemplate":"https:\/\/ringospincasino.org\/it\/?s={search_term_string}"},"query-input":{"@type":"PropertyValueSpecification","valueRequired":true,"valueName":"search_term_string"}}],"inLanguage":"it-IT"},{"@type":"Organization","@id":"https:\/\/ringospincasino.org\/it\/#organization","name":"Ringospin","url":"https:\/\/ringospincasino.org\/it\/","logo":{"@type":"ImageObject","inLanguage":"it-IT","@id":"https:\/\/ringospincasino.org\/it\/#\/schema\/logo\/image\/","url":"https:\/\/ringospincasino.org\/wp-content\/uploads\/2026\/02\/logo-ringospin.svg","contentUrl":"https:\/\/ringospincasino.org\/wp-content\/uploads\/2026\/02\/logo-ringospin.svg","width":139,"height":34,"caption":"Ringospin"},"image":{"@id":"https:\/\/ringospincasino.org\/it\/#\/schema\/logo\/image\/"}}]}},"_links":{"self":[{"href":"https:\/\/ringospincasino.org\/it\/wp-json\/wp\/v2\/pages\/1442"}],"collection":[{"href":"https:\/\/ringospincasino.org\/it\/wp-json\/wp\/v2\/pages"}],"about":[{"href":"https:\/\/ringospincasino.org\/it\/wp-json\/wp\/v2\/types\/page"}],"author":[{"embeddable":true,"href":"https:\/\/ringospincasino.org\/it\/wp-json\/wp\/v2\/users\/11"}],"replies":[{"embeddable":true,"href":"https:\/\/ringospincasino.org\/it\/wp-json\/wp\/v2\/comments?post=1442"}],"version-history":[{"count":2,"href":"https:\/\/ringospincasino.org\/it\/wp-json\/wp\/v2\/pages\/1442\/revisions"}],"predecessor-version":[{"id":1695,"href":"https:\/\/ringospincasino.org\/it\/wp-json\/wp\/v2\/pages\/1442\/revisions\/1695"}],"wp:attachment":[{"href":"https:\/\/ringospincasino.org\/it\/wp-json\/wp\/v2\/media?parent=1442"}],"curies":[{"name":"wp","href":"https:\/\/api.w.org\/{rel}","templated":true}]}}