{"id":1482,"date":"2026-02-02T09:20:24","date_gmt":"2026-02-02T09:20:24","guid":{"rendered":"https:\/\/ringospincasino.org\/login-and-registration\/"},"modified":"2026-02-02T15:51:11","modified_gmt":"2026-02-02T15:51:11","slug":"accesso-e-registrazione","status":"publish","type":"page","link":"https:\/\/ringospincasino.org\/it\/accesso-e-registrazione\/","title":{"rendered":"Accesso e registrazione"},"content":{"rendered":"<h1>Accesso e registrazione a RingoSpin<\/h1>\n<p>Il RingoSpin login offre il gioco online pi\u00f9 divertente, altamente sicuro, conveniente e con un numero enorme di giochi. I giocatori possono scegliere i loro titoli preferiti nella nostra grande libreria di oltre 6.000 giochi interattivi!<\/p>\n<p>Sulla nostra piattaforma, i giocatori possono controllare facilmente le loro vincite e limitare le ore di gioco quando lo desiderano. Possono partecipare a giochi emozionanti, prendere parte a tutte le nostre campagne promozionali e vivere un&#8217;esperienza di gioco senza interruzioni su vari dispositivi. RingoSpin Casino \u00e8 un luogo affidabile per il gioco d&#8217;azzardo online! Prendiamo sul serio la sicurezza dei nostri utenti italiani e implementiamo funzionalit\u00e0 avanzate.<\/p>\n<p><div class=\"banner-wrap\" aria-label=\"Banner\"><img src=\"https:\/\/ringospincasino.org\/wp-content\/uploads\/2026\/02\/Ringospin-banner-carousel-932\u0445400-4.webp\" class=\"w-100 d-none d-lg-block img-pc main-banner-img\" alt=\"ringospin bonus desktop\" fetchpriority=\"high\" decoding=\"async\"><img src=\"https:\/\/ringospincasino.org\/wp-content\/uploads\/2026\/02\/Group-376223.webp\" class=\"w-100 d-none d-md-block d-lg-none main-banner-img\" alt=\"ringospin bonus mobile\" fetchpriority=\"high\" decoding=\"async\"><img src=\"https:\/\/ringospincasino.org\/wp-content\/uploads\/2026\/02\/Group-376223.webp\" class=\"w-100 d-md-none\" alt=\"ringospin bonus mobile\" fetchpriority=\"high\" decoding=\"async\"><div class=\"banner-description\">\n<div class=\"banner-title\">Bonus di benvenuto<\/div>\n<p class=\"banner-header-title\">1500 \u20ac<\/p>\n<div class=\"banner-header-AdditionalText\">+ 250 Giri gratuiti<\/div>\n<button data-item=\"homepage_banner_link\" class=\"goto m-button m-gradient-border m-button--primary m-button--large banner-button btn-orange\">\n            <div class=\"m-button-content\">\n                <span>Iscriviti ora<\/span>\n                <span><\/span>\n            <\/div>\n        <\/button>\n<\/div>\n<div class=\"WelcomePack\">\n<p><img loading=\"lazy\" decoding=\"async\" class=\"alignnone size-full wp-image-1516\" src=\"https:\/\/ringospincasino.org\/wp-content\/uploads\/welcome-crown.svg\" alt=\"welcome crown\" width=\"25\" height=\"26\" \/><\/p>\n<div class=\"WelcomePack-Info\">Cashback settimanale fino al 25%<\/div>\n<p><img loading=\"lazy\" decoding=\"async\" class=\"alignnone size-full wp-image-1516\" src=\"https:\/\/ringospincasino.org\/wp-content\/uploads\/welcome-crown.svg\" alt=\"welcome crown\" width=\"25\" height=\"26\" \/><\/p>\n<\/div>\n<\/div><div class=\"scrollable-content-wrap my-5\"><div class=\"scrollable-content-inner\"><h2>Procedura di registrazione su RingoSpin<\/h2>\n<p>Ti invitiamo a registrarti con noi! La registrazione su RingoSpin Casino offre l&#8217;accesso a un pacchetto completo di funzionalit\u00e0 che miglioreranno l&#8217;esperienza di gioco. L&#8217;apertura di un conto, il tuo primo accesso a RingoSpin, sblocca le slot, i giochi di scommesse, Drops and Wins, i giochi originali e i titoli pi\u00f9 popolari da provare! La registrazione offre anche bonus speciali di RingoSpin Casino, tornei promozionali e un programma fedelt\u00e0 gratificante sia per i nuovi giocatori che per quelli esistenti.<\/p>\n<p>Il processo di registrazione su Ringo Spin \u00e8 semplice e veloce. I giocatori devono fornire alcune informazioni personali importanti:<\/p>\n<ul>\n<li>il loro indirizzo e-mail reale;<\/li>\n<li>una password sicura creata al momento della registrazione.<\/li>\n<\/ul>\n<p>Puoi effettuare il login su RingoSpin con l&#8217;indirizzo e-mail del tuo account Google e aggiungere il tuo nome e i tuoi dati di contatto in un secondo momento nelle impostazioni. Queste informazioni sono importanti per rispettare gli standard legali e verificare facilmente gli account.<\/p>\n<p>Il nostro sistema di registrazione al casin\u00f2 RingoSpin \u00e8 inoltre conforme agli standard del gioco responsabile. Pertanto, come potete comprendere, i membri del nostro casin\u00f2 Ringo Spin devono essere maggiorenni! Questa politica viene applicata per garantire la sicurezza dell&#8217;ambiente di gioco. Consente inoltre ai giocatori di limitare i propri limiti di gioco personali e di attivare funzioni di gioco responsabile, che promuovono un&#8217;esperienza sicura e controllata attraverso la registrazione.<\/p>\n<h3>Modifica dei dati personali su Ringo Spin<\/h3>\n<p>La dashboard dell&#8217;account consente ai giocatori di aggiornare le proprie informazioni personali in qualsiasi momento. \u00c8 possibile modificare i contatti personali, le impostazioni bancarie e di sicurezza. \u00c8 fondamentale disporre di dati corretti per consentire una verifica, un&#8217;elaborazione dei prelievi e una comunicazione senza intoppi. I protocolli di sicurezza di alto livello applicati alla nostra piattaforma garantiscono tutti gli aggiornamenti necessari per proteggere la tua privacy e l&#8217;integrit\u00e0 delle tue informazioni personali.<\/p>\n<p>L&#8217;aggiornamento frequente dei dati personali rende anche pi\u00f9 facile agire in conformit\u00e0 con le regole e mitigare la possibilit\u00e0 di attacchi hacker, attacchi bot e accessi non autorizzati all&#8217;account. Si consiglia ai giocatori di Ringo Spin di aggiornare le informazioni del proprio account di tanto in tanto e di fornirci sempre i documenti pertinenti se e quando richiesto durante i processi di verifica.<\/p>\n<h2>Passaggi per l&#8217;accesso a RingoSpin<\/h2>\n<p>Accedere al tuo account RingoSpin Casino \u00e8 un processo molto semplice e sicuro:<\/p>\n<ol>\n<li>Trova la sezione di accesso in alto a destra nella home page di Ringo Spin Casino.<\/li>\n<li>Digita il tuo indirizzo e-mail registrato e la password.<\/li>\n<li>Clicca sul pulsante di accesso a Ringo Spin ed entra nel tuo account.<\/li>\n<\/ol>\n<p>Una volta effettuato l&#8217;accesso a RingoSpin, i giocatori possono depositare e prelevare le vincite, riscattare le offerte bonus e visualizzare la cronologia delle loro transazioni, oltre a configurare il proprio account utilizzando una dashboard ben progettata e facile da usare.<\/p>\n<p>Ti consigliamo inoltre di attivare la 2FA, ovvero l&#8217;autenticazione a due fattori per l&#8217;accesso a RingoSpin, per fornire un ulteriore livello di protezione. In questo modo sar\u00e0 pi\u00f9 facile proteggere il tuo account da utenti non autorizzati e garantirti la massima tranquillit\u00e0.<\/p>\n<p>L&#8217;esperienza di gioco su RingoSpin \u00e8 semplice e sicura, poich\u00e9 i giocatori possono visualizzare i registri delle attivit\u00e0 del proprio account, aggiornare le informazioni personali e di pagamento e accedere alle offerte esclusive di Ringo Spin dal nostro casin\u00f2!<\/p>\n<h3>Proteggi il tuo account<\/h3>\n<p>RingoSpin Casino \u00e8 molto attento alla sicurezza. Per proteggere il tuo account, ti suggeriamo di utilizzare l&#8217;autenticazione a due fattori con il backup di Google, di utilizzare una password forte e unica e di non condividere alcuna informazione relativa al tuo login su RingoSpin.<\/p>\n<p>Sai che l&#8217;attivit\u00e0 regolare dell&#8217;account pu\u00f2 essere utilizzata per rilevare eventuali transazioni illegali. Il nostro sistema dispone di elevati livelli di sicurezza che garantiscono la riservatezza e l&#8217;integrit\u00e0 dei dati durante l&#8217;aggiornamento.<\/p>\n<p>I giocatori devono rivolgersi al nostro team di assistenza non appena notano qualcosa di sospetto o se i loro account vengono temporaneamente bloccati. La prassi standard per mantenere la sicurezza dell&#8217;account e la conformit\u00e0 normativa prevede che tu ci invii i tuoi documenti di identit\u00e0 reali e dimostri di essere una persona reale che vive da qualche parte (quindi abbiamo bisogno anche delle tue bollette, che ci consentono di capire che sei un essere umano e un cittadino). Questa misura previene le frodi e consente solo ai giocatori idonei di accedere alla piattaforma.<\/p>\n<h2>Accesso all&#8217;account<\/h2>\n<p>Per avere accesso a tutte le funzionalit\u00e0 di RingoSpin Casino e goderti i nostri fantastici giochi, \u00e8 essenziale avere un accesso sicuro e affidabile all&#8217;account. Le migliori pratiche da adottare da parte dei giocatori includono:<\/p>\n<table>\n<tbody>\n<tr>\n<td>Suggerimento di sicurezza<\/td>\n<td>Descrizione<\/td>\n<\/tr>\n<tr>\n<td>Abilita l&#8217;autenticazione a due fattori<\/td>\n<td>Aggiunge un ulteriore livello di sicurezza al tuo account.<\/td>\n<\/tr>\n<tr>\n<td>Utilizza password complesse e uniche<\/td>\n<td>Impedisce accessi non autorizzati e bot.<\/td>\n<\/tr>\n<tr>\n<td>Mantieni riservati i dati di accesso a RingoSpin<\/td>\n<td>Proteggiti dall&#8217;accesso di altri.<\/td>\n<\/tr>\n<tr>\n<td>Controlla l&#8217;attivit\u00e0 del tuo account<\/td>\n<td>Rileva tempestivamente le transazioni sospette.<\/td>\n<\/tr>\n<tr>\n<td>Supera il processo di verifica<\/td>\n<td>Conferma l&#8217;identit\u00e0 e previene le frodi.<\/td>\n<\/tr>\n<\/tbody>\n<\/table>\n<p>Il team di assistenza multilingue lavora in tempo reale. Contattaci per qualsiasi problema tramite la chat live (pulsante con le cuffie qui sotto): basta compilare un breve modulo con il tuo nome e indirizzo e-mail e avviare il chatbot Ringo Spin, ti risponderemo subito! Possiamo verificare qualsiasi problema relativo al tuo account, come i blocchi temporanei. Il recupero dell&#8217;account pu\u00f2 anche essere verificato come procedura standard, in particolare a seguito di attivit\u00e0 sospette.<\/p>\n<h2>Domande frequenti<\/h2>\n<h3>Posso accedere da pi\u00f9 dispositivi?<\/h3>\n<p>L&#8217;accesso multi-dispositivo a RingoSpin \u00e8 consentito! Tutti i nostri giocatori possono utilizzare i propri account su desktop, tablet e smartphone senza compromettere la sicurezza. Grazie alla sincronizzazione, \u00e8 garantita la coerenza delle informazioni di gioco e dell&#8217;account su tutti i dispositivi.<\/p>\n<h3>Perch\u00e9 il sistema continua a disconnettermi?<\/h3>\n<p>Sei sicuro di aver completato tutti i passaggi che ci dimostrano che sei una persona reale? Hai superato la verifica? A volte pu\u00f2 essere un problema, o forse provi ad accedere a RingoSpin cos\u00ec tante volte che il nostro sistema pensa che tu sia un bot pazzo che vuole intromettersi. Requisiti di sicurezza, malfunzionamenti del browser o timeout del browser possono causare frequenti disconnessioni. Ti consigliamo di scrivere al team di assistenza e spiegare la situazione.<\/p>\n<h3>Il login su RingoSpin \u00e8 sicuro?<\/h3>\n<p>Noi di Ringo Spin utilizziamo crittografia di alto livello, autenticazione a due fattori e misure rigorose per proteggere le informazioni dei nostri utenti e limitare gli accessi non autorizzati. Quindi siamo sicuramente affidabili! Frequenti controlli di sicurezza garantiscono inoltre un ambiente di gioco sicuro.<\/p>\n<\/div><\/div><\/p>\n","protected":false},"excerpt":{"rendered":"<p>Accesso e registrazione a RingoSpin Il RingoSpin login offre il gioco online pi\u00f9 divertente, altamente sicuro, conveniente e con un numero enorme di giochi. I giocatori possono scegliere i loro titoli preferiti nella nostra grande libreria di oltre 6.000 giochi interattivi! Sulla nostra piattaforma, i giocatori possono controllare facilmente le loro vincite e limitare le [&hellip;]<\/p>\n","protected":false},"author":11,"featured_media":0,"parent":0,"menu_order":0,"comment_status":"closed","ping_status":"closed","template":"template-builder.php","meta":{"_acf_changed":false,"inline_featured_image":false,"footnotes":""},"class_list":["post-1482","page","type-page","status-publish","hentry"],"acf":[],"yoast_head":"<!-- This site is optimized with the Yoast SEO plugin v24.4 - https:\/\/yoast.com\/wordpress\/plugins\/seo\/ -->\n<title>RingoSpin Login &amp; Sign Up<\/title>\n<meta name=\"description\" content=\"RingoSpin Login \u2013 accedi in sicurezza o registrati in pochi minuti con accesso protetto. Gestisci verifica, recupero password e impostazioni del profilo su Ringo Spin.\" \/>\n<meta name=\"robots\" content=\"index, follow, max-snippet:-1, max-image-preview:large, max-video-preview:-1\" \/>\n<link rel=\"canonical\" href=\"https:\/\/ringospincasino.org\/it\/accesso-e-registrazione\/\" \/>\n<meta property=\"og:locale\" content=\"it_IT\" \/>\n<meta property=\"og:type\" content=\"article\" \/>\n<meta property=\"og:title\" content=\"RingoSpin Login &amp; Sign Up\" \/>\n<meta property=\"og:description\" content=\"RingoSpin Login \u2013 accedi in sicurezza o registrati in pochi minuti con accesso protetto. Gestisci verifica, recupero password e impostazioni del profilo su Ringo Spin.\" \/>\n<meta property=\"og:url\" content=\"https:\/\/ringospincasino.org\/it\/accesso-e-registrazione\/\" \/>\n<meta property=\"og:site_name\" content=\"ringospin\" \/>\n<meta property=\"article:modified_time\" content=\"2026-02-02T15:51:11+00:00\" \/>\n<meta name=\"twitter:card\" content=\"summary_large_image\" \/>\n<meta name=\"twitter:label1\" content=\"Est. reading time\" \/>\n\t<meta name=\"twitter:data1\" content=\"1 minuto\" \/>\n<script type=\"application\/ld+json\" class=\"yoast-schema-graph\">{\"@context\":\"https:\/\/schema.org\",\"@graph\":[{\"@type\":\"WebPage\",\"@id\":\"https:\/\/ringospincasino.org\/it\/accesso-e-registrazione\/\",\"url\":\"https:\/\/ringospincasino.org\/it\/accesso-e-registrazione\/\",\"name\":\"RingoSpin Login & Sign Up\",\"isPartOf\":{\"@id\":\"https:\/\/ringospincasino.org\/it\/#website\"},\"datePublished\":\"2026-02-02T09:20:24+00:00\",\"dateModified\":\"2026-02-02T15:51:11+00:00\",\"description\":\"RingoSpin Login \u2013 accedi in sicurezza o registrati in pochi minuti con accesso protetto. Gestisci verifica, recupero password e impostazioni del profilo su Ringo Spin.\",\"breadcrumb\":{\"@id\":\"https:\/\/ringospincasino.org\/it\/accesso-e-registrazione\/#breadcrumb\"},\"inLanguage\":\"it-IT\",\"potentialAction\":[{\"@type\":\"ReadAction\",\"target\":[\"https:\/\/ringospincasino.org\/it\/accesso-e-registrazione\/\"]}]},{\"@type\":\"BreadcrumbList\",\"@id\":\"https:\/\/ringospincasino.org\/it\/accesso-e-registrazione\/#breadcrumb\",\"itemListElement\":[{\"@type\":\"ListItem\",\"position\":1,\"name\":\"Ringospin\",\"item\":\"https:\/\/ringospincasino.org\/it\/\"},{\"@type\":\"ListItem\",\"position\":2,\"name\":\"Accesso e registrazione\"}]},{\"@type\":\"WebSite\",\"@id\":\"https:\/\/ringospincasino.org\/it\/#website\",\"url\":\"https:\/\/ringospincasino.org\/it\/\",\"name\":\"Ringospin\",\"description\":\"\",\"publisher\":{\"@id\":\"https:\/\/ringospincasino.org\/it\/#organization\"},\"potentialAction\":[{\"@type\":\"SearchAction\",\"target\":{\"@type\":\"EntryPoint\",\"urlTemplate\":\"https:\/\/ringospincasino.org\/it\/?s={search_term_string}\"},\"query-input\":{\"@type\":\"PropertyValueSpecification\",\"valueRequired\":true,\"valueName\":\"search_term_string\"}}],\"inLanguage\":\"it-IT\"},{\"@type\":\"Organization\",\"@id\":\"https:\/\/ringospincasino.org\/it\/#organization\",\"name\":\"Ringospin\",\"url\":\"https:\/\/ringospincasino.org\/it\/\",\"logo\":{\"@type\":\"ImageObject\",\"inLanguage\":\"it-IT\",\"@id\":\"https:\/\/ringospincasino.org\/it\/#\/schema\/logo\/image\/\",\"url\":\"https:\/\/ringospincasino.org\/wp-content\/uploads\/2026\/02\/logo-ringospin.svg\",\"contentUrl\":\"https:\/\/ringospincasino.org\/wp-content\/uploads\/2026\/02\/logo-ringospin.svg\",\"width\":139,\"height\":34,\"caption\":\"Ringospin\"},\"image\":{\"@id\":\"https:\/\/ringospincasino.org\/it\/#\/schema\/logo\/image\/\"}}]}<\/script>\n<!-- \/ Yoast SEO plugin. -->","yoast_head_json":{"title":"RingoSpin Login & Sign Up","description":"RingoSpin Login \u2013 accedi in sicurezza o registrati in pochi minuti con accesso protetto. Gestisci verifica, recupero password e impostazioni del profilo su Ringo Spin.","robots":{"index":"index","follow":"follow","max-snippet":"max-snippet:-1","max-image-preview":"max-image-preview:large","max-video-preview":"max-video-preview:-1"},"canonical":"https:\/\/ringospincasino.org\/it\/accesso-e-registrazione\/","og_locale":"it_IT","og_type":"article","og_title":"RingoSpin Login & Sign Up","og_description":"RingoSpin Login \u2013 accedi in sicurezza o registrati in pochi minuti con accesso protetto. Gestisci verifica, recupero password e impostazioni del profilo su Ringo Spin.","og_url":"https:\/\/ringospincasino.org\/it\/accesso-e-registrazione\/","og_site_name":"ringospin","article_modified_time":"2026-02-02T15:51:11+00:00","twitter_card":"summary_large_image","twitter_misc":{"Est. reading time":"1 minuto"},"schema":{"@context":"https:\/\/schema.org","@graph":[{"@type":"WebPage","@id":"https:\/\/ringospincasino.org\/it\/accesso-e-registrazione\/","url":"https:\/\/ringospincasino.org\/it\/accesso-e-registrazione\/","name":"RingoSpin Login & Sign Up","isPartOf":{"@id":"https:\/\/ringospincasino.org\/it\/#website"},"datePublished":"2026-02-02T09:20:24+00:00","dateModified":"2026-02-02T15:51:11+00:00","description":"RingoSpin Login \u2013 accedi in sicurezza o registrati in pochi minuti con accesso protetto. Gestisci verifica, recupero password e impostazioni del profilo su Ringo Spin.","breadcrumb":{"@id":"https:\/\/ringospincasino.org\/it\/accesso-e-registrazione\/#breadcrumb"},"inLanguage":"it-IT","potentialAction":[{"@type":"ReadAction","target":["https:\/\/ringospincasino.org\/it\/accesso-e-registrazione\/"]}]},{"@type":"BreadcrumbList","@id":"https:\/\/ringospincasino.org\/it\/accesso-e-registrazione\/#breadcrumb","itemListElement":[{"@type":"ListItem","position":1,"name":"Ringospin","item":"https:\/\/ringospincasino.org\/it\/"},{"@type":"ListItem","position":2,"name":"Accesso e registrazione"}]},{"@type":"WebSite","@id":"https:\/\/ringospincasino.org\/it\/#website","url":"https:\/\/ringospincasino.org\/it\/","name":"Ringospin","description":"","publisher":{"@id":"https:\/\/ringospincasino.org\/it\/#organization"},"potentialAction":[{"@type":"SearchAction","target":{"@type":"EntryPoint","urlTemplate":"https:\/\/ringospincasino.org\/it\/?s={search_term_string}"},"query-input":{"@type":"PropertyValueSpecification","valueRequired":true,"valueName":"search_term_string"}}],"inLanguage":"it-IT"},{"@type":"Organization","@id":"https:\/\/ringospincasino.org\/it\/#organization","name":"Ringospin","url":"https:\/\/ringospincasino.org\/it\/","logo":{"@type":"ImageObject","inLanguage":"it-IT","@id":"https:\/\/ringospincasino.org\/it\/#\/schema\/logo\/image\/","url":"https:\/\/ringospincasino.org\/wp-content\/uploads\/2026\/02\/logo-ringospin.svg","contentUrl":"https:\/\/ringospincasino.org\/wp-content\/uploads\/2026\/02\/logo-ringospin.svg","width":139,"height":34,"caption":"Ringospin"},"image":{"@id":"https:\/\/ringospincasino.org\/it\/#\/schema\/logo\/image\/"}}]}},"_links":{"self":[{"href":"https:\/\/ringospincasino.org\/it\/wp-json\/wp\/v2\/pages\/1482"}],"collection":[{"href":"https:\/\/ringospincasino.org\/it\/wp-json\/wp\/v2\/pages"}],"about":[{"href":"https:\/\/ringospincasino.org\/it\/wp-json\/wp\/v2\/types\/page"}],"author":[{"embeddable":true,"href":"https:\/\/ringospincasino.org\/it\/wp-json\/wp\/v2\/users\/11"}],"replies":[{"embeddable":true,"href":"https:\/\/ringospincasino.org\/it\/wp-json\/wp\/v2\/comments?post=1482"}],"version-history":[{"count":2,"href":"https:\/\/ringospincasino.org\/it\/wp-json\/wp\/v2\/pages\/1482\/revisions"}],"predecessor-version":[{"id":1757,"href":"https:\/\/ringospincasino.org\/it\/wp-json\/wp\/v2\/pages\/1482\/revisions\/1757"}],"wp:attachment":[{"href":"https:\/\/ringospincasino.org\/it\/wp-json\/wp\/v2\/media?parent=1482"}],"curies":[{"name":"wp","href":"https:\/\/api.w.org\/{rel}","templated":true}]}}