{"id":1444,"date":"2026-02-02T09:09:26","date_gmt":"2026-02-02T09:09:26","guid":{"rendered":"https:\/\/ringospincasino.org\/app\/"},"modified":"2026-02-02T16:28:17","modified_gmt":"2026-02-02T16:28:17","slug":"aplikacja","status":"publish","type":"page","link":"https:\/\/ringospincasino.org\/pl\/aplikacja\/","title":{"rendered":"Aplikacja"},"content":{"rendered":"<h1>Aplikacja RingoSpin<\/h1>\n<p>RingoSpin app to interaktywne oprogramowanie kasyna mobilnego dostosowane do potrzeb polskich klient\u00f3w, kt\u00f3rzy wymagaj\u0105 wysokiej jako\u015bci rozrywki przez ca\u0142y czas. Aplikacja RingoSpin jest nastawiona na bezpiecze\u0144stwo, wydajno\u015b\u0107 i po prostu dobr\u0105 zabaw\u0119! Wszyscy cz\u0142onkowie naszej przyjaznej spo\u0142eczno\u015bci maj\u0105 dost\u0119p do szerokiej gamy automat\u00f3w online, gier sto\u0142owych, gier z krupierem na \u017cywo i natychmiastowych wygranych.<\/p>\n<p>Kasyno RingoSpin oferuje najlepsze wra\u017cenia, zar\u00f3wno pod wzgl\u0119dem szybko\u015bci, jak i bezpiecze\u0144stwa, na urz\u0105dzeniach z systemem Android, iOS lub komputerach stacjonarnych, umo\u017cliwiaj\u0105c dost\u0119p do naszej ogromnej biblioteki gier. Ta w pe\u0142ni dostosowana platforma kasyna mobilnego zosta\u0142a zaprojektowana, aby zapewni\u0107 wci\u0105gaj\u0105ce wra\u017cenia dzi\u0119ki \u0142atwej nawigacji i natychmiastowej pomocy technicznej.<\/p>\n<div class=\"banner-wrap\" aria-label=\"Banner\"><img src=\"https:\/\/ringospincasino.org\/wp-content\/uploads\/2026\/02\/Ringospin-banner-carousel-932\u0445400-4.webp\" class=\"w-100 d-none d-lg-block img-pc main-banner-img\" alt=\"ringospin bonus desktop\" fetchpriority=\"high\" decoding=\"async\"><img src=\"https:\/\/ringospincasino.org\/wp-content\/uploads\/2026\/02\/Group-376223.webp\" class=\"w-100 d-none d-md-block d-lg-none main-banner-img\" alt=\"ringospin bonus mobile\" fetchpriority=\"high\" decoding=\"async\"><img src=\"https:\/\/ringospincasino.org\/wp-content\/uploads\/2026\/02\/Group-376223.webp\" class=\"w-100 d-md-none\" alt=\"ringospin bonus mobile\" fetchpriority=\"high\" decoding=\"async\"><div class=\"banner-description\">\n<div class=\"banner-title\">Bonusy powitalne<\/div>\n<p class=\"banner-header-title\">1500 \u20ac<\/p>\n<div class=\"banner-header-AdditionalText\">+ 250 Darmowe spiny<\/div>\n<button data-item=\"homepage_banner_link\" class=\"goto m-button m-gradient-border m-button--primary m-button--large banner-button btn-orange\">\n            <div class=\"m-button-content\">\n                <span>Zarejestruj si\u0119 teraz<\/span>\n                <span><\/span>\n            <\/div>\n        <\/button>\n<\/div>\n<div class=\"WelcomePack\">\n<p><img loading=\"lazy\" decoding=\"async\" class=\"alignnone size-full wp-image-1517\" src=\"https:\/\/ringospincasino.org\/wp-content\/uploads\/welcome-crown.svg\" alt=\"welcome crown\" width=\"25\" height=\"26\" \/><\/p>\n<div class=\"WelcomePack-Info\">Cotygodniowy zwrot got\u00f3wki do 25%<\/div>\n<p><img loading=\"lazy\" decoding=\"async\" class=\"alignnone size-full wp-image-1517\" src=\"https:\/\/ringospincasino.org\/wp-content\/uploads\/welcome-crown.svg\" alt=\"welcome crown\" width=\"25\" height=\"26\" \/><\/p>\n<\/div>\n<\/div>\n<h2>Funkcje aplikacji RingoSpin<\/h2>\n<p>Aplikacja RingoSpin Casino zosta\u0142a zaprojektowana z my\u015bl\u0105 o u\u017cytkowniku i ma nowoczesny wygl\u0105d. Nasza inicjatywa stworzenia jej w obecnej formie wynika z naszego zrozumienia nowoczesnych technologii i trend\u00f3w w kasynach. Chcemy, aby gra by\u0142a bardziej wci\u0105gaj\u0105ca na wszystkich urz\u0105dzeniach. Posiada r\u00f3wnie\u017c kilka funkcji, kt\u00f3re odr\u00f3\u017cniaj\u0105 j\u0105 od grania w tradycyjnych przegl\u0105darkach na komputerach stacjonarnych.<\/p>\n<p>Aplikacja charakteryzuje si\u0119 szybkim czasem \u0142adowania, minimalnym op\u00f3\u017anieniem w grach oraz p\u0142ynnymi przej\u015bciami, kt\u00f3re pozwalaj\u0105 graczom cieszy\u0107 si\u0119 nieprzerwan\u0105 rozgrywk\u0105. Zapewnia wysok\u0105 responsywno\u015b\u0107 dzi\u0119ki matrycy opartej na wydajno\u015bci, kt\u00f3ra mo\u017ce by\u0107 u\u017cywana na tabletach, smartfonach, komputerach PC i zasadniczo ka\u017cdym znanym Pa\u0144stwu nowoczesnym urz\u0105dzeniu. Ringo Spin cieszy si\u0119 ogromn\u0105 popularno\u015bci\u0105 w\u015br\u00f3d mi\u0142o\u015bnik\u00f3w kasyn mobilnych.<\/p>\n<p>Aplikacja RingoSpin traktuje bezpiecze\u0144stwo jako podstawow\u0105 zasad\u0119, dlatego wdro\u017cono zaawansowane wytyczne dotycz\u0105ce szyfrowania TLS, aby chroni\u0107 informacje u\u017cytkownik\u00f3w i zapewni\u0107 bezpiecze\u0144stwo transakcji. Aplikacja u\u0142atwia r\u00f3wnie\u017c proces weryfikacji, co upraszcza zarz\u0105dzanie kontem przy zachowaniu wysokiego poziomu prywatno\u015bci. Ponadto zintegrowane us\u0142ugi wsparcia, takie jak czat na \u017cywo, umo\u017cliwiaj\u0105 graczom uzyskanie pomocy w czasie rzeczywistym. W ten spos\u00f3b zapewniamy satysfakcj\u0119 wszystkim u\u017cytkownikom, a przyjazny dla u\u017cytkownika interfejs u\u0142atwia poruszanie si\u0119 po grze, dokonywanie wp\u0142at i konfigurowanie ustawie\u0144 konta, zapewniaj\u0105c klientom \u0142atw\u0105 i przyjemn\u0105 rozgrywk\u0119.<\/p>\n<p><div class=\"scrollable-content-wrap my-5\"><div class=\"scrollable-content-inner\"><h2>Aplikacja RingoSpin na iOS<\/h2>\n<p>U\u017cytkownicy systemu iOS mog\u0105 korzysta\u0107 z RingoSpin w uproszczonej wersji \u2014 w przegl\u0105darce Safari. Witryna jest w pe\u0142ni kompatybilna z urz\u0105dzeniami iPhone i iPad i zapewnia stabiln\u0105, responsywn\u0105 rozgrywk\u0119 bez konieczno\u015bci pobierania aplikacji z App Store.<\/p>\n<p>Aby wej\u015b\u0107 do RingoSpin na ekranie g\u0142\u00f3wnym, u\u017cytkownik musi tylko klikn\u0105\u0107 kwadrat i opcj\u0119 Dodaj do ekranu g\u0142\u00f3wnego, aby uzyska\u0107 szybki skr\u00f3t zapewniaj\u0105cy natychmiastowy dost\u0119p.<\/p>\n<p>Podej\u015bcie to jest zgodne z polityk\u0105 Apple dotycz\u0105c\u0105 aplikacji hazardowych online, dzi\u0119ki czemu jest ono zgodne z przepisami i bezpieczne. Wszystkie wa\u017cne funkcje \u2013 a mamy tu na my\u015bli rozgrywk\u0119, zarz\u0105dzanie kontem i wsparcie na czacie na \u017cywo \u2013 dzia\u0142aj\u0105 bez zarzutu! Nasza wersja na iOS jest zawsze \u015bwietna. Jest \u0142atwa w u\u017cyciu, bezpieczna i elastyczna w przypadku r\u00f3\u017cnych rozmiar\u00f3w ekran\u00f3w oraz zapewnia jednolite wra\u017cenia na wszystkich urz\u0105dzeniach z systemem iOS. Je\u015bli chcesz po prostu utworzy\u0107 skr\u00f3t bez \u0142adowania czegokolwiek.<\/p>\n<table>\n<tbody>\n<tr>\n<td>Platforma<\/td>\n<td>Jak utworzy\u0107 skr\u00f3t<\/td>\n<\/tr>\n<tr>\n<td rowspan=\"4\">System operacyjny Windows<\/td>\n<td>1. Otw\u00f3rz przegl\u0105dark\u0119 i przejd\u017a do strony RingoSpin.<\/td>\n<\/tr>\n<tr>\n<td>2. Kliknij menu przegl\u0105darki (trzy kropki lub linie).<\/td>\n<\/tr>\n<tr>\n<td>3. Wybierz \u201eUtw\u00f3rz skr\u00f3t\u201d, czyli ma\u0142\u0105 stron\u0119 z strza\u0142k\u0105 w d\u00f3\u0142 (Chrome), a nast\u0119pnie \u201eDodaj skr\u00f3t\u201d.<\/td>\n<\/tr>\n<tr>\n<td>4. Potwierd\u017a umieszczenie skr\u00f3tu na pulpicie.<\/td>\n<\/tr>\n<tr>\n<td rowspan=\"3\">macOS<\/td>\n<td>1. Otw\u00f3rz przegl\u0105dark\u0119 Safari lub Chrome i przejd\u017a do strony RingoSpin.<\/td>\n<\/tr>\n<tr>\n<td>2. W menu wybierz \u201eDodaj do ekranu g\u0142\u00f3wnego\u201d i kliknij, aby doda\u0107 adres URL.<\/td>\n<\/tr>\n<tr>\n<td>3. Nie jest wymagane \u017cadne dodatkowe oprogramowanie.<\/td>\n<\/tr>\n<\/tbody>\n<\/table>\n<h2><img loading=\"lazy\" decoding=\"async\" src=\"https:\/\/ringospincasino.org\/wp-content\/uploads\/2026\/02\/App4-3.webp\" alt=\"App4\" width=\"1248\" height=\"536\" \/><\/h2>\n<\/div><\/div><div style=\"clear: both\"><\/div><div class=\"d-flex justify-content-center\"><button data-item=\"decouvrez_link\" data-group=\"website_links\" class=\"goto fw-bold rounded-pill btn btn-orange\" aria-label=\"Pobierz aplikacj\u0119 Ringospin\" >Pobierz aplikacj\u0119 Ringospin<\/button><\/div><div class=\"scrollable-content-wrap my-5\"><div class=\"scrollable-content-inner\"><h2>Aplikacja RingoSpin dla systemu operacyjnego Android<\/h2>\n<p>Aplikacja RingoSpin to natywne oprogramowanie dla systemu Android, kt\u00f3re zapewnia r\u00f3wnowag\u0119 mi\u0119dzy prostot\u0105 a wydajno\u015bci\u0105. Aplikacja jest dost\u0119pna jako progresywna aplikacja internetowa. Ka\u017cdy z naszych graczy mo\u017ce j\u0105 zainstalowa\u0107 bez korzystania z tradycyjnych sklep\u00f3w z aplikacjami.<\/p>\n<p>Nie ma potrzeby \u0142adowania \u017cadnych plik\u00f3w APK bezpo\u015brednio na stronie RingoSpin Casino. Zapewnia to bezpieczny spos\u00f3b instalacji i natychmiastowe korzystanie ze wszystkich funkcji. Wersja na Androida zawiera wszystkie niezb\u0119dne funkcje, w tym wyb\u00f3r gier, us\u0142ugi zwi\u0105zane z kontem, bezpieczne transakcje i wsparcie na czacie na \u017cywo. Jest r\u00f3wnie\u017c skonfigurowana dla platform z ekranem dotykowym, dzi\u0119ki czemu mo\u017cna \u0142atwo porusza\u0107 si\u0119 po niej za pomoc\u0105 gest\u00f3w przesuwania i widocznych menu. Uprawnienia bezpiecze\u0144stwa aplikacji s\u0105 ograniczone do minimum, skupiaj\u0105 si\u0119 g\u0142\u00f3wnie na bezpiecznych p\u0142atno\u015bciach i aktualizacjach w czasie rzeczywistym, a prywatno\u015b\u0107 jest utrzymywana na najwy\u017cszym poziomie.<\/p>\n<h3>Instalacja na Androidzie<\/h3>\n<p>Aby zainstalowa\u0107 aplikacj\u0119 Ringospin, nale\u017cy:<\/p>\n<ol>\n<li>Klikn\u0105\u0107 przycisk \u201eAplikacja kasyna\u201d na dole strony naszego kasyna Ringo Spin.<\/li>\n<li>Zostaniesz przekierowany do linku pobierania naszej aplikacji PWA.<\/li>\n<\/ol>\n<p>Nast\u0119pnie wystarczy klikn\u0105\u0107 przycisk pobierania i poczeka\u0107, a\u017c na ekranie pojawi si\u0119 skr\u00f3t do Ringospin Casino. To wszystko.<\/p>\n<p><img loading=\"lazy\" decoding=\"async\" src=\"https:\/\/ringospincasino.org\/wp-content\/uploads\/2026\/02\/App2-2.webp\" alt=\"App2\" width=\"1248\" height=\"536\" \/><\/p>\n<\/div><\/div><div style=\"clear: both\"><\/div><div class=\"d-flex justify-content-center\"><button data-item=\"decouvrez_link\" data-group=\"website_links\" class=\"goto fw-bold rounded-pill btn btn-orange\" aria-label=\"Pobierz aplikacj\u0119 Ringospin\" >Pobierz aplikacj\u0119 Ringospin<\/button><\/div><div class=\"scrollable-content-wrap my-5\"><div class=\"scrollable-content-inner\"><h2>Wersja Ringo Spin Casino na komputery stacjonarne<\/h2>\n<p>Aplikacja komputerowa kasyna RingoSpin zapewnia pe\u0142ni\u0119 wra\u017ce\u0144 z gry, podobn\u0105 do tej, jak\u0105 oferuje wersja mobilna. Wersja komputerowa, kompatybilna z g\u0142\u00f3wnymi przegl\u0105darkami, takimi jak Chrome, Edge, Safari i Firefox, oferuje wi\u0119kszy interfejs graczom, kt\u00f3rzy chc\u0105 zanurzy\u0107 si\u0119 w grze. Projekt jest wygodny w nawigacji po kategoriach gier, ustawieniach konta i pomocy technicznej.<\/p>\n<p>Zawsze przyjemniej jest gra\u0107 na du\u017cym ekranie, wi\u0119c z nami mo\u017cesz gra\u0107 nawet na najwi\u0119kszych monitorach! Mo\u017cesz \u0142atwo doda\u0107 RingoSpin Casino do swojego komputera: w systemie Windows wystarczy otworzy\u0107 przegl\u0105dark\u0119, przej\u015b\u0107 do naszej strony Ringo Spin i utworzy\u0107 skr\u00f3t w menu. W przypadku przegl\u0105darek Safari lub Chrome na komputerach Mac dodaj aplikacj\u0119 Ringospin jako skr\u00f3t na pulpicie.<\/p>\n<h2>Kompatybilno\u015b\u0107 urz\u0105dze\u0144<\/h2>\n<p>RingoSpin zawsze dok\u0142ada wszelkich stara\u0144, aby zapewni\u0107 sp\u00f3jne wra\u017cenia z gry na wszystkich platformach. Aplikacja i platforma s\u0105 kompatybilne ze smartfonami, tabletami i komputerami stacjonarnymi oraz posiadaj\u0105 najnowsze systemy operacyjne, aby zapewni\u0107 bezpiecze\u0144stwo i wydajno\u015b\u0107.<\/p>\n<p>Kasyno mobilne jest kompatybilne z r\u00f3\u017cnymi rozmiarami ekran\u00f3w. Stworzyli\u015bmy bardzo prost\u0105 nawigacj\u0119 i dost\u0119p do pe\u0142nej biblioteki gier w jak najkr\u00f3tszym czasie. Aplikacja na komputery stacjonarne zosta\u0142a stworzona z bardziej szczeg\u00f3\u0142owym interfejsem i mo\u017ce by\u0107 u\u017cywana na wi\u0119kszych ekranach bez utraty funkcjonalno\u015bci lub wydajno\u015bci.<\/p>\n<p>Z przyjemno\u015bci\u0105 informujemy naszych u\u017cytkownik\u00f3w, \u017ce aplikacja RingoSpin na Androida jest kompatybilna z r\u00f3\u017cnymi urz\u0105dzeniami z systemem Android 6.0+. Jest przyjazna dla urz\u0105dze\u0144 (smartfon\u00f3w, tablet\u00f3w), a po jej zainstalowaniu mo\u017cna korzysta\u0107 z dynamicznej platformy do gier, kt\u00f3ra dostosowuje si\u0119 do ekran\u00f3w o dowolnym rozmiarze. Wydajno\u015b\u0107 aplikacji gwarantuje oszcz\u0119dno\u015b\u0107 baterii, szybkie \u0142adowanie funkcji i p\u0142ynne animacje, kt\u00f3re tak bardzo odpowiadaj\u0105 graczom kasynowym.<\/p>\n<p><img loading=\"lazy\" decoding=\"async\" src=\"https:\/\/ringospincasino.org\/wp-content\/uploads\/2026\/02\/App6-1.webp\" alt=\"App6\" width=\"1248\" height=\"536\" \/><\/p>\n<\/div><\/div><div style=\"clear: both\"><\/div><div class=\"d-flex justify-content-center\"><button data-item=\"decouvrez_link\" data-group=\"website_links\" class=\"goto fw-bold rounded-pill btn btn-orange\" aria-label=\"Pobierz aplikacj\u0119 Ringospin\" >Pobierz aplikacj\u0119 Ringospin<\/button><\/div><div class=\"scrollable-content-wrap my-5\"><div class=\"scrollable-content-inner\"><h2>FAQ<\/h2>\n<h3>Czym jest aplikacja RingoSpin PWA?<\/h3>\n<p>Progressive Web App (RingoSpin PWA) to lekka, oparta na przegl\u0105darce aplikacja naszego kasyna. Nie martw si\u0119 o dodatkowe pliki do pobrania \u2014 aplikacja Ringospin posiada wszystkie natywne funkcje i nie wymaga pobierania niczego! Aktualizuje si\u0119 r\u00f3wnie\u017c samodzielnie, dzi\u0119ki czemu gracze maj\u0105 zawsze dost\u0119p do najnowszych ulepsze\u0144 bezpiecze\u0144stwa i dodatk\u00f3w do gier. Aplikacja PWA mo\u017ce by\u0107 dostosowana do ka\u017cdego typu urz\u0105dzenia, charakteryzuje si\u0119 szybkim czasem \u0142adowania i obs\u0142ug\u0105 offline w ograniczonych warunkach.<\/p>\n<h3>Czy aplikacja jest zoptymalizowana pod k\u0105tem tablet\u00f3w i wi\u0119kszych ekran\u00f3w?<\/h3>\n<p>Zrobili\u015bmy wszystko, aby zoptymalizowa\u0107 j\u0105 pod k\u0105tem ka\u017cdego rozmiaru ekranu! Teraz jest ona w pe\u0142ni dostosowana do r\u00f3\u017cnych rozmiar\u00f3w ekran\u00f3w, takich jak tablety i du\u017ce ekrany. Gwarantuje to naszym cenionym u\u017cytkownikom bezb\u0142\u0119dne wra\u017cenia z gry zar\u00f3wno na smartfonie, jak i tablecie, a elementy interfejsu u\u017cytkownika s\u0105 dostosowane do najlepszej u\u017cyteczno\u015bci.<\/p>\n<h3>Czy wszystkie gry RingoSpin Casino s\u0105 dost\u0119pne w wersji PWA?<\/h3>\n<p>Wersja PWA oferuje bibliotek\u0119 gier RingoSpin Casino, takich jak automaty online, gry sto\u0142owe i kolekcje ksi\u0105\u017cek. Wszystkie nasze biblioteki s\u0105 wy\u015bwietlane w ten sam spos\u00f3b. Nie tracisz nic i mo\u017cesz cieszy\u0107 si\u0119 niezawodnymi i sp\u00f3jnymi wra\u017ceniami z gry przez ca\u0142y czas! Zawsze mo\u017cesz poprosi\u0107 nasz zesp\u00f3\u0142 pomocy technicznej o wyja\u015bnienie wszystkiego na temat naszego systemu i aplikacji \u2014 ch\u0119tnie s\u0142u\u017cymy pomoc\u0105.<\/p>\n<\/div><\/div><\/p>\n","protected":false},"excerpt":{"rendered":"<p>Aplikacja RingoSpin RingoSpin app to interaktywne oprogramowanie kasyna mobilnego dostosowane do potrzeb polskich klient\u00f3w, kt\u00f3rzy wymagaj\u0105 wysokiej jako\u015bci rozrywki przez ca\u0142y czas. Aplikacja RingoSpin jest nastawiona na bezpiecze\u0144stwo, wydajno\u015b\u0107 i po prostu dobr\u0105 zabaw\u0119! Wszyscy cz\u0142onkowie naszej przyjaznej spo\u0142eczno\u015bci maj\u0105 dost\u0119p do szerokiej gamy automat\u00f3w online, gier sto\u0142owych, gier z krupierem na \u017cywo i natychmiastowych [&hellip;]<\/p>\n","protected":false},"author":11,"featured_media":0,"parent":0,"menu_order":0,"comment_status":"closed","ping_status":"closed","template":"template-builder.php","meta":{"_acf_changed":false,"inline_featured_image":false,"footnotes":""},"class_list":["post-1444","page","type-page","status-publish","hentry"],"acf":[],"yoast_head":"<!-- This site is optimized with the Yoast SEO plugin v24.4 - https:\/\/yoast.com\/wordpress\/plugins\/seo\/ -->\n<title>RingoSpin App \u2013 Pobierz na iOS &amp; Android<\/title>\n<meta name=\"description\" content=\"RingoSpin App \u2013 pobierz na iOS i Android, aby gra\u0107 w mobilne kasyno. Dost\u0119p do slot\u00f3w, sto\u0142\u00f3w, jackpot\u00f3w i live dealer\u00f3w z pe\u0142n\u0105 synchronizacj\u0105 konta w Ringo Spin.\" \/>\n<meta name=\"robots\" content=\"index, follow, max-snippet:-1, max-image-preview:large, max-video-preview:-1\" \/>\n<link rel=\"canonical\" href=\"https:\/\/ringospincasino.org\/pl\/aplikacja\/\" \/>\n<meta property=\"og:locale\" content=\"pl_PL\" \/>\n<meta property=\"og:type\" content=\"article\" \/>\n<meta property=\"og:title\" content=\"RingoSpin App \u2013 Pobierz na iOS &amp; Android\" \/>\n<meta property=\"og:description\" content=\"RingoSpin App \u2013 pobierz na iOS i Android, aby gra\u0107 w mobilne kasyno. Dost\u0119p do slot\u00f3w, sto\u0142\u00f3w, jackpot\u00f3w i live dealer\u00f3w z pe\u0142n\u0105 synchronizacj\u0105 konta w Ringo Spin.\" \/>\n<meta property=\"og:url\" content=\"https:\/\/ringospincasino.org\/pl\/aplikacja\/\" \/>\n<meta property=\"og:site_name\" content=\"ringospin\" \/>\n<meta property=\"article:modified_time\" content=\"2026-02-02T16:28:17+00:00\" \/>\n<meta name=\"twitter:card\" content=\"summary_large_image\" \/>\n<meta name=\"twitter:label1\" content=\"Est. reading time\" \/>\n\t<meta name=\"twitter:data1\" content=\"2 minuty\" \/>\n<script type=\"application\/ld+json\" class=\"yoast-schema-graph\">{\"@context\":\"https:\/\/schema.org\",\"@graph\":[{\"@type\":\"WebPage\",\"@id\":\"https:\/\/ringospincasino.org\/pl\/aplikacja\/\",\"url\":\"https:\/\/ringospincasino.org\/pl\/aplikacja\/\",\"name\":\"RingoSpin App \u2013 Pobierz na iOS & Android\",\"isPartOf\":{\"@id\":\"https:\/\/ringospincasino.org\/pl\/#website\"},\"datePublished\":\"2026-02-02T09:09:26+00:00\",\"dateModified\":\"2026-02-02T16:28:17+00:00\",\"description\":\"RingoSpin App \u2013 pobierz na iOS i Android, aby gra\u0107 w mobilne kasyno. Dost\u0119p do slot\u00f3w, sto\u0142\u00f3w, jackpot\u00f3w i live dealer\u00f3w z pe\u0142n\u0105 synchronizacj\u0105 konta w Ringo Spin.\",\"breadcrumb\":{\"@id\":\"https:\/\/ringospincasino.org\/pl\/aplikacja\/#breadcrumb\"},\"inLanguage\":\"pl-PL\",\"potentialAction\":[{\"@type\":\"ReadAction\",\"target\":[\"https:\/\/ringospincasino.org\/pl\/aplikacja\/\"]}]},{\"@type\":\"BreadcrumbList\",\"@id\":\"https:\/\/ringospincasino.org\/pl\/aplikacja\/#breadcrumb\",\"itemListElement\":[{\"@type\":\"ListItem\",\"position\":1,\"name\":\"Ringospin\",\"item\":\"https:\/\/ringospincasino.org\/pl\/\"},{\"@type\":\"ListItem\",\"position\":2,\"name\":\"Aplikacja\"}]},{\"@type\":\"WebSite\",\"@id\":\"https:\/\/ringospincasino.org\/pl\/#website\",\"url\":\"https:\/\/ringospincasino.org\/pl\/\",\"name\":\"Ringospin\",\"description\":\"\",\"publisher\":{\"@id\":\"https:\/\/ringospincasino.org\/pl\/#organization\"},\"potentialAction\":[{\"@type\":\"SearchAction\",\"target\":{\"@type\":\"EntryPoint\",\"urlTemplate\":\"https:\/\/ringospincasino.org\/pl\/?s={search_term_string}\"},\"query-input\":{\"@type\":\"PropertyValueSpecification\",\"valueRequired\":true,\"valueName\":\"search_term_string\"}}],\"inLanguage\":\"pl-PL\"},{\"@type\":\"Organization\",\"@id\":\"https:\/\/ringospincasino.org\/pl\/#organization\",\"name\":\"Ringospin\",\"url\":\"https:\/\/ringospincasino.org\/pl\/\",\"logo\":{\"@type\":\"ImageObject\",\"inLanguage\":\"pl-PL\",\"@id\":\"https:\/\/ringospincasino.org\/pl\/#\/schema\/logo\/image\/\",\"url\":\"https:\/\/ringospincasino.org\/wp-content\/uploads\/2026\/02\/logo-ringospin.svg\",\"contentUrl\":\"https:\/\/ringospincasino.org\/wp-content\/uploads\/2026\/02\/logo-ringospin.svg\",\"width\":139,\"height\":34,\"caption\":\"Ringospin\"},\"image\":{\"@id\":\"https:\/\/ringospincasino.org\/pl\/#\/schema\/logo\/image\/\"}}]}<\/script>\n<!-- \/ Yoast SEO plugin. -->","yoast_head_json":{"title":"RingoSpin App \u2013 Pobierz na iOS & Android","description":"RingoSpin App \u2013 pobierz na iOS i Android, aby gra\u0107 w mobilne kasyno. Dost\u0119p do slot\u00f3w, sto\u0142\u00f3w, jackpot\u00f3w i live dealer\u00f3w z pe\u0142n\u0105 synchronizacj\u0105 konta w Ringo Spin.","robots":{"index":"index","follow":"follow","max-snippet":"max-snippet:-1","max-image-preview":"max-image-preview:large","max-video-preview":"max-video-preview:-1"},"canonical":"https:\/\/ringospincasino.org\/pl\/aplikacja\/","og_locale":"pl_PL","og_type":"article","og_title":"RingoSpin App \u2013 Pobierz na iOS & Android","og_description":"RingoSpin App \u2013 pobierz na iOS i Android, aby gra\u0107 w mobilne kasyno. Dost\u0119p do slot\u00f3w, sto\u0142\u00f3w, jackpot\u00f3w i live dealer\u00f3w z pe\u0142n\u0105 synchronizacj\u0105 konta w Ringo Spin.","og_url":"https:\/\/ringospincasino.org\/pl\/aplikacja\/","og_site_name":"ringospin","article_modified_time":"2026-02-02T16:28:17+00:00","twitter_card":"summary_large_image","twitter_misc":{"Est. reading time":"2 minuty"},"schema":{"@context":"https:\/\/schema.org","@graph":[{"@type":"WebPage","@id":"https:\/\/ringospincasino.org\/pl\/aplikacja\/","url":"https:\/\/ringospincasino.org\/pl\/aplikacja\/","name":"RingoSpin App \u2013 Pobierz na iOS & Android","isPartOf":{"@id":"https:\/\/ringospincasino.org\/pl\/#website"},"datePublished":"2026-02-02T09:09:26+00:00","dateModified":"2026-02-02T16:28:17+00:00","description":"RingoSpin App \u2013 pobierz na iOS i Android, aby gra\u0107 w mobilne kasyno. Dost\u0119p do slot\u00f3w, sto\u0142\u00f3w, jackpot\u00f3w i live dealer\u00f3w z pe\u0142n\u0105 synchronizacj\u0105 konta w Ringo Spin.","breadcrumb":{"@id":"https:\/\/ringospincasino.org\/pl\/aplikacja\/#breadcrumb"},"inLanguage":"pl-PL","potentialAction":[{"@type":"ReadAction","target":["https:\/\/ringospincasino.org\/pl\/aplikacja\/"]}]},{"@type":"BreadcrumbList","@id":"https:\/\/ringospincasino.org\/pl\/aplikacja\/#breadcrumb","itemListElement":[{"@type":"ListItem","position":1,"name":"Ringospin","item":"https:\/\/ringospincasino.org\/pl\/"},{"@type":"ListItem","position":2,"name":"Aplikacja"}]},{"@type":"WebSite","@id":"https:\/\/ringospincasino.org\/pl\/#website","url":"https:\/\/ringospincasino.org\/pl\/","name":"Ringospin","description":"","publisher":{"@id":"https:\/\/ringospincasino.org\/pl\/#organization"},"potentialAction":[{"@type":"SearchAction","target":{"@type":"EntryPoint","urlTemplate":"https:\/\/ringospincasino.org\/pl\/?s={search_term_string}"},"query-input":{"@type":"PropertyValueSpecification","valueRequired":true,"valueName":"search_term_string"}}],"inLanguage":"pl-PL"},{"@type":"Organization","@id":"https:\/\/ringospincasino.org\/pl\/#organization","name":"Ringospin","url":"https:\/\/ringospincasino.org\/pl\/","logo":{"@type":"ImageObject","inLanguage":"pl-PL","@id":"https:\/\/ringospincasino.org\/pl\/#\/schema\/logo\/image\/","url":"https:\/\/ringospincasino.org\/wp-content\/uploads\/2026\/02\/logo-ringospin.svg","contentUrl":"https:\/\/ringospincasino.org\/wp-content\/uploads\/2026\/02\/logo-ringospin.svg","width":139,"height":34,"caption":"Ringospin"},"image":{"@id":"https:\/\/ringospincasino.org\/pl\/#\/schema\/logo\/image\/"}}]}},"_links":{"self":[{"href":"https:\/\/ringospincasino.org\/pl\/wp-json\/wp\/v2\/pages\/1444"}],"collection":[{"href":"https:\/\/ringospincasino.org\/pl\/wp-json\/wp\/v2\/pages"}],"about":[{"href":"https:\/\/ringospincasino.org\/pl\/wp-json\/wp\/v2\/types\/page"}],"author":[{"embeddable":true,"href":"https:\/\/ringospincasino.org\/pl\/wp-json\/wp\/v2\/users\/11"}],"replies":[{"embeddable":true,"href":"https:\/\/ringospincasino.org\/pl\/wp-json\/wp\/v2\/comments?post=1444"}],"version-history":[{"count":2,"href":"https:\/\/ringospincasino.org\/pl\/wp-json\/wp\/v2\/pages\/1444\/revisions"}],"predecessor-version":[{"id":1828,"href":"https:\/\/ringospincasino.org\/pl\/wp-json\/wp\/v2\/pages\/1444\/revisions\/1828"}],"wp:attachment":[{"href":"https:\/\/ringospincasino.org\/pl\/wp-json\/wp\/v2\/media?parent=1444"}],"curies":[{"name":"wp","href":"https:\/\/api.w.org\/{rel}","templated":true}]}}