{"id":1483,"date":"2026-02-02T09:20:24","date_gmt":"2026-02-02T09:20:24","guid":{"rendered":"https:\/\/ringospincasino.org\/login-and-registration\/"},"modified":"2026-02-02T16:03:59","modified_gmt":"2026-02-02T16:03:59","slug":"logowanie-i-rejestracja","status":"publish","type":"page","link":"https:\/\/ringospincasino.org\/pl\/logowanie-i-rejestracja\/","title":{"rendered":"Logowanie i rejestracja"},"content":{"rendered":"<h1>Logowanie i rejestracja w RingoSpin<\/h1>\n<p>RingoSpin login zapewnia najprzyjemniejsz\u0105 rozrywk\u0119 online, kt\u00f3ra jest bardzo bezpieczna, wygodna i oferuje ogromn\u0105 liczb\u0119 gier. Gracze mog\u0105 wybiera\u0107 swoje ulubione tytu\u0142y z naszej ogromnej biblioteki zawieraj\u0105cej ponad 6 000 interaktywnych gier!<\/p>\n<p>Na naszej platformie gracze mog\u0105 \u0142atwo kontrolowa\u0107 swoje wygrane i ogranicza\u0107 czas gry, kiedy tylko chc\u0105. Mog\u0105 bra\u0107 udzia\u0142 w ekscytuj\u0105cych grach, uczestniczy\u0107 we wszystkich naszych kampaniach promocyjnych i cieszy\u0107 si\u0119 p\u0142ynn\u0105 rozgrywk\u0105 na r\u00f3\u017cnych urz\u0105dzeniach. Kasyno RingoSpin to niezawodne miejsce do hazardu online! Powa\u017cnie traktujemy bezpiecze\u0144stwo naszych polskich u\u017cytkownik\u00f3w i wdra\u017camy zaawansowane funkcje.<\/p>\n<p><div class=\"banner-wrap\" aria-label=\"Banner\"><img src=\"https:\/\/ringospincasino.org\/wp-content\/uploads\/2026\/02\/Ringospin-banner-carousel-932\u0445400-4.webp\" class=\"w-100 d-none d-lg-block img-pc main-banner-img\" alt=\"ringospin bonus desktop\" fetchpriority=\"high\" decoding=\"async\"><img src=\"https:\/\/ringospincasino.org\/wp-content\/uploads\/2026\/02\/Group-376223.webp\" class=\"w-100 d-none d-md-block d-lg-none main-banner-img\" alt=\"ringospin bonus mobile\" fetchpriority=\"high\" decoding=\"async\"><img src=\"https:\/\/ringospincasino.org\/wp-content\/uploads\/2026\/02\/Group-376223.webp\" class=\"w-100 d-md-none\" alt=\"ringospin bonus mobile\" fetchpriority=\"high\" decoding=\"async\"><div class=\"banner-description\">\n<div class=\"banner-title\">Bonusy powitalne<\/div>\n<p class=\"banner-header-title\">1500 \u20ac<\/p>\n<div class=\"banner-header-AdditionalText\">+ 250 Darmowe spiny<\/div>\n<button data-item=\"homepage_banner_link\" class=\"goto m-button m-gradient-border m-button--primary m-button--large banner-button btn-orange\">\n            <div class=\"m-button-content\">\n                <span>Zarejestruj si\u0119 teraz<\/span>\n                <span><\/span>\n            <\/div>\n        <\/button>\n<\/div>\n<div class=\"WelcomePack\">\n<p><img loading=\"lazy\" decoding=\"async\" class=\"alignnone size-full wp-image-1517\" src=\"https:\/\/ringospincasino.org\/wp-content\/uploads\/welcome-crown.svg\" alt=\"welcome crown\" width=\"25\" height=\"26\" \/><\/p>\n<div class=\"WelcomePack-Info\">Cotygodniowy zwrot got\u00f3wki do 25%<\/div>\n<p><img loading=\"lazy\" decoding=\"async\" class=\"alignnone size-full wp-image-1517\" src=\"https:\/\/ringospincasino.org\/wp-content\/uploads\/welcome-crown.svg\" alt=\"welcome crown\" width=\"25\" height=\"26\" \/><\/p>\n<\/div>\n<\/div><div class=\"scrollable-content-wrap my-5\"><div class=\"scrollable-content-inner\"><h2>Procedura rejestracji w RingoSpin<\/h2>\n<p>Zapraszamy do rejestracji! Rejestracja w kasynie RingoSpin zapewnia dost\u0119p do pe\u0142nego pakietu funkcji, kt\u00f3re poprawi\u0105 wra\u017cenia z gry. Otwarcie konta \u2014 pierwsze logowanie do RingoSpin \u2014 odblokowuje automaty, gry bukmacherskie, Drops and Wins, oryginalne gry i najlepsze tytu\u0142y do wypr\u00f3bowania! Rejestracja oferuje r\u00f3wnie\u017c specjalne bonusy kasyna RingoSpin, turnieje promocyjne i satysfakcjonuj\u0105cy program lojalno\u015bciowy zar\u00f3wno dla nowych, jak i obecnych graczy.<\/p>\n<p>Proces rejestracji w Ringo Spin jest prosty i szybki. Gracze musz\u0105 poda\u0107 kilka wa\u017cnych danych osobowych:<\/p>\n<ul>\n<li>prawdziwy adres e-mail;<\/li>\n<li>bezpieczne has\u0142o utworzone podczas rejestracji.<\/li>\n<\/ul>\n<p>Mo\u017cesz zalogowa\u0107 si\u0119 do RingoSpin za pomoc\u0105 adresu e-mail swojego konta Google, a tak\u017ce doda\u0107 swoje imi\u0119 i nazwisko oraz dane kontaktowe w ustawieniach. Informacje te s\u0105 wa\u017cne dla zachowania zgodno\u015bci z normami prawnymi i \u0142atwej weryfikacji kont.<\/p>\n<p>Nasz system rejestracji w kasynie RingoSpin jest r\u00f3wnie\u017c zgodny z normami odpowiedzialnej gry. Jak wi\u0119c rozumiesz, cz\u0142onkowie naszego kasyna Ringo Spin musz\u0105 by\u0107 pe\u0142noletni! Polityka ta s\u0142u\u017cy zapewnieniu bezpiecze\u0144stwa \u015brodowiska gry. Umo\u017cliwia ona r\u00f3wnie\u017c graczom ograniczenie osobistych limit\u00f3w gry i w\u0142\u0105czenie funkcji odpowiedzialnej gry, co promuje bezpieczne i kontrolowane do\u015bwiadczenia poprzez rejestracj\u0119.<\/p>\n<h3>Zmiana danych osobowych w Ringo Spin<\/h3>\n<p>Panel konta pozwala graczom na aktualizacj\u0119 swoich danych osobowych w dowolnym momencie. Mo\u017cna zmieni\u0107 dane kontaktowe, ustawienia bankowe i zabezpieczenia. Posiadanie prawid\u0142owych danych ma kluczowe znaczenie dla p\u0142ynnej weryfikacji, przetwarzania wyp\u0142at i komunikacji. Wysokopoziomowe protoko\u0142y bezpiecze\u0144stwa stosowane na naszej platformie zapewniaj\u0105 wszystkie aktualizacje w celu ochrony prywatno\u015bci i integralno\u015bci danych osobowych.<\/p>\n<p>Cz\u0119sta aktualizacja danych osobowych u\u0142atwia r\u00f3wnie\u017c dzia\u0142anie zgodnie z zasadami i ogranicza mo\u017cliwo\u015b\u0107 atak\u00f3w hakerskich, atak\u00f3w bot\u00f3w i nieautoryzowanego dost\u0119pu do konta. Gracze Ringo Spin powinni od czasu do czasu aktualizowa\u0107 informacje o swoim koncie i zawsze dostarcza\u0107 nam odpowiednie dokumenty, je\u015bli zostan\u0105 o to poproszeni podczas procesu weryfikacji.<\/p>\n<h2>Kroki logowania do RingoSpin<\/h2>\n<p>Logowanie do konta w kasynie RingoSpin jest bardzo \u0142atwym i bezpiecznym procesem:<\/p>\n<ol>\n<li>Znajd\u017a sekcj\u0119 logowania w prawym g\u00f3rnym rogu strony g\u0142\u00f3wnej Ringo Spin Casino.<\/li>\n<li>Wpisz sw\u00f3j zarejestrowany adres e-mail i has\u0142o.<\/li>\n<li>Kliknij przycisk logowania Ringo Spin i wejd\u017a na swoje konto.<\/li>\n<\/ol>\n<p>Po zalogowaniu si\u0119 do RingoSpin gracze mog\u0105 wp\u0142aca\u0107 i wyp\u0142aca\u0107 wygrane, realizowa\u0107 oferty bonusowe i przegl\u0105da\u0107 histori\u0119 swoich transakcji, a tak\u017ce konfigurowa\u0107 swoje konto za pomoc\u0105 dobrze zaprojektowanego i \u0142atwego w obs\u0142udze panelu.<\/p>\n<p>Zalecamy r\u00f3wnie\u017c w\u0142\u0105czenie 2FA \u2014 dwusk\u0142adnikowego uwierzytelniania dla logowania do RingoSpin \u2014 aby zapewni\u0107 dodatkow\u0105 warstw\u0119 ochrony. U\u0142atwi to zabezpieczenie konta przed nieuprawnionymi u\u017cytkownikami, a tak\u017ce zagwarantuje spok\u00f3j ducha.<\/p>\n<p>Gra w RingoSpin jest prosta i bezpieczna, poniewa\u017c gracze mog\u0105 przegl\u0105da\u0107 dzienniki aktywno\u015bci swojego konta, aktualizowa\u0107 dane osobowe i informacje dotycz\u0105ce p\u0142atno\u015bci oraz uzyska\u0107 dost\u0119p do ekskluzywnych ofert Ringo Spin w naszym kasynie!<\/p>\n<h3>Ochrona konta<\/h3>\n<p>Kasyno RingoSpin przywi\u0105zuje du\u017c\u0105 wag\u0119 do bezpiecze\u0144stwa. Aby chroni\u0107 swoje konto, zalecamy korzystanie z uwierzytelniania dwusk\u0142adnikowego z kopi\u0105 zapasow\u0105 Google, u\u017cywanie silnego i unikalnego has\u0142a oraz nieudost\u0119pnianie \u017cadnych informacji zwi\u0105zanych z logowaniem do RingoSpin.<\/p>\n<p>Wiesz, \u017ce regularna aktywno\u015b\u0107 na koncie mo\u017ce s\u0142u\u017cy\u0107 do wykrywania wszelkich nielegalnych transakcji. Nasz system posiada wysokie \u015brodki bezpiecze\u0144stwa, kt\u00f3re gwarantuj\u0105 poufno\u015b\u0107 i integralno\u015b\u0107 danych podczas ich aktualizacji.<\/p>\n<p>Gracze powinni skontaktowa\u0107 si\u0119 z naszym zespo\u0142em pomocy technicznej, gdy tylko zauwa\u017c\u0105 co\u015b podejrzanego lub je\u015bli ich konta zostan\u0105 tymczasowo zablokowane. Standardowa praktyka zapewniania bezpiecze\u0144stwa konta i zgodno\u015bci z przepisami wymaga od Ciebie przes\u0142ania nam swoich prawdziwych dokument\u00f3w to\u017csamo\u015bci i udowodnienia, \u017ce jeste\u015b prawdziw\u0105 osob\u0105 mieszkaj\u0105c\u0105 gdzie\u015b (potrzebujemy wi\u0119c r\u00f3wnie\u017c Twoich rachunk\u00f3w za media, dzi\u0119ki czemu wiemy, \u017ce jeste\u015b cz\u0142owiekiem i obywatelem). \u015arodek ten zapobiega oszustwom i pozwala na korzystanie z platformy tylko graczom, kt\u00f3rzy si\u0119 do tego kwalifikuj\u0105.<\/p>\n<h2>Dost\u0119p do konta<\/h2>\n<p>Aby uzyska\u0107 dost\u0119p do pe\u0142nej funkcjonalno\u015bci kasyna RingoSpin i cieszy\u0107 si\u0119 naszymi fajnymi grami, nale\u017cy pami\u0119ta\u0107, \u017ce niezb\u0119dny jest bezpieczny i niezawodny dost\u0119p do konta. Najlepsze praktyki, kt\u00f3re powinni stosowa\u0107 gracze, obejmuj\u0105:<\/p>\n<table>\n<tbody>\n<tr>\n<td>Wskaz\u00f3wka dotycz\u0105ca bezpiecze\u0144stwa<\/td>\n<td>Opis<\/td>\n<\/tr>\n<tr>\n<td>W\u0142\u0105cz uwierzytelnianie dwusk\u0142adnikowe<\/td>\n<td>Dodaje dodatkow\u0105 warstw\u0119 bezpiecze\u0144stwa do Twojego konta.<\/td>\n<\/tr>\n<tr>\n<td>U\u017cywaj silnych, unikalnych hase\u0142<\/td>\n<td>Zapobiega nieautoryzowanemu dost\u0119powi i dzia\u0142aniu bot\u00f3w.<\/td>\n<\/tr>\n<tr>\n<td>Zachowaj poufno\u015b\u0107 danych logowania do RingoSpin<\/td>\n<td>Zabezpiecz si\u0119 przed dost\u0119pem innych os\u00f3b.<\/td>\n<\/tr>\n<tr>\n<td>Sprawdzaj aktywno\u015b\u0107 konta<\/td>\n<td>Wcze\u015bnie wykrywa podejrzane transakcje.<\/td>\n<\/tr>\n<tr>\n<td>Przejd\u017a proces weryfikacji<\/td>\n<td>Potwierd\u017a swoj\u0105 to\u017csamo\u015b\u0107 i zapobiegaj oszustwom.<\/td>\n<\/tr>\n<\/tbody>\n<\/table>\n<p>Wieloj\u0119zyczny zesp\u00f3\u0142 wsparcia technicznego dzia\u0142a w czasie rzeczywistym. W razie jakichkolwiek problem\u00f3w skontaktuj si\u0119 z nami za po\u015brednictwem czatu na \u017cywo (przycisk z s\u0142uchawkami poni\u017cej) \u2014 wystarczy wype\u0142ni\u0107 kr\u00f3tki formularz, podaj\u0105c swoje imi\u0119 i nazwisko oraz adres e-mail, a nast\u0119pnie uruchomi\u0107 chatbota Ringo Spin, a my skontaktujemy si\u0119 z Tob\u0105! Mo\u017cemy sprawdzi\u0107 wszelkie problemy zwi\u0105zane z Twoim kontem, takie jak tymczasowe blokady. Odzyskanie konta mo\u017ce r\u00f3wnie\u017c zosta\u0107 zweryfikowane jako standardowa procedura, szczeg\u00f3lnie po podejrzanej aktywno\u015bci.<\/p>\n<h2>FAQ<\/h2>\n<h3>Czy mog\u0119 logowa\u0107 si\u0119 z wielu urz\u0105dze\u0144?<\/h3>\n<p>Logowanie do RingoSpin z wielu urz\u0105dze\u0144 jest mo\u017cliwe! Wszyscy nasi gracze mog\u0105 korzysta\u0107 ze swoich kont na komputerach stacjonarnych, tabletach i smartfonach bez utraty bezpiecze\u0144stwa. Dzi\u0119ki synchronizacji gwarantujemy sp\u00f3jno\u015b\u0107 rozgrywki i informacji o koncie na wszystkich urz\u0105dzeniach.<\/p>\n<h3>Dlaczego system ci\u0105gle mnie wylogowuje?<\/h3>\n<p>Czy na pewno wykona\u0142e\u015b wszystkie kroki, kt\u00f3re potwierdzaj\u0105, \u017ce jeste\u015b prawdziw\u0105 osob\u0105? Czy przeszed\u0142e\u015b weryfikacj\u0119? Czasami mo\u017ce to stanowi\u0107 problem, a mo\u017ce pr\u00f3bujesz zalogowa\u0107 si\u0119 do RingoSpin tak wiele razy, \u017ce nasz system uwa\u017ca Ci\u0119 za szalonego bota, kt\u00f3ry chce si\u0119 w\u0142ama\u0107. Wymagania bezpiecze\u0144stwa, awarie przegl\u0105darki lub przekroczenie limitu czasu przegl\u0105darki mog\u0105 powodowa\u0107 cz\u0119ste wylogowania. Zalecamy skontaktowanie si\u0119 z zespo\u0142em pomocy technicznej i wyja\u015bnienie sytuacji.<\/p>\n<h3>Czy logowanie do RingoSpin jest bezpieczne?<\/h3>\n<p>W Ringo Spin stosujemy zaawansowane szyfrowanie, uwierzytelnianie dwusk\u0142adnikowe i silne \u015brodki bezpiecze\u0144stwa, aby chroni\u0107 informacje naszych u\u017cytkownik\u00f3w i ograniczy\u0107 nieautoryzowany dost\u0119p. Z pewno\u015bci\u0105 jeste\u015bmy godni zaufania! Cz\u0119ste audyty bezpiecze\u0144stwa zapewniaj\u0105 r\u00f3wnie\u017c bezpieczne \u015brodowisko gry.<\/p>\n<\/div><\/div><\/p>\n","protected":false},"excerpt":{"rendered":"<p>Logowanie i rejestracja w RingoSpin RingoSpin login zapewnia najprzyjemniejsz\u0105 rozrywk\u0119 online, kt\u00f3ra jest bardzo bezpieczna, wygodna i oferuje ogromn\u0105 liczb\u0119 gier. Gracze mog\u0105 wybiera\u0107 swoje ulubione tytu\u0142y z naszej ogromnej biblioteki zawieraj\u0105cej ponad 6 000 interaktywnych gier! Na naszej platformie gracze mog\u0105 \u0142atwo kontrolowa\u0107 swoje wygrane i ogranicza\u0107 czas gry, kiedy tylko chc\u0105. Mog\u0105 bra\u0107 [&hellip;]<\/p>\n","protected":false},"author":11,"featured_media":0,"parent":0,"menu_order":0,"comment_status":"closed","ping_status":"closed","template":"template-builder.php","meta":{"_acf_changed":false,"inline_featured_image":false,"footnotes":""},"class_list":["post-1483","page","type-page","status-publish","hentry"],"acf":[],"yoast_head":"<!-- This site is optimized with the Yoast SEO plugin v24.4 - https:\/\/yoast.com\/wordpress\/plugins\/seo\/ -->\n<title>RingoSpin Login &amp; Sign Up<\/title>\n<meta name=\"description\" content=\"RingoSpin Login \u2013 zaloguj si\u0119 bezpiecznie lub zarejestruj w kilka minut dzi\u0119ki szyfrowanemu dost\u0119powi. Zarz\u0105dzaj weryfikacj\u0105, has\u0142em i profilem w Ringo Spin.\" \/>\n<meta name=\"robots\" content=\"index, follow, max-snippet:-1, max-image-preview:large, max-video-preview:-1\" \/>\n<link rel=\"canonical\" href=\"https:\/\/ringospincasino.org\/pl\/logowanie-i-rejestracja\/\" \/>\n<meta property=\"og:locale\" content=\"pl_PL\" \/>\n<meta property=\"og:type\" content=\"article\" \/>\n<meta property=\"og:title\" content=\"RingoSpin Login &amp; Sign Up\" \/>\n<meta property=\"og:description\" content=\"RingoSpin Login \u2013 zaloguj si\u0119 bezpiecznie lub zarejestruj w kilka minut dzi\u0119ki szyfrowanemu dost\u0119powi. Zarz\u0105dzaj weryfikacj\u0105, has\u0142em i profilem w Ringo Spin.\" \/>\n<meta property=\"og:url\" content=\"https:\/\/ringospincasino.org\/pl\/logowanie-i-rejestracja\/\" \/>\n<meta property=\"og:site_name\" content=\"ringospin\" \/>\n<meta property=\"article:modified_time\" content=\"2026-02-02T16:03:59+00:00\" \/>\n<meta name=\"twitter:card\" content=\"summary_large_image\" \/>\n<meta name=\"twitter:label1\" content=\"Est. reading time\" \/>\n\t<meta name=\"twitter:data1\" content=\"1 minuta\" \/>\n<script type=\"application\/ld+json\" class=\"yoast-schema-graph\">{\"@context\":\"https:\/\/schema.org\",\"@graph\":[{\"@type\":\"WebPage\",\"@id\":\"https:\/\/ringospincasino.org\/pl\/logowanie-i-rejestracja\/\",\"url\":\"https:\/\/ringospincasino.org\/pl\/logowanie-i-rejestracja\/\",\"name\":\"RingoSpin Login & Sign Up\",\"isPartOf\":{\"@id\":\"https:\/\/ringospincasino.org\/pl\/#website\"},\"datePublished\":\"2026-02-02T09:20:24+00:00\",\"dateModified\":\"2026-02-02T16:03:59+00:00\",\"description\":\"RingoSpin Login \u2013 zaloguj si\u0119 bezpiecznie lub zarejestruj w kilka minut dzi\u0119ki szyfrowanemu dost\u0119powi. Zarz\u0105dzaj weryfikacj\u0105, has\u0142em i profilem w Ringo Spin.\",\"breadcrumb\":{\"@id\":\"https:\/\/ringospincasino.org\/pl\/logowanie-i-rejestracja\/#breadcrumb\"},\"inLanguage\":\"pl-PL\",\"potentialAction\":[{\"@type\":\"ReadAction\",\"target\":[\"https:\/\/ringospincasino.org\/pl\/logowanie-i-rejestracja\/\"]}]},{\"@type\":\"BreadcrumbList\",\"@id\":\"https:\/\/ringospincasino.org\/pl\/logowanie-i-rejestracja\/#breadcrumb\",\"itemListElement\":[{\"@type\":\"ListItem\",\"position\":1,\"name\":\"Ringospin\",\"item\":\"https:\/\/ringospincasino.org\/pl\/\"},{\"@type\":\"ListItem\",\"position\":2,\"name\":\"Logowanie i rejestracja\"}]},{\"@type\":\"WebSite\",\"@id\":\"https:\/\/ringospincasino.org\/pl\/#website\",\"url\":\"https:\/\/ringospincasino.org\/pl\/\",\"name\":\"Ringospin\",\"description\":\"\",\"publisher\":{\"@id\":\"https:\/\/ringospincasino.org\/pl\/#organization\"},\"potentialAction\":[{\"@type\":\"SearchAction\",\"target\":{\"@type\":\"EntryPoint\",\"urlTemplate\":\"https:\/\/ringospincasino.org\/pl\/?s={search_term_string}\"},\"query-input\":{\"@type\":\"PropertyValueSpecification\",\"valueRequired\":true,\"valueName\":\"search_term_string\"}}],\"inLanguage\":\"pl-PL\"},{\"@type\":\"Organization\",\"@id\":\"https:\/\/ringospincasino.org\/pl\/#organization\",\"name\":\"Ringospin\",\"url\":\"https:\/\/ringospincasino.org\/pl\/\",\"logo\":{\"@type\":\"ImageObject\",\"inLanguage\":\"pl-PL\",\"@id\":\"https:\/\/ringospincasino.org\/pl\/#\/schema\/logo\/image\/\",\"url\":\"https:\/\/ringospincasino.org\/wp-content\/uploads\/2026\/02\/logo-ringospin.svg\",\"contentUrl\":\"https:\/\/ringospincasino.org\/wp-content\/uploads\/2026\/02\/logo-ringospin.svg\",\"width\":139,\"height\":34,\"caption\":\"Ringospin\"},\"image\":{\"@id\":\"https:\/\/ringospincasino.org\/pl\/#\/schema\/logo\/image\/\"}}]}<\/script>\n<!-- \/ Yoast SEO plugin. -->","yoast_head_json":{"title":"RingoSpin Login & Sign Up","description":"RingoSpin Login \u2013 zaloguj si\u0119 bezpiecznie lub zarejestruj w kilka minut dzi\u0119ki szyfrowanemu dost\u0119powi. Zarz\u0105dzaj weryfikacj\u0105, has\u0142em i profilem w Ringo Spin.","robots":{"index":"index","follow":"follow","max-snippet":"max-snippet:-1","max-image-preview":"max-image-preview:large","max-video-preview":"max-video-preview:-1"},"canonical":"https:\/\/ringospincasino.org\/pl\/logowanie-i-rejestracja\/","og_locale":"pl_PL","og_type":"article","og_title":"RingoSpin Login & Sign Up","og_description":"RingoSpin Login \u2013 zaloguj si\u0119 bezpiecznie lub zarejestruj w kilka minut dzi\u0119ki szyfrowanemu dost\u0119powi. Zarz\u0105dzaj weryfikacj\u0105, has\u0142em i profilem w Ringo Spin.","og_url":"https:\/\/ringospincasino.org\/pl\/logowanie-i-rejestracja\/","og_site_name":"ringospin","article_modified_time":"2026-02-02T16:03:59+00:00","twitter_card":"summary_large_image","twitter_misc":{"Est. reading time":"1 minuta"},"schema":{"@context":"https:\/\/schema.org","@graph":[{"@type":"WebPage","@id":"https:\/\/ringospincasino.org\/pl\/logowanie-i-rejestracja\/","url":"https:\/\/ringospincasino.org\/pl\/logowanie-i-rejestracja\/","name":"RingoSpin Login & Sign Up","isPartOf":{"@id":"https:\/\/ringospincasino.org\/pl\/#website"},"datePublished":"2026-02-02T09:20:24+00:00","dateModified":"2026-02-02T16:03:59+00:00","description":"RingoSpin Login \u2013 zaloguj si\u0119 bezpiecznie lub zarejestruj w kilka minut dzi\u0119ki szyfrowanemu dost\u0119powi. Zarz\u0105dzaj weryfikacj\u0105, has\u0142em i profilem w Ringo Spin.","breadcrumb":{"@id":"https:\/\/ringospincasino.org\/pl\/logowanie-i-rejestracja\/#breadcrumb"},"inLanguage":"pl-PL","potentialAction":[{"@type":"ReadAction","target":["https:\/\/ringospincasino.org\/pl\/logowanie-i-rejestracja\/"]}]},{"@type":"BreadcrumbList","@id":"https:\/\/ringospincasino.org\/pl\/logowanie-i-rejestracja\/#breadcrumb","itemListElement":[{"@type":"ListItem","position":1,"name":"Ringospin","item":"https:\/\/ringospincasino.org\/pl\/"},{"@type":"ListItem","position":2,"name":"Logowanie i rejestracja"}]},{"@type":"WebSite","@id":"https:\/\/ringospincasino.org\/pl\/#website","url":"https:\/\/ringospincasino.org\/pl\/","name":"Ringospin","description":"","publisher":{"@id":"https:\/\/ringospincasino.org\/pl\/#organization"},"potentialAction":[{"@type":"SearchAction","target":{"@type":"EntryPoint","urlTemplate":"https:\/\/ringospincasino.org\/pl\/?s={search_term_string}"},"query-input":{"@type":"PropertyValueSpecification","valueRequired":true,"valueName":"search_term_string"}}],"inLanguage":"pl-PL"},{"@type":"Organization","@id":"https:\/\/ringospincasino.org\/pl\/#organization","name":"Ringospin","url":"https:\/\/ringospincasino.org\/pl\/","logo":{"@type":"ImageObject","inLanguage":"pl-PL","@id":"https:\/\/ringospincasino.org\/pl\/#\/schema\/logo\/image\/","url":"https:\/\/ringospincasino.org\/wp-content\/uploads\/2026\/02\/logo-ringospin.svg","contentUrl":"https:\/\/ringospincasino.org\/wp-content\/uploads\/2026\/02\/logo-ringospin.svg","width":139,"height":34,"caption":"Ringospin"},"image":{"@id":"https:\/\/ringospincasino.org\/pl\/#\/schema\/logo\/image\/"}}]}},"_links":{"self":[{"href":"https:\/\/ringospincasino.org\/pl\/wp-json\/wp\/v2\/pages\/1483"}],"collection":[{"href":"https:\/\/ringospincasino.org\/pl\/wp-json\/wp\/v2\/pages"}],"about":[{"href":"https:\/\/ringospincasino.org\/pl\/wp-json\/wp\/v2\/types\/page"}],"author":[{"embeddable":true,"href":"https:\/\/ringospincasino.org\/pl\/wp-json\/wp\/v2\/users\/11"}],"replies":[{"embeddable":true,"href":"https:\/\/ringospincasino.org\/pl\/wp-json\/wp\/v2\/comments?post=1483"}],"version-history":[{"count":2,"href":"https:\/\/ringospincasino.org\/pl\/wp-json\/wp\/v2\/pages\/1483\/revisions"}],"predecessor-version":[{"id":1765,"href":"https:\/\/ringospincasino.org\/pl\/wp-json\/wp\/v2\/pages\/1483\/revisions\/1765"}],"wp:attachment":[{"href":"https:\/\/ringospincasino.org\/pl\/wp-json\/wp\/v2\/media?parent=1483"}],"curies":[{"name":"wp","href":"https:\/\/api.w.org\/{rel}","templated":true}]}}